{"id":99394,"date":"2024-08-12T14:19:35","date_gmt":"2024-08-12T13:04:18","guid":{"rendered":"https:\/\/poppers-online.ch\/produkt\/bator-balm-177ml-crema-per-masturbazione-a-lunga-durata-gentlemans\/"},"modified":"2026-04-04T12:13:29","modified_gmt":"2026-04-04T10:13:29","slug":"bator-balm-177ml-crema-per-masturbazione-a-lunga-durata-gentlemans","status":"publish","type":"product","link":"https:\/\/poppers-online.ch\/it\/prodotto\/bator-balm-177ml-crema-per-masturbazione-a-lunga-durata-gentlemans\/","title":{"rendered":"Bator Balm 177ml &#8211; Crema per masturbazione a lunga durata Gentlemans"},"content":{"rendered":"","protected":false},"excerpt":{"rendered":"<p>Prenditi cura di te stesso per poterti occupare meglio di tutto il resto.<\/p>\n<p>Nessuno ne parla davvero, ma considera l&#8217;importanza della gestione della libido. Ecco perch\u00e9 il Balsamo di Bator ha richiesto 10 anni di ricerca e sviluppo negli Stati Uniti. Il creatore del Bator Balm ha investito infinite ore in test per raggiungere la consistenza e l&#8217;attrito perfetti. Sono state sessioni davvero lunghe. Ha sviluppato un prodotto con un alto livello di attenzione perch\u00e9 gli uomini se lo meritano. <strong>Bator Balm 177ml &#8211; Gentlemans Long Lasting Masturbation Cream<\/strong> \u00e8 la migliore crema per la masturbazione per tutti gli &#8220;Edgers&#8221; pi\u00f9 esigenti. Gli uomini sono come delle batterie sessuali. Ricarichiamo la nostra libido in modo naturale e costante. \u00c8 necessaria una gestione efficace per mantenere la nostra sanit\u00e0 mentale attraverso la riproduzione o la &#8220;cura di s\u00e9&#8221;. Bator Balm \u00e8 stato progettato per prendere in mano la situazione. Pu\u00f2 durare quanto te. Concentrati sul tuo divertimento senza distrazioni come la frequente essiccazione del tuo pezzo migliore. Dopo il grande pasticcio, pulire con un asciugamano asciutto \u00e8 facile. Il Balsamo Bator ti lascia una sensazione di pulizia e un profumo fresco con un leggero sentore di legno di cedro e resina di copale. Prenditi cura di te stesso per poterti prendere ancora pi\u00f9 cura degli altri.    <\/p>\n<p>Ottieni un barattolo pieno di puro piacere maschile, sviluppato appositamente per le sessioni di me-time pi\u00f9 lunghe. Tieni presente che il Balsamo di Bator si liquefa se conservato ad alte temperature. Ma non preoccuparti se questo accade. Lascia il balsamo a temperatura ambiente. In questo modo si solidificher\u00e0 nuovamente e sar\u00e0 pronto per la tua prossima sessione di autocura.    <\/p>\n","protected":false},"featured_media":99388,"comment_status":"open","ping_status":"closed","template":"","meta":{"_acf_changed":false,"iawp_total_views":32,"_glsr_average":0,"_glsr_ranking":0,"_glsr_reviews":0},"product_brand":[],"product_cat":[2068,168],"product_tag":[],"class_list":{"0":"post-99394","1":"product","2":"type-product","3":"status-publish","4":"has-post-thumbnail","6":"product_cat-lubrificanti","7":"product_cat-farmacia","9":"first","10":"instock","11":"taxable","12":"shipping-taxable","13":"purchasable","14":"product-type-simple"},"acf":[],"_links":{"self":[{"href":"https:\/\/poppers-online.ch\/it\/wp-json\/wp\/v2\/product\/99394","targetHints":{"allow":["GET"]}}],"collection":[{"href":"https:\/\/poppers-online.ch\/it\/wp-json\/wp\/v2\/product"}],"about":[{"href":"https:\/\/poppers-online.ch\/it\/wp-json\/wp\/v2\/types\/product"}],"replies":[{"embeddable":true,"href":"https:\/\/poppers-online.ch\/it\/wp-json\/wp\/v2\/comments?post=99394"}],"wp:featuredmedia":[{"embeddable":true,"href":"https:\/\/poppers-online.ch\/it\/wp-json\/wp\/v2\/media\/99388"}],"wp:attachment":[{"href":"https:\/\/poppers-online.ch\/it\/wp-json\/wp\/v2\/media?parent=99394"}],"wp:term":[{"taxonomy":"product_brand","embeddable":true,"href":"https:\/\/poppers-online.ch\/it\/wp-json\/wp\/v2\/product_brand?post=99394"},{"taxonomy":"product_cat","embeddable":true,"href":"https:\/\/poppers-online.ch\/it\/wp-json\/wp\/v2\/product_cat?post=99394"},{"taxonomy":"product_tag","embeddable":true,"href":"https:\/\/poppers-online.ch\/it\/wp-json\/wp\/v2\/product_tag?post=99394"}],"curies":[{"name":"wp","href":"https:\/\/api.w.org\/{rel}","templated":true}]}}