{"id":99249,"date":"2024-08-10T15:15:41","date_gmt":"2024-08-10T13:15:41","guid":{"rendered":"https:\/\/poppers-online.ch\/produkt\/gioca-a-deep-poppers-combo\/"},"modified":"2026-03-02T13:07:29","modified_gmt":"2026-03-02T12:07:29","slug":"play-deep-popper-combo","status":"publish","type":"product","link":"https:\/\/poppers-online.ch\/it\/prodotto\/play-deep-popper-combo\/","title":{"rendered":"Play Deep Popper Combo"},"content":{"rendered":"","protected":false},"excerpt":{"rendered":"<p><strong>Play Deep Popper Combo<\/strong> \u00e8 composto da 3 boccette di popper: GLORY HOLE Popper 10ml, ALL BLACK Extra Strong Popper 30ml e BDSM ULTRA Popper 24ml.<\/p>\n<p><strong>GLORY HOLE Popper 10ml <\/strong>\u00e8 sul mercato dal 2023 e contiene l&#8217;ex nitrito di pentile genuino. Questo Popper \u00e8 dedicato a tutti gli appassionati di sesso orale la cui bocca non ne ha mai abbastanza. Grazie all&#8217;<strong>intensit\u00e0 6<\/strong> di questa boccetta, i fan di Gloryhole e gli esperti del sesso orale ne vorranno sempre di pi\u00f9. GLORY HOLE Popper \u00e8 disponibile anche in una boccetta da 24 ml.   <\/p>\n<p><strong>BLACK FIST Extra Strong Popper 30ml<\/strong> \u00e8 extra forte e ti aiuta a inserire il tuo dildo ALL BLACK preferito nel tuo buco rilassato e teso. BLACK FIST Extra Strong Popper 30ml contiene il nitrito alchilico meno dannoso, chiamato nitrito di esile. Con una intensit\u00e0 di 6 su 6, BLACK FIST Extra Strong Popper \u00e8 uno dei popper pi\u00f9 forti sul mercato ed \u00e8 disponibile in un flacone da 30 ml con un tappo facile da aprire. Goditi infinite esperienze sessuali con i dildo anali neri di ALL BLACK e le sessioni hot fist e assicurati una notte di sesso bollente con i BLACK FIST Extra Strong Popper.   <\/p>\n<p><strong>BDSM ULTRA Popper 24ml <\/strong>\u00e8 sul mercato dal 2023 e contiene l&#8217;ex nitrito di pentile genuino. Questo Popper per utenti esperti \u00e8 un must per la tua prossima sessione BDSM. Grazie all&#8217;<strong>intensit\u00e0 6 <\/strong>di questa boccetta, tu e ogni schiavo sottomesso avrete il massimo. BDSM ULTRA Popper \u00e8 ultra duro, intenso e duraturo ed \u00e8 disponibile anche in una boccetta da 10 ml.   <\/p>\n","protected":false},"featured_media":102938,"comment_status":"open","ping_status":"closed","template":"","meta":{"_acf_changed":false,"iawp_total_views":3,"_glsr_average":0,"_glsr_ranking":0,"_glsr_reviews":0},"product_brand":[],"product_cat":[1047,104,109,112],"product_tag":[],"class_list":{"0":"post-99249","1":"product","2":"type-product","3":"status-publish","4":"has-post-thumbnail","6":"product_cat-popper","7":"product_cat-confezioni-value","8":"product_cat-boccette-grandi","9":"product_cat-boccette-piccole","10":"pa_flaschenform-rotonda-piccola","11":"pa_gewindegroesse-piccola","12":"pa_inhalt-combo","13":"pa_inhalt-30ml","14":"pa_inhalt-24ml","15":"pa_inhalt-10ml","16":"pa_inhaltsstoffe-nitrito-di-pentile","17":"pa_inhaltsstoffe-nitrito-esile","18":"pa_marke-oxy-edition-it","19":"pa_marke-royal-hexagon","20":"pa_staerke-105","22":"first","23":"instock","24":"sale","25":"taxable","26":"shipping-taxable","27":"purchasable","28":"product-type-simple"},"acf":[],"_links":{"self":[{"href":"https:\/\/poppers-online.ch\/it\/wp-json\/wp\/v2\/product\/99249","targetHints":{"allow":["GET"]}}],"collection":[{"href":"https:\/\/poppers-online.ch\/it\/wp-json\/wp\/v2\/product"}],"about":[{"href":"https:\/\/poppers-online.ch\/it\/wp-json\/wp\/v2\/types\/product"}],"replies":[{"embeddable":true,"href":"https:\/\/poppers-online.ch\/it\/wp-json\/wp\/v2\/comments?post=99249"}],"wp:featuredmedia":[{"embeddable":true,"href":"https:\/\/poppers-online.ch\/it\/wp-json\/wp\/v2\/media\/102938"}],"wp:attachment":[{"href":"https:\/\/poppers-online.ch\/it\/wp-json\/wp\/v2\/media?parent=99249"}],"wp:term":[{"taxonomy":"product_brand","embeddable":true,"href":"https:\/\/poppers-online.ch\/it\/wp-json\/wp\/v2\/product_brand?post=99249"},{"taxonomy":"product_cat","embeddable":true,"href":"https:\/\/poppers-online.ch\/it\/wp-json\/wp\/v2\/product_cat?post=99249"},{"taxonomy":"product_tag","embeddable":true,"href":"https:\/\/poppers-online.ch\/it\/wp-json\/wp\/v2\/product_tag?post=99249"}],"curies":[{"name":"wp","href":"https:\/\/api.w.org\/{rel}","templated":true}]}}