{"id":99241,"date":"2024-08-10T14:52:58","date_gmt":"2024-08-10T12:52:58","guid":{"rendered":"https:\/\/poppers-online.ch\/produkt\/deep-sniff-una-storia-di-popper-e-futuro-queer\/"},"modified":"2024-10-24T16:43:25","modified_gmt":"2024-10-24T14:43:25","slug":"deep-sniff-una-storia-di-popper-e-futuro-queer","status":"publish","type":"product","link":"https:\/\/poppers-online.ch\/it\/prodotto\/deep-sniff-una-storia-di-popper-e-futuro-queer\/","title":{"rendered":"DEEP SNIFF: una storia di popper e futuro queer"},"content":{"rendered":"","protected":false},"excerpt":{"rendered":"<p><em><strong>DEEP SNIFF: A History of Poppers and Queer Futures (Storia del Popper e del Futuro Queer)<\/strong><\/em> \u00e8 l&#8217;affascinante storia di come il popper sia passato dai laboratori ai bar gay, ai sexy shop, alle camere da letto e ai film porno.<br \/>\nGrazie a un mix di ricerca storica e di osservazione astuta, Adam Zmith esplora le forze culturali e le improbabili connessioni che si celano dietro il potere del popper. <\/p>\n<p>Quello che emerge non \u00e8 solo una storia di scippi, panico virale e muscoli.<br \/>\n\u00c8 una raccolta di idee fresche e provocatorie sull&#8217;identit\u00e0, il sesso, l&#8217;utopia, il capitalismo, la legge, la libert\u00e0 e i corpi con cui viviamo il mondo.<br \/>\nQuello che inizia come un attento esame del popper, Deep Sniff diventa un manifesto per divertirsi con il popper.<br \/>\nUna storia sociale e personale affascinante e divertente di una droga sottovalutata.<br \/>\nZmith riesce a catturare non solo l&#8217;affascinante storia del popper e il suo ruolo nella vita queer, ma anche il piacere ad esso associato.    <\/p>\n<p>&#8220;Assorbente, tumultuosa, accuratamente studiata e assolutamente celebrativa, Deep Sniff \u00e8 esattamente il tipo di storia queer di cui abbiamo bisogno in questo momento. Attraverso l&#8217;inebriante prisma del popper, Zmith esplora il corpo queer con tanta curiosit\u00e0 e sfumature, rivelando come la ricerca di un piacere autonomo sia davvero politica e continua.&#8221; &#8211; Richard Scott, autore di Soho.<\/p>\n<p>&#8220;Deep Sniff&#8221; di Adam Zmith \u00e8 un affascinante approfondimento sulla storia di un aspetto quotidiano, ma raramente considerato, della vita maschile gay tra la fine del XX e l&#8217;inizio del XX secolo. Poppers. Deep Sniff mescola abilmente storia, esperienza personale e commenti culturali ed \u00e8 un notevole contributo alla storia queer.&#8221; &#8211; Hugh Ryan, autore di When Brooklyn Was Queer.<\/p>\n","protected":false},"featured_media":99238,"comment_status":"open","ping_status":"closed","template":"","meta":{"_acf_changed":false,"iawp_total_views":1,"_glsr_average":0,"_glsr_ranking":0,"_glsr_reviews":0},"product_brand":[],"product_cat":[151],"product_tag":[],"class_list":{"0":"post-99241","1":"product","2":"type-product","3":"status-publish","4":"has-post-thumbnail","6":"product_cat-accessori-popper","8":"first","9":"instock","10":"taxable","11":"shipping-taxable","12":"purchasable","13":"product-type-simple"},"acf":[],"_links":{"self":[{"href":"https:\/\/poppers-online.ch\/it\/wp-json\/wp\/v2\/product\/99241","targetHints":{"allow":["GET"]}}],"collection":[{"href":"https:\/\/poppers-online.ch\/it\/wp-json\/wp\/v2\/product"}],"about":[{"href":"https:\/\/poppers-online.ch\/it\/wp-json\/wp\/v2\/types\/product"}],"replies":[{"embeddable":true,"href":"https:\/\/poppers-online.ch\/it\/wp-json\/wp\/v2\/comments?post=99241"}],"wp:featuredmedia":[{"embeddable":true,"href":"https:\/\/poppers-online.ch\/it\/wp-json\/wp\/v2\/media\/99238"}],"wp:attachment":[{"href":"https:\/\/poppers-online.ch\/it\/wp-json\/wp\/v2\/media?parent=99241"}],"wp:term":[{"taxonomy":"product_brand","embeddable":true,"href":"https:\/\/poppers-online.ch\/it\/wp-json\/wp\/v2\/product_brand?post=99241"},{"taxonomy":"product_cat","embeddable":true,"href":"https:\/\/poppers-online.ch\/it\/wp-json\/wp\/v2\/product_cat?post=99241"},{"taxonomy":"product_tag","embeddable":true,"href":"https:\/\/poppers-online.ch\/it\/wp-json\/wp\/v2\/product_tag?post=99241"}],"curies":[{"name":"wp","href":"https:\/\/api.w.org\/{rel}","templated":true}]}}