{"id":98330,"date":"2024-07-24T17:10:46","date_gmt":"2024-07-24T15:10:46","guid":{"rendered":"https:\/\/poppers-online.ch\/produkt\/combo-di-sex-poppers-kinky-city\/"},"modified":"2025-10-23T13:44:46","modified_gmt":"2025-10-23T11:44:46","slug":"kinky-city-sex-popper-combo","status":"publish","type":"product","link":"https:\/\/poppers-online.ch\/it\/prodotto\/kinky-city-sex-popper-combo\/","title":{"rendered":"Combo di Popper del sesso di Kinky City"},"content":{"rendered":"","protected":false},"excerpt":{"rendered":"<p>Kinky City Sex Popper Combo \u00e8 composto da tre flaconi di Popper: <strong>Zurich Popper 24ml, Amsterdam Special 30ml e Paris Popper XTRA STRONG 30ml.<\/strong> <\/p>\n<p>&nbsp;<\/p>\n<p><strong>Zurich Popper 24ml<\/strong> \u00e8 sul mercato dal 2023 e contiene l&#8217;ex nitrito di pentile originale. Dopo Amsterdam Popper e Berlin Popper anche Zurigo Popper sta finalmente seguendo il suo esempio.  Zurigo non \u00e8 solo sinonimo di Zwingli, Pestalozzi, Sechsel\u00e4uten e Knabenschiessen. Zurigo \u00e8 la metropoli gay della Svizzera ed \u00e8 considerata la citt\u00e0 pi\u00f9 gay-friendly della Svizzera. Ecco perch\u00e9 abbiamo dedicato i Popper di Zurigo con<strong> intensit\u00e0 6<\/strong> a questa citt\u00e0 che amiamo cos\u00ec tanto. Zurigo, continua ad essere cos\u00ec aperta a tutti noi.<\/p>\n<p>&nbsp;<\/p>\n<p>Con il profumo <strong>Amsterdam Special 30ml <\/strong>del produttore canadese Lockerroom, non dovrai recarti ad Amsterdam per provare l&#8217;eccitante profumo della citt\u00e0. Porta a casa con te un pezzo dello stile di vita libero olandese. Uno dei popper a base di nitrito di esile pi\u00f9 popolari nella nostra gamma di popper da molti anni.  <\/p>\n<p>&nbsp;<\/p>\n<p>Il <strong>Paris Popper XTRA STRONG 30ml<\/strong> \u00e8 stato ispirato dal periodo eccitante e arrapante trascorso a Parigi alla fine del 2023 e poco dopo. Paris Popper XTRA STRONG Popper 30ml contiene il nitrito alchilico meno dannoso, chiamato nitrito di esile. Con un&#8217;intensit\u00e0 di 6 su 6, Paris Popper XTRA STRONG Popper 30ml \u00e8 uno dei popper pi\u00f9 intensi sul mercato ed \u00e8 disponibile in un flacone da 30ml con un tappo facile da aprire. Parigi \u00e8 la citt\u00e0 dell&#8217;amore e della passione. Dies haben wir wortw\u00f6rtlich bei unserem Aufenthalt in Paris am eigenen Leib erlebt. Der 22-j\u00e4hrige St\u00e9phane hat uns nicht nur einige tolle Bezirke von Paris gezeigt. Er hat uns auch gezeigt, wie leidenschaftlich, hingebungsvoll und ausdauernd die Pariser wirklich sind. St\u00e9phane, wir werden Dich nie vergessen! Es lebe Paris. Wir kommen zur\u00fcck.         <\/p>\n","protected":false},"featured_media":98322,"comment_status":"open","ping_status":"closed","template":"","meta":{"_acf_changed":false,"iawp_total_views":4,"_glsr_average":0,"_glsr_ranking":0,"_glsr_reviews":0},"product_brand":[],"product_cat":[1047,104,109],"product_tag":[],"class_list":{"0":"post-98330","1":"product","2":"type-product","3":"status-publish","4":"has-post-thumbnail","6":"product_cat-popper","7":"product_cat-confezioni-value","8":"product_cat-boccette-grandi","9":"pa_flaschenform-rotonda-piccola","10":"pa_gewindegroesse-piccola","11":"pa_inhalt-combo","12":"pa_inhalt-30ml","13":"pa_inhalt-24ml","14":"pa_inhaltsstoffe-nitrito-di-pentile","15":"pa_marke-amsterdam-popper","16":"pa_marke-oxy-edition-it","17":"pa_marke-lockerroom-popper","18":"pa_marke-royal-hexagon","19":"pa_staerke-105","21":"first","22":"instock","23":"sale","24":"taxable","25":"shipping-taxable","26":"purchasable","27":"product-type-simple"},"acf":[],"_links":{"self":[{"href":"https:\/\/poppers-online.ch\/it\/wp-json\/wp\/v2\/product\/98330","targetHints":{"allow":["GET"]}}],"collection":[{"href":"https:\/\/poppers-online.ch\/it\/wp-json\/wp\/v2\/product"}],"about":[{"href":"https:\/\/poppers-online.ch\/it\/wp-json\/wp\/v2\/types\/product"}],"replies":[{"embeddable":true,"href":"https:\/\/poppers-online.ch\/it\/wp-json\/wp\/v2\/comments?post=98330"}],"wp:featuredmedia":[{"embeddable":true,"href":"https:\/\/poppers-online.ch\/it\/wp-json\/wp\/v2\/media\/98322"}],"wp:attachment":[{"href":"https:\/\/poppers-online.ch\/it\/wp-json\/wp\/v2\/media?parent=98330"}],"wp:term":[{"taxonomy":"product_brand","embeddable":true,"href":"https:\/\/poppers-online.ch\/it\/wp-json\/wp\/v2\/product_brand?post=98330"},{"taxonomy":"product_cat","embeddable":true,"href":"https:\/\/poppers-online.ch\/it\/wp-json\/wp\/v2\/product_cat?post=98330"},{"taxonomy":"product_tag","embeddable":true,"href":"https:\/\/poppers-online.ch\/it\/wp-json\/wp\/v2\/product_tag?post=98330"}],"curies":[{"name":"wp","href":"https:\/\/api.w.org\/{rel}","templated":true}]}}