{"id":98326,"date":"2024-07-24T16:23:12","date_gmt":"2024-07-24T15:44:23","guid":{"rendered":"https:\/\/poppers-online.ch\/produkt\/combo-di-popper-sottomessi\/"},"modified":"2024-10-24T17:08:54","modified_gmt":"2024-10-24T15:08:54","slug":"combo-di-popper-sottomessi","status":"publish","type":"product","link":"https:\/\/poppers-online.ch\/it\/prodotto\/combo-di-popper-sottomessi\/","title":{"rendered":"Combo di popper sottomessi"},"content":{"rendered":"","protected":false},"excerpt":{"rendered":"<p><strong>Submissive Popper Combo<\/strong> \u00e8 composto da due flaconi di popper: <strong>SUB ZERO Extreme Strong Popper 30ml e PERVERT SUBBOY Popper 10ml<\/strong>.<\/p>\n<p>&nbsp;<\/p>\n<p><a href=\"https:\/\/poppers-online.ch\/produkt\/sub-zero-extreme-strong-poppers-30ml\/\"><strong>SUB ZERO Extreme Strong Popper 30ml<\/strong><\/a> \u00e8 extra forte e ti trasforma in un guerriero ninja durante il sesso. SUB ZERO Extreme Strong Popper 30ml contiene il nitrito alchilico meno dannoso, chiamato nitrito di esile. Con una potenza di 6 su 6, SUB ZERO Extreme Strong Popper 30ml \u00e8 uno dei popper pi\u00f9 forti sul mercato ed \u00e8 disponibile in un flacone da 30 ml con un tappo facile da aprire. Negli Stati Uniti, i solventi Sub Zero sono venduti come detergenti con l&#8217;ingrediente cancerogeno nitrito di isobutile. Ci dissociamo dalla vendita del nitrito di isobutile. Sconfiggi il freddo, il ghiaccio e la resistenza che vuole opporsi al sesso esuberante e bollente e sperimenta una nuova dimensione del piacere con il SUB ZERO Extreme Popper.<\/p>\n<p>&nbsp;<\/p>\n<p><a href=\"https:\/\/poppers-online.ch\/produkt\/pervert-subboy-poppers-10ml\/\"><strong>PERVERT SUBBOY Popper 10ml<\/strong><\/a> \u00e8 sul mercato dal 2023 e contiene l&#8217;ex nitrito di pentile. Questo popper \u00e8 un must per la tua prossima sessione di DOM e SUB. Grazie alla <strong>forza 6<\/strong> di questo flacone, ogni ragazzo normale diventa un SUBBOY sottomesso e remissivo. PERVERT SUBBOY Popper \u00e8 disponibile anche in un flacone da 24 ml.   <\/p>\n","protected":false},"featured_media":98315,"comment_status":"open","ping_status":"closed","template":"","meta":{"_acf_changed":false,"iawp_total_views":9,"_glsr_average":0,"_glsr_ranking":0,"_glsr_reviews":0},"product_brand":[],"product_cat":[1047,104,109,112],"product_tag":[],"class_list":{"0":"post-98326","1":"product","2":"type-product","3":"status-publish","4":"has-post-thumbnail","6":"product_cat-popper","7":"product_cat-confezioni-value","8":"product_cat-boccette-grandi","9":"product_cat-boccette-piccole","10":"pa_flaschenform-rotonda-piccola","11":"pa_gewindegroesse-piccola","12":"pa_inhalt-combo","13":"pa_inhalt-30ml","14":"pa_inhalt-10ml","15":"pa_inhaltsstoffe-nitrito-di-pentile","16":"pa_marke-royal-hexagon","17":"pa_staerke-105","19":"first","20":"instock","21":"sale","22":"taxable","23":"shipping-taxable","24":"purchasable","25":"product-type-simple"},"acf":[],"_links":{"self":[{"href":"https:\/\/poppers-online.ch\/it\/wp-json\/wp\/v2\/product\/98326","targetHints":{"allow":["GET"]}}],"collection":[{"href":"https:\/\/poppers-online.ch\/it\/wp-json\/wp\/v2\/product"}],"about":[{"href":"https:\/\/poppers-online.ch\/it\/wp-json\/wp\/v2\/types\/product"}],"replies":[{"embeddable":true,"href":"https:\/\/poppers-online.ch\/it\/wp-json\/wp\/v2\/comments?post=98326"}],"wp:featuredmedia":[{"embeddable":true,"href":"https:\/\/poppers-online.ch\/it\/wp-json\/wp\/v2\/media\/98315"}],"wp:attachment":[{"href":"https:\/\/poppers-online.ch\/it\/wp-json\/wp\/v2\/media?parent=98326"}],"wp:term":[{"taxonomy":"product_brand","embeddable":true,"href":"https:\/\/poppers-online.ch\/it\/wp-json\/wp\/v2\/product_brand?post=98326"},{"taxonomy":"product_cat","embeddable":true,"href":"https:\/\/poppers-online.ch\/it\/wp-json\/wp\/v2\/product_cat?post=98326"},{"taxonomy":"product_tag","embeddable":true,"href":"https:\/\/poppers-online.ch\/it\/wp-json\/wp\/v2\/product_tag?post=98326"}],"curies":[{"name":"wp","href":"https:\/\/api.w.org\/{rel}","templated":true}]}}