{"id":97918,"date":"2024-07-19T18:42:01","date_gmt":"2024-07-19T16:54:30","guid":{"rendered":"https:\/\/poppers-online.ch\/produkt\/toro-extra-forte-poppers-30ml\/"},"modified":"2025-12-12T18:36:00","modified_gmt":"2025-12-12T17:36:00","slug":"toro-extra-forte-popper-30ml","status":"publish","type":"product","link":"https:\/\/poppers-online.ch\/it\/prodotto\/toro-extra-forte-popper-30ml\/","title":{"rendered":"TORO Extra Forte Popper 30ml"},"content":{"rendered":"","protected":false},"excerpt":{"rendered":"<p><span style=\"font-weight: 400;\"><strong>TORO Extra Forte Popper 30ml<\/strong> \u00e8 extra forte e ti trasformer\u00e0 in un toro spagnolo selvaggio e potente. TORO Extra Forte Popper 30ml contiene il nitrito alchilico meno dannoso, chiamato nitrito di esile. Con una forza di 6 su 6, TORO Extra Forte Popper 30ml \u00e8 uno dei popper pi\u00f9 forti sul mercato ed \u00e8 disponibile in un flacone da 30ml con un tappo facile da aprire. Prendi il toro rosso per le corna, fai uscire la bestia che \u00e8 in te e goditi i momenti pi\u00f9 forti e intensi con i Popper TORO Extra Forte.<\/span><\/p>\n","protected":false},"featured_media":97909,"comment_status":"open","ping_status":"closed","template":"","meta":{"_acf_changed":false,"iawp_total_views":6,"_glsr_average":0,"_glsr_ranking":0,"_glsr_reviews":0},"product_brand":[],"product_cat":[1047,109],"product_tag":[],"class_list":{"0":"post-97918","1":"product","2":"type-product","3":"status-publish","4":"has-post-thumbnail","6":"product_cat-popper","7":"product_cat-boccette-grandi","8":"pa_flaschenform-rotonda-piccola","9":"pa_gewindegroesse-piccola","10":"pa_inhalt-30ml","11":"pa_inhaltsstoffe-nitrito-esile","12":"pa_marke-royal-hexagon","13":"pa_staerke-105","15":"first","16":"instock","17":"taxable","18":"shipping-taxable","19":"purchasable","20":"product-type-simple"},"acf":[],"_links":{"self":[{"href":"https:\/\/poppers-online.ch\/it\/wp-json\/wp\/v2\/product\/97918","targetHints":{"allow":["GET"]}}],"collection":[{"href":"https:\/\/poppers-online.ch\/it\/wp-json\/wp\/v2\/product"}],"about":[{"href":"https:\/\/poppers-online.ch\/it\/wp-json\/wp\/v2\/types\/product"}],"replies":[{"embeddable":true,"href":"https:\/\/poppers-online.ch\/it\/wp-json\/wp\/v2\/comments?post=97918"}],"wp:featuredmedia":[{"embeddable":true,"href":"https:\/\/poppers-online.ch\/it\/wp-json\/wp\/v2\/media\/97909"}],"wp:attachment":[{"href":"https:\/\/poppers-online.ch\/it\/wp-json\/wp\/v2\/media?parent=97918"}],"wp:term":[{"taxonomy":"product_brand","embeddable":true,"href":"https:\/\/poppers-online.ch\/it\/wp-json\/wp\/v2\/product_brand?post=97918"},{"taxonomy":"product_cat","embeddable":true,"href":"https:\/\/poppers-online.ch\/it\/wp-json\/wp\/v2\/product_cat?post=97918"},{"taxonomy":"product_tag","embeddable":true,"href":"https:\/\/poppers-online.ch\/it\/wp-json\/wp\/v2\/product_tag?post=97918"}],"curies":[{"name":"wp","href":"https:\/\/api.w.org\/{rel}","templated":true}]}}