{"id":97901,"date":"2024-07-19T16:39:23","date_gmt":"2024-07-19T14:42:26","guid":{"rendered":"https:\/\/poppers-online.ch\/produkt\/sub-zero-extreme-strong-poppers-30ml\/"},"modified":"2025-08-25T10:56:14","modified_gmt":"2025-08-25T08:56:14","slug":"sub-zero-extreme-strong-popper-30ml","status":"publish","type":"product","link":"https:\/\/poppers-online.ch\/it\/prodotto\/sub-zero-extreme-strong-popper-30ml\/","title":{"rendered":"SUB ZERO Extreme Strong Popper 30ml"},"content":{"rendered":"","protected":false},"excerpt":{"rendered":"<p><strong>SUB ZERO Extreme Strong Popper 30ml<\/strong> \u00e8 extra forte e ti rende un guerriero ninja durante il sesso. SUB ZERO Extreme Strong Popper 30ml contiene il nitrito alchilico meno dannoso, chiamato nitrito di esile. Con una potenza di 6 su 6, SUB ZERO Extreme Strong Popper 30ml \u00e8 uno dei popper pi\u00f9 forti sul mercato ed \u00e8 disponibile in un flacone da 30 ml con un tappo facile da aprire. Sconfiggi il freddo, il ghiaccio e la resistenza che vuole combattere contro il sesso esuberante e bollente e sperimenta una nuova dimensione del piacere con il SUB ZERO Extreme Popper.<\/p>\n<p>Negli Stati Uniti, i solventi Sub Zero sono venduti come detergenti con l&#8217;ingrediente cancerogeno nitrito di isobutile. Ci dissociamo dalla vendita del nitrito di isobutile. Leggi anche l&#8217;articolo del nostro blog sugli <a href=\"https:\/\/poppers-online.ch\/blog\/was-sind-die-inhaltsstoffe-von-poppers\/\">ingredienti<\/a>.<\/p>\n","protected":false},"featured_media":97895,"comment_status":"open","ping_status":"closed","template":"","meta":{"_acf_changed":false,"iawp_total_views":3,"_glsr_average":0,"_glsr_ranking":0,"_glsr_reviews":0},"product_brand":[],"product_cat":[1047,109],"product_tag":[],"class_list":{"0":"post-97901","1":"product","2":"type-product","3":"status-publish","4":"has-post-thumbnail","6":"product_cat-popper","7":"product_cat-boccette-grandi","8":"pa_flaschenform-rotonda-piccola","9":"pa_gewindegroesse-piccola","10":"pa_inhalt-30ml","11":"pa_inhaltsstoffe-nitrito-esile","12":"pa_marke-royal-hexagon","13":"pa_staerke-105","15":"first","16":"instock","17":"taxable","18":"shipping-taxable","19":"purchasable","20":"product-type-simple"},"acf":[],"_links":{"self":[{"href":"https:\/\/poppers-online.ch\/it\/wp-json\/wp\/v2\/product\/97901","targetHints":{"allow":["GET"]}}],"collection":[{"href":"https:\/\/poppers-online.ch\/it\/wp-json\/wp\/v2\/product"}],"about":[{"href":"https:\/\/poppers-online.ch\/it\/wp-json\/wp\/v2\/types\/product"}],"replies":[{"embeddable":true,"href":"https:\/\/poppers-online.ch\/it\/wp-json\/wp\/v2\/comments?post=97901"}],"wp:featuredmedia":[{"embeddable":true,"href":"https:\/\/poppers-online.ch\/it\/wp-json\/wp\/v2\/media\/97895"}],"wp:attachment":[{"href":"https:\/\/poppers-online.ch\/it\/wp-json\/wp\/v2\/media?parent=97901"}],"wp:term":[{"taxonomy":"product_brand","embeddable":true,"href":"https:\/\/poppers-online.ch\/it\/wp-json\/wp\/v2\/product_brand?post=97901"},{"taxonomy":"product_cat","embeddable":true,"href":"https:\/\/poppers-online.ch\/it\/wp-json\/wp\/v2\/product_cat?post=97901"},{"taxonomy":"product_tag","embeddable":true,"href":"https:\/\/poppers-online.ch\/it\/wp-json\/wp\/v2\/product_tag?post=97901"}],"curies":[{"name":"wp","href":"https:\/\/api.w.org\/{rel}","templated":true}]}}