{"id":97889,"date":"2024-07-19T15:30:09","date_gmt":"2024-07-19T14:24:57","guid":{"rendered":"https:\/\/poppers-online.ch\/produkt\/paris-poppers-xtra-strong-30ml\/"},"modified":"2026-02-15T19:39:55","modified_gmt":"2026-02-15T18:39:55","slug":"paris-popper-xtra-strong-30ml","status":"publish","type":"product","link":"https:\/\/poppers-online.ch\/it\/prodotto\/paris-popper-xtra-strong-30ml\/","title":{"rendered":"Paris Popper XTRA STRONG 30ml"},"content":{"rendered":"","protected":false},"excerpt":{"rendered":"<p>Il <strong>Paris Popper XTRA STRONG 30ml<\/strong> \u00e8 stato ispirato dal periodo eccitante e arrapante trascorso a Parigi alla fine del 2023 e poco dopo. Paris Popper XTRA STRONG Poppers 30ml contiene il nitrito alchilico meno dannoso, chiamato nitrito di esile. Con una resistenza di 6 su 6, Paris Popper XTRA STRONG 30ml \u00e8 uno dei popper pi\u00f9 forti sul mercato ed \u00e8 disponibile in un flacone da 30ml con un tappo facile da aprire.<\/p>\n<p>Parigi \u00e8 la citt\u00e0 dell&#8217;amore e della passione. Lo abbiamo letteralmente sperimentato sulla nostra pelle durante il nostro soggiorno a Parigi. Il ventiduenne St\u00e9phane non solo ci ha mostrato alcuni fantastici quartieri di Parigi. Ci ha anche mostrato la passione, la dedizione e la perseveranza dei parigini. St\u00e9phane, non ti dimenticheremo mai! Lunga vita a Parigi. Torneremo.<\/p>\n","protected":false},"featured_media":97865,"comment_status":"open","ping_status":"closed","template":"","meta":{"_acf_changed":false,"iawp_total_views":1,"_glsr_average":0,"_glsr_ranking":0,"_glsr_reviews":0},"product_brand":[],"product_cat":[1047,109],"product_tag":[],"class_list":{"0":"post-97889","1":"product","2":"type-product","3":"status-publish","4":"has-post-thumbnail","6":"product_cat-popper","7":"product_cat-boccette-grandi","8":"pa_flaschenform-rotonda-piccola","9":"pa_gewindegroesse-piccola","10":"pa_inhalt-30ml","11":"pa_inhaltsstoffe-nitrito-esile","12":"pa_marke-royal-hexagon","13":"pa_staerke-105","15":"first","16":"instock","17":"taxable","18":"shipping-taxable","19":"purchasable","20":"product-type-simple"},"acf":[],"_links":{"self":[{"href":"https:\/\/poppers-online.ch\/it\/wp-json\/wp\/v2\/product\/97889","targetHints":{"allow":["GET"]}}],"collection":[{"href":"https:\/\/poppers-online.ch\/it\/wp-json\/wp\/v2\/product"}],"about":[{"href":"https:\/\/poppers-online.ch\/it\/wp-json\/wp\/v2\/types\/product"}],"replies":[{"embeddable":true,"href":"https:\/\/poppers-online.ch\/it\/wp-json\/wp\/v2\/comments?post=97889"}],"wp:featuredmedia":[{"embeddable":true,"href":"https:\/\/poppers-online.ch\/it\/wp-json\/wp\/v2\/media\/97865"}],"wp:attachment":[{"href":"https:\/\/poppers-online.ch\/it\/wp-json\/wp\/v2\/media?parent=97889"}],"wp:term":[{"taxonomy":"product_brand","embeddable":true,"href":"https:\/\/poppers-online.ch\/it\/wp-json\/wp\/v2\/product_brand?post=97889"},{"taxonomy":"product_cat","embeddable":true,"href":"https:\/\/poppers-online.ch\/it\/wp-json\/wp\/v2\/product_cat?post=97889"},{"taxonomy":"product_tag","embeddable":true,"href":"https:\/\/poppers-online.ch\/it\/wp-json\/wp\/v2\/product_tag?post=97889"}],"curies":[{"name":"wp","href":"https:\/\/api.w.org\/{rel}","templated":true}]}}