{"id":97884,"date":"2024-07-19T16:11:26","date_gmt":"2024-07-19T14:24:54","guid":{"rendered":"https:\/\/poppers-online.ch\/produkt\/popper-italia-ultra-forte-30ml\/"},"modified":"2024-10-24T17:52:56","modified_gmt":"2024-10-24T15:52:56","slug":"popper-italia-ultra-forte-30ml","status":"publish","type":"product","link":"https:\/\/poppers-online.ch\/it\/prodotto\/popper-italia-ultra-forte-30ml\/","title":{"rendered":"Popper Italia Ultra Forte 30ml"},"content":{"rendered":"","protected":false},"excerpt":{"rendered":"<p><strong>Popper Italia Ultra Forte 30ml<\/strong> \u00e8 un MUST-have per tutti gli appassionati di popper gay in Italia. Acquistare popper a Milano, Roma, Firenze, Napoli e in altre citt\u00e0 italiane non \u00e8 facile, nemmeno nel 2024. Ecco perch\u00e9 poppers-online.ch ti consegna i popper in modo affidabile, veloce e discreto in tutta Italia. Naturalmente, puoi ordinarli anche se non vivi in Italia.  <\/p>\n<p>Popper Italia Ultra Forte 30ml contiene il nitrito alchilico meno dannoso, chiamato nitrito di esile. Con una potenza di 5 su 6, Popper Italia Ultra Forte 30ml \u00e8 uno dei popper pi\u00f9 forti sul mercato ed \u00e8 disponibile in un flacone da 30ml con un tappo facile da aprire. Acquista il tuo Italia Ultra Forte Popper e sperimenta come l&#8217;arrapamento in te aumenti a ogni boccata e tu diventi ancora pi\u00f9 voglioso, ancora pi\u00f9 rilassato e ancora pi\u00f9 arrapato.<\/p>\n","protected":false},"featured_media":97877,"comment_status":"open","ping_status":"closed","template":"","meta":{"_acf_changed":false,"iawp_total_views":21,"_glsr_average":0,"_glsr_ranking":0,"_glsr_reviews":0},"product_brand":[],"product_cat":[1047,109],"product_tag":[],"class_list":{"0":"post-97884","1":"product","2":"type-product","3":"status-publish","4":"has-post-thumbnail","6":"product_cat-popper","7":"product_cat-boccette-grandi","8":"pa_flaschenform-rotonda-piccola","9":"pa_gewindegroesse-piccola","10":"pa_inhalt-30ml","11":"pa_inhaltsstoffe-nitrito-esile","12":"pa_marke-royal-hexagon","13":"pa_staerke-103","15":"first","16":"instock","17":"taxable","18":"shipping-taxable","19":"purchasable","20":"product-type-simple"},"acf":[],"_links":{"self":[{"href":"https:\/\/poppers-online.ch\/it\/wp-json\/wp\/v2\/product\/97884","targetHints":{"allow":["GET"]}}],"collection":[{"href":"https:\/\/poppers-online.ch\/it\/wp-json\/wp\/v2\/product"}],"about":[{"href":"https:\/\/poppers-online.ch\/it\/wp-json\/wp\/v2\/types\/product"}],"replies":[{"embeddable":true,"href":"https:\/\/poppers-online.ch\/it\/wp-json\/wp\/v2\/comments?post=97884"}],"wp:featuredmedia":[{"embeddable":true,"href":"https:\/\/poppers-online.ch\/it\/wp-json\/wp\/v2\/media\/97877"}],"wp:attachment":[{"href":"https:\/\/poppers-online.ch\/it\/wp-json\/wp\/v2\/media?parent=97884"}],"wp:term":[{"taxonomy":"product_brand","embeddable":true,"href":"https:\/\/poppers-online.ch\/it\/wp-json\/wp\/v2\/product_brand?post=97884"},{"taxonomy":"product_cat","embeddable":true,"href":"https:\/\/poppers-online.ch\/it\/wp-json\/wp\/v2\/product_cat?post=97884"},{"taxonomy":"product_tag","embeddable":true,"href":"https:\/\/poppers-online.ch\/it\/wp-json\/wp\/v2\/product_tag?post=97884"}],"curies":[{"name":"wp","href":"https:\/\/api.w.org\/{rel}","templated":true}]}}