{"id":97311,"date":"2024-07-11T16:10:35","date_gmt":"2024-07-11T14:10:35","guid":{"rendered":"https:\/\/poppers-online.ch\/produkt\/all-black-popper-extra-forte-30ml\/"},"modified":"2026-03-01T21:45:17","modified_gmt":"2026-03-01T20:45:17","slug":"black-fist-popper-extra-forte-30ml","status":"publish","type":"product","link":"https:\/\/poppers-online.ch\/it\/prodotto\/black-fist-popper-extra-forte-30ml\/","title":{"rendered":"BLACK FIST Popper Extra Forte 30ml"},"content":{"rendered":"","protected":false},"excerpt":{"rendered":"<p><strong>BLACK FIST Extra Strong Popper 30ml<\/strong> \u00e8 extra forte e ti aiuta a inserire il tuo dildo ALL BLACK preferito nel tuo buco rilassato e teso. BLACK FIST Extra Strong Popper 30ml contiene il nitrito alchilico meno dannoso, chiamato nitrito di esile. Con una forza di 6 su 6, BLACK FIST Extra Strong Popper \u00e8 uno dei popper pi\u00f9 forti sul mercato ed \u00e8 disponibile in un flacone da 30 ml con un tappo facile da aprire. Goditi infinite esperienze sessuali con i dildo anali neri di ALL BLACK e le sessioni hot fist e assicurati una notte di sesso bollente con i BLACK FIST Extra Strong Popper.   <\/p>\n","protected":false},"featured_media":130046,"comment_status":"open","ping_status":"closed","template":"","meta":{"_acf_changed":false,"iawp_total_views":10,"_glsr_average":0,"_glsr_ranking":0,"_glsr_reviews":0},"product_brand":[],"product_cat":[1047,109],"product_tag":[],"class_list":{"0":"post-97311","1":"product","2":"type-product","3":"status-publish","4":"has-post-thumbnail","6":"product_cat-popper","7":"product_cat-boccette-grandi","8":"pa_flaschenform-rotonda-piccola","9":"pa_gewindegroesse-piccola","10":"pa_inhalt-30ml","11":"pa_inhaltsstoffe-nitrito-esile","12":"pa_marke-royal-hexagon","13":"pa_staerke-105","15":"first","16":"instock","17":"taxable","18":"shipping-taxable","19":"purchasable","20":"product-type-simple"},"acf":[],"_links":{"self":[{"href":"https:\/\/poppers-online.ch\/it\/wp-json\/wp\/v2\/product\/97311","targetHints":{"allow":["GET"]}}],"collection":[{"href":"https:\/\/poppers-online.ch\/it\/wp-json\/wp\/v2\/product"}],"about":[{"href":"https:\/\/poppers-online.ch\/it\/wp-json\/wp\/v2\/types\/product"}],"replies":[{"embeddable":true,"href":"https:\/\/poppers-online.ch\/it\/wp-json\/wp\/v2\/comments?post=97311"}],"wp:featuredmedia":[{"embeddable":true,"href":"https:\/\/poppers-online.ch\/it\/wp-json\/wp\/v2\/media\/130046"}],"wp:attachment":[{"href":"https:\/\/poppers-online.ch\/it\/wp-json\/wp\/v2\/media?parent=97311"}],"wp:term":[{"taxonomy":"product_brand","embeddable":true,"href":"https:\/\/poppers-online.ch\/it\/wp-json\/wp\/v2\/product_brand?post=97311"},{"taxonomy":"product_cat","embeddable":true,"href":"https:\/\/poppers-online.ch\/it\/wp-json\/wp\/v2\/product_cat?post=97311"},{"taxonomy":"product_tag","embeddable":true,"href":"https:\/\/poppers-online.ch\/it\/wp-json\/wp\/v2\/product_tag?post=97311"}],"curies":[{"name":"wp","href":"https:\/\/api.w.org\/{rel}","templated":true}]}}