{"id":96888,"date":"2024-07-04T15:38:13","date_gmt":"2024-07-04T13:41:44","guid":{"rendered":"https:\/\/poppers-online.ch\/produkt\/euro-poppers-formula-estrema-30ml\/"},"modified":"2024-10-24T18:34:35","modified_gmt":"2024-10-24T16:34:35","slug":"euro-poppers-formula-estrema-30ml","status":"publish","type":"product","link":"https:\/\/poppers-online.ch\/it\/prodotto\/euro-poppers-formula-estrema-30ml\/","title":{"rendered":"EURO-POPPERS Formula Estrema 30ml"},"content":{"rendered":"","protected":false},"excerpt":{"rendered":"<p><strong>EURO-POPPERS Extreme Formula 30ml<\/strong> rappresenta la moneta comune dell&#8217;Unione Europea e il grande gioco del calcio in Europa. Dimostra con EURO-POPPERS che fai parte dell&#8217;Europa e della comunit\u00e0 europea con pi\u00f9 di 450 milioni di abitanti e molte citt\u00e0 eccitanti e vivaci. EURO-POPPERS Extreme Formula 30ml contiene il nitrito alchilico meno dannoso, chiamato nitrito di esile. Con una gradazione di 5, \u00e8 una delle variet\u00e0 pi\u00f9 forti sul mercato ed \u00e8 disponibile in un flacone da 30 ml con un tappo facile da aprire. Acquista EURO-POPPERS Extreme Formula 30ml esclusivamente da noi. Spediamo gli EURO-POPPER nei 27 paesi dell&#8217;UE e in tutti i 47 paesi del continente europeo. Naturalmente, spediamo anche l&#8217;EURO-POPPERS Extreme Formula 30ml &#8211; come tutti gli altri popper &#8211; in tutto il mondo.<\/p>\n","protected":false},"featured_media":96882,"comment_status":"open","ping_status":"closed","template":"","meta":{"_acf_changed":false,"iawp_total_views":7,"_glsr_average":0,"_glsr_ranking":0,"_glsr_reviews":0},"product_brand":[],"product_cat":[1047,109],"product_tag":[],"class_list":{"0":"post-96888","1":"product","2":"type-product","3":"status-publish","4":"has-post-thumbnail","6":"product_cat-popper","7":"product_cat-boccette-grandi","8":"pa_flaschenform-rotonda-piccola","9":"pa_gewindegroesse-piccola","10":"pa_inhalt-30ml","11":"pa_inhaltsstoffe-nitrito-esile","12":"pa_marke-royal-hexagon","13":"pa_staerke-103","15":"first","16":"instock","17":"taxable","18":"shipping-taxable","19":"purchasable","20":"product-type-simple"},"acf":[],"_links":{"self":[{"href":"https:\/\/poppers-online.ch\/it\/wp-json\/wp\/v2\/product\/96888","targetHints":{"allow":["GET"]}}],"collection":[{"href":"https:\/\/poppers-online.ch\/it\/wp-json\/wp\/v2\/product"}],"about":[{"href":"https:\/\/poppers-online.ch\/it\/wp-json\/wp\/v2\/types\/product"}],"replies":[{"embeddable":true,"href":"https:\/\/poppers-online.ch\/it\/wp-json\/wp\/v2\/comments?post=96888"}],"wp:featuredmedia":[{"embeddable":true,"href":"https:\/\/poppers-online.ch\/it\/wp-json\/wp\/v2\/media\/96882"}],"wp:attachment":[{"href":"https:\/\/poppers-online.ch\/it\/wp-json\/wp\/v2\/media?parent=96888"}],"wp:term":[{"taxonomy":"product_brand","embeddable":true,"href":"https:\/\/poppers-online.ch\/it\/wp-json\/wp\/v2\/product_brand?post=96888"},{"taxonomy":"product_cat","embeddable":true,"href":"https:\/\/poppers-online.ch\/it\/wp-json\/wp\/v2\/product_cat?post=96888"},{"taxonomy":"product_tag","embeddable":true,"href":"https:\/\/poppers-online.ch\/it\/wp-json\/wp\/v2\/product_tag?post=96888"}],"curies":[{"name":"wp","href":"https:\/\/api.w.org\/{rel}","templated":true}]}}