{"id":95723,"date":"2024-01-03T15:38:53","date_gmt":"2024-06-13T14:32:27","guid":{"rendered":"https:\/\/poppers-online.ch\/produkt\/hankeys-toys-dildos-dragons-dildo-anale\/"},"modified":"2024-06-13T16:32:27","modified_gmt":"2024-06-13T14:32:27","slug":"hankeys-toys-dildos-dragons-dildo-anale","status":"publish","type":"product","link":"https:\/\/poppers-online.ch\/it\/prodotto\/hankeys-toys-dildos-dragons-dildo-anale\/","title":{"rendered":"Hankey&#8217;s Toys DILDOS &amp; DRAGONS Dildo Anale"},"content":{"rendered":"","protected":false},"excerpt":{"rendered":"<p><span style=\"font-weight: 400;\">Il dildo DILDOS &amp; DRAGONS di Hankey&#8217;s Toys ti porta in un&#8217;avventura pi\u00f9 eccitante di qualsiasi Dungeon Master. Questo serpente squamato fruga nei sotterranei pi\u00f9 oscuri e nelle grotte pi\u00f9 profonde per trovare una nuova casa per le sue enormi prede. Hai il coraggio di superare il loro potere e di reclamare il loro tesoro per te? Questo giocattolo ha un foro sul lato inferiore della base, che lo rende compatibile con il sistema Vac-U-Lock. Pu\u00f2 essere utilizzato con macchine del cazzo e con altri accessori Vac-U-Lock e strapuntini. Struttura: Scagliosa\/scagliosa.<\/span><\/p>\n<p>Hankey&#8217;s Toys produce dildo molto realistici con dimensioni sproporzionate per il piacere illimitato di amatori ed esperti. Molte modelle sono l&#8217;immagine di un attore porno molto ben dotato e di dimensioni straordinarie. Tutti i giocattoli Hankey sono realizzati a mano in silicone platinico di alta qualit\u00e0. I dildo del marchio cult Hankey&#8217;s Toys sono massicci, pesanti e incredibilmente grandi allo stesso tempo. Per noi, i pi\u00f9 grandi dildo anali del mondo fino ad ora!<\/p>\n<p><b>DILDO E DRAGHI &#8211; PICCOLO\/MEDIO<br \/>\n<\/b><span style=\"font-weight: 400;\">Circonferenza alla testa: 15,0 cm<br \/>\n<\/span><span style=\"font-weight: 400;\">Circonferenza al centro: 17,7 cm<br \/>\n<\/span><span style=\"font-weight: 400;\">Circonferenza alla base: 19,0 cm<br \/>\n<\/span><span style=\"font-weight: 400;\">Lunghezza totale: 26,0 cm<br \/>\n<\/span><span style=\"font-weight: 400;\">Lunghezza inseribile: 19,7 cm<br \/>\n<\/span><span style=\"font-weight: 400;\">Misura dell&#8217;anello del cinturino: 7,6 cm<\/span><\/p>\n<p><b>DILDO E DRAGHI &#8211; GRANDE<br \/>\n<\/b><span style=\"font-weight: 400;\">Circonferenza alla testa: 18,0 cm<br \/>\n<\/span><span style=\"font-weight: 400;\">Circonferenza al centro: 21,3 cm<br \/>\n<\/span><span style=\"font-weight: 400;\">circonferenza alla base: 21,6 cm<br \/>\n<\/span><span style=\"font-weight: 400;\">Lunghezza totale: 30,0 cm<br \/>\n<\/span><span style=\"font-weight: 400;\">Lunghezza inseribile: 23,1 cm<br \/>\n<\/span><span style=\"font-weight: 400;\">Misura dell&#8217;anello del cinturino: &#8211;<\/span><\/p>\n<p><b>DILDO E DRAGHI &#8211; XL<br \/>\n<\/b><span style=\"font-weight: 400;\">Circonferenza alla testa: 21,0 cm<br \/>\n<\/span><span style=\"font-weight: 400;\">Circonferenza al centro: 24,7 cm<br \/>\n<\/span><span style=\"font-weight: 400;\">Circonferenza alla base: 25,4 cm<br \/>\n<\/span><span style=\"font-weight: 400;\">Lunghezza totale: 35,0 cm<br \/>\n<\/span><span style=\"font-weight: 400;\">Lunghezza inseribile: 26,6 cm<br \/>\n<\/span><span style=\"font-weight: 400;\">Misura dell&#8217;anello del cinturino: &#8211;<\/span><\/p>\n<p><b>DILDOS &amp; DRAGONS &#8211; XXXL<br \/>\n<\/b><span style=\"font-weight: 400;\">Circonferenza alla testa: 23,8 cm<br \/>\n<\/span><span style=\"font-weight: 400;\">Circonferenza al centro: 28,1 cm<br \/>\n<\/span><span style=\"font-weight: 400;\">Circonferenza alla base: 29,8 cm<br \/>\n<\/span><span style=\"font-weight: 400;\">Lunghezza totale: 39,0 cm<br \/>\n<\/span><span style=\"font-weight: 400;\">Lunghezza inseribile: 30,4 cm<br \/>\n<\/span><span style=\"font-weight: 400;\">Misura dell&#8217;anello del cinturino: &#8211;<\/span><\/p>\n","protected":false},"featured_media":82715,"comment_status":"closed","ping_status":"closed","template":"","meta":{"_acf_changed":false,"iawp_total_views":11,"_glsr_average":0,"_glsr_ranking":0,"_glsr_reviews":0},"product_brand":[],"product_cat":[2086,172],"product_tag":[1565,1918],"class_list":{"0":"post-95723","1":"product","2":"type-product","3":"status-publish","4":"has-post-thumbnail","6":"product_cat-anal-play","7":"product_cat-sex-toys","8":"product_tag-giocattoli-honkeys-boss-hogg-dildo-anale-l-xl","9":"product_tag-hankeys-toys-dildos-dragons-anal-dildo-it","11":"first","12":"instock","13":"sale","14":"taxable","15":"shipping-taxable","16":"purchasable","17":"product-type-variable","18":"has-default-attributes"},"acf":[],"_links":{"self":[{"href":"https:\/\/poppers-online.ch\/it\/wp-json\/wp\/v2\/product\/95723","targetHints":{"allow":["GET"]}}],"collection":[{"href":"https:\/\/poppers-online.ch\/it\/wp-json\/wp\/v2\/product"}],"about":[{"href":"https:\/\/poppers-online.ch\/it\/wp-json\/wp\/v2\/types\/product"}],"replies":[{"embeddable":true,"href":"https:\/\/poppers-online.ch\/it\/wp-json\/wp\/v2\/comments?post=95723"}],"wp:featuredmedia":[{"embeddable":true,"href":"https:\/\/poppers-online.ch\/it\/wp-json\/wp\/v2\/media\/82715"}],"wp:attachment":[{"href":"https:\/\/poppers-online.ch\/it\/wp-json\/wp\/v2\/media?parent=95723"}],"wp:term":[{"taxonomy":"product_brand","embeddable":true,"href":"https:\/\/poppers-online.ch\/it\/wp-json\/wp\/v2\/product_brand?post=95723"},{"taxonomy":"product_cat","embeddable":true,"href":"https:\/\/poppers-online.ch\/it\/wp-json\/wp\/v2\/product_cat?post=95723"},{"taxonomy":"product_tag","embeddable":true,"href":"https:\/\/poppers-online.ch\/it\/wp-json\/wp\/v2\/product_tag?post=95723"}],"curies":[{"name":"wp","href":"https:\/\/api.w.org\/{rel}","templated":true}]}}