{"id":95251,"date":"2024-06-07T12:07:38","date_gmt":"2024-06-07T10:07:38","guid":{"rendered":"https:\/\/poppers-online.ch\/produkt\/combo-di-poppers-zurich-berlin-pride\/"},"modified":"2026-04-02T20:47:27","modified_gmt":"2026-04-02T18:47:27","slug":"combo-di-popper-zurich-berlin-pride","status":"publish","type":"product","link":"https:\/\/poppers-online.ch\/it\/prodotto\/combo-di-popper-zurich-berlin-pride\/","title":{"rendered":"Zurigo Berlino Pride Popper Combo"},"content":{"rendered":"","protected":false},"excerpt":{"rendered":"<p>Zurich Berlin Pride Popper Combo contiene: 1x Zurich Popper 24ml, 1x Drecksau Extra Strong 30ml, 1x Berlin XXX Hardcore Super Strength 30ml.<\/p>\n<p><strong>Zurich Popper 24ml <\/strong>contiene l&#8217;ex nitrito di pentile originale. Dopo Amsterdam Popper e Berlin Popper finalmente arriva Zurich Popper.  Zurigo non \u00e8 solo sinonimo di Zwingli, Pestalozzi, Sechsel\u00e4uten e Knabenschiessen. Zurigo \u00e8 la metropoli gay della Svizzera ed \u00e8 considerata la citt\u00e0 pi\u00f9 gay-friendly della Svizzera. Ecco perch\u00e9 abbiamo dedicato i Popper di Zurigo con <strong>intensit\u00e0 6<\/strong> a questa citt\u00e0 che amiamo cos\u00ec tanto. Zurigo, continua ad essere cos\u00ec aperta a tutti noi.<\/p>\n<p>Il <strong>Drecksau Extra Strong Popper 30ml<\/strong> risveglier\u00e0 anche il maiale che \u00e8 in te. Con i nostri Popper Drecksau di intensit\u00e0 extra puoi darci dentro con il sesso, il sesso anale, il sesso orale e le posizioni sessuali pi\u00f9 insolite.  Contiene il nitrito alchilico con il nome di nitrito esilico, che \u00e8 classificato come il meno dannoso per la salute. Con un&#8217;intensit\u00e0 di 6, il Drecksau Popper \u00e8 una delle variet\u00e0 pi\u00f9 forti sul mercato ed \u00e8 disponibile in una boccetta da 30 ml con un tappo facile da aprire. Espandi i tuoi limiti e fai uscire il tuo maiale senza freni con i Drecksau Extra Strong Popper. <\/p>\n<p>Il <strong>BERLIN XXX Hardcore Popper 30ml<\/strong> dice tutto con il nome XXX. XXX sta per sesso e porno. Berlino \u00e8 la capitale europea del sesso e del divertimento esuberante nei sex party, nei nightclub o anche all&#8217;aperto. Con un&#8217;intensit\u00e0 di 5, \u00e8 una delle variet\u00e0 pi\u00f9 forti sul mercato ed \u00e8 disponibile in una boccetta da 30ml con un tappo facile da aprire. Goditi le vibrazioni pi\u00f9 stravaganti e gli angoli pi\u00f9 segreti della capitale del sesso Berlino con il potente BERLIN XXX Hardcore Popper 30ml.  <\/p>\n","protected":false},"featured_media":95246,"comment_status":"open","ping_status":"closed","template":"","meta":{"_acf_changed":false,"iawp_total_views":38,"_glsr_average":0,"_glsr_ranking":0,"_glsr_reviews":0},"product_brand":[],"product_cat":[1047,104,109],"product_tag":[],"class_list":{"0":"post-95251","1":"product","2":"type-product","3":"status-publish","4":"has-post-thumbnail","6":"product_cat-popper","7":"product_cat-confezioni-value","8":"product_cat-boccette-grandi","9":"pa_flaschenform-rotonda-piccola","10":"pa_gewindegroesse-piccola","11":"pa_inhalt-combo","12":"pa_inhalt-30ml","13":"pa_inhalt-24ml","14":"pa_inhaltsstoffe-nitrito-di-pentile","15":"pa_inhaltsstoffe-nitrito-esile","16":"pa_marke-oxy-edition-it","17":"pa_marke-royal-hexagon","18":"pa_staerke-105","20":"first","21":"instock","22":"sale","23":"taxable","24":"shipping-taxable","25":"purchasable","26":"product-type-simple"},"acf":[],"_links":{"self":[{"href":"https:\/\/poppers-online.ch\/it\/wp-json\/wp\/v2\/product\/95251","targetHints":{"allow":["GET"]}}],"collection":[{"href":"https:\/\/poppers-online.ch\/it\/wp-json\/wp\/v2\/product"}],"about":[{"href":"https:\/\/poppers-online.ch\/it\/wp-json\/wp\/v2\/types\/product"}],"replies":[{"embeddable":true,"href":"https:\/\/poppers-online.ch\/it\/wp-json\/wp\/v2\/comments?post=95251"}],"wp:featuredmedia":[{"embeddable":true,"href":"https:\/\/poppers-online.ch\/it\/wp-json\/wp\/v2\/media\/95246"}],"wp:attachment":[{"href":"https:\/\/poppers-online.ch\/it\/wp-json\/wp\/v2\/media?parent=95251"}],"wp:term":[{"taxonomy":"product_brand","embeddable":true,"href":"https:\/\/poppers-online.ch\/it\/wp-json\/wp\/v2\/product_brand?post=95251"},{"taxonomy":"product_cat","embeddable":true,"href":"https:\/\/poppers-online.ch\/it\/wp-json\/wp\/v2\/product_cat?post=95251"},{"taxonomy":"product_tag","embeddable":true,"href":"https:\/\/poppers-online.ch\/it\/wp-json\/wp\/v2\/product_tag?post=95251"}],"curies":[{"name":"wp","href":"https:\/\/api.w.org\/{rel}","templated":true}]}}