{"id":94518,"date":"2024-05-27T12:55:34","date_gmt":"2024-05-27T11:43:00","guid":{"rendered":"https:\/\/poppers-online.ch\/produkt\/cappello-poppers-booster-xtrm-doppio-piccolo-a-prova-di-perdita-bagliore-nel-buio\/"},"modified":"2025-10-15T15:42:55","modified_gmt":"2025-10-15T13:42:55","slug":"cappello-popper-booster-xtrm-doppio-piccolo-a-prova-di-perdita-bagliore-nel-buio","status":"publish","type":"product","link":"https:\/\/poppers-online.ch\/it\/prodotto\/cappello-popper-booster-xtrm-doppio-piccolo-a-prova-di-perdita-bagliore-nel-buio\/","title":{"rendered":"Cappello Popper Booster XTRM Doppio Piccolo A PROVA DI PERDITA Bagliore nel Buio"},"content":{"rendered":"","protected":false},"excerpt":{"rendered":"<p><strong>Cappello Popper Booster XTRM Doppio Piccolo A PROVA DI PERDITA Incandescente.<\/strong> Se le cose si scatenano subito dopo aver sniffato il popper, potresti trovare la bottiglia di popper ribaltata e con delle perdite. Il team XTRM ha sviluppato un ingegnoso tappo Poppers Booster a prova di perdite e facile da usare XTRM Double Small Blue LEAK PROOF con pulsante. Avvita il beccuccio a prova di perdite sul flacone come di consueto. Solo quando si preme il pulsante sul lato del tappo, il popper fuoriesce dalla bottiglia attraverso il canale del calcio. Quando rilasci il pulsante, lo sniffer \u00e8 di nuovo sigillato al 100% e i popper rimangono nella bottiglia, anche se la bottiglia si rovescia perch\u00e9 \u00e8 calda. Al buio, la bestia si illumina con <strong>un effetto verde neon fosforescente.<\/strong><\/p>\n<p>Questo nuovo sistema di chiusura a pulsante \u00e8 di alta qualit\u00e0, non \u00e8 prodotto in serie e viene realizzato in Austria con grande impegno. Il tappo Popper Booster XTRM Double Small Blue LEAK PROOF si adatta a <strong>tutti i boccette da 10 e 30 ml di Lockerroom e a tutti i flaconi di Shelbora, Royal Hexagon e Oxymoron.<\/strong> Prova l&#8217;extra kick e il comfort quando tiri i popper. Niente pi\u00f9 bottiglie di popper rovesciate grazie al tappo a prova di perdite LEAK PROOF.<\/p>\n<p><strong>Nota sull&#8217;applicazione:<\/strong> per avvitare il LEAK PROOF, tienilo saldamente nella parte inferiore, stringilo con attenzione e non serrare troppo la filettatura.<\/p>\n","protected":false},"featured_media":101635,"comment_status":"open","ping_status":"closed","template":"","meta":{"_acf_changed":false,"iawp_total_views":2,"_glsr_average":0,"_glsr_ranking":0,"_glsr_reviews":0},"product_brand":[],"product_cat":[151,1304],"product_tag":[],"class_list":{"0":"post-94518","1":"product","2":"type-product","3":"status-publish","4":"has-post-thumbnail","6":"product_cat-accessori-popper","7":"product_cat-booster-caps-it","8":"pa_booster-cap-gewindegroesse-per-filettatura-piccola","10":"first","11":"instock","12":"taxable","13":"shipping-taxable","14":"purchasable","15":"product-type-simple"},"acf":[],"_links":{"self":[{"href":"https:\/\/poppers-online.ch\/it\/wp-json\/wp\/v2\/product\/94518","targetHints":{"allow":["GET"]}}],"collection":[{"href":"https:\/\/poppers-online.ch\/it\/wp-json\/wp\/v2\/product"}],"about":[{"href":"https:\/\/poppers-online.ch\/it\/wp-json\/wp\/v2\/types\/product"}],"replies":[{"embeddable":true,"href":"https:\/\/poppers-online.ch\/it\/wp-json\/wp\/v2\/comments?post=94518"}],"wp:featuredmedia":[{"embeddable":true,"href":"https:\/\/poppers-online.ch\/it\/wp-json\/wp\/v2\/media\/101635"}],"wp:attachment":[{"href":"https:\/\/poppers-online.ch\/it\/wp-json\/wp\/v2\/media?parent=94518"}],"wp:term":[{"taxonomy":"product_brand","embeddable":true,"href":"https:\/\/poppers-online.ch\/it\/wp-json\/wp\/v2\/product_brand?post=94518"},{"taxonomy":"product_cat","embeddable":true,"href":"https:\/\/poppers-online.ch\/it\/wp-json\/wp\/v2\/product_cat?post=94518"},{"taxonomy":"product_tag","embeddable":true,"href":"https:\/\/poppers-online.ch\/it\/wp-json\/wp\/v2\/product_tag?post=94518"}],"curies":[{"name":"wp","href":"https:\/\/api.w.org\/{rel}","templated":true}]}}