{"id":94516,"date":"2024-05-27T13:35:47","date_gmt":"2024-05-27T11:35:47","guid":{"rendered":"https:\/\/poppers-online.ch\/produkt\/xtrm-biest-poppers-snffr-fosforescenti-xxl-con-lattina-in-alluminio\/"},"modified":"2024-10-24T18:55:24","modified_gmt":"2024-10-24T16:55:24","slug":"xtrm-biest-popper-snffr-fosforescenti-xxl-con-lattina-in-alluminio","status":"publish","type":"product","link":"https:\/\/poppers-online.ch\/it\/prodotto\/xtrm-biest-popper-snffr-fosforescenti-xxl-con-lattina-in-alluminio\/","title":{"rendered":"XTRM BIEST POPPER SNFFR fosforescenti XXL con lattina in alluminio"},"content":{"rendered":"","protected":false},"excerpt":{"rendered":"<p>L&#8217;<strong>XTRM BIEST Glow in the Dark XXL POPPER SNFFR con lattina in alluminio<\/strong> stabilisce nuovi standard. Il BIEST \u00e8 dotato di un&#8217;apertura XXL e di un canale trifase per un effetto esplosivo. L&#8217;XTRM BIEST render\u00e0 debole anche il pi\u00f9 duro dei ragazzi. Al buio, la bestia si illumina con un <strong>effetto verde neon fosforescente.<\/strong> Puoi appendere la tua XTRM Beast al collo con una catenella o un laccetto di pelle per essere sempre pronto. L&#8217;XTRM BIEST \u00e8 dotato di una scatola di alluminio in cui puoi riporre i tuoi popper in modo permanente. A tal fine vi forniamo un coperchio sicuro. Il barattolo di alluminio rimane al suo posto grazie al tappo in dotazione. Suggerimento: usa la tua bestia con tre <a href=\"https:\/\/poppers-online.ch\/produkt\/watte-sticks-gross-20-stueck\/\">cotton fioc<\/a> imbevuti di popper. Puoi anche ordinarli da noi.<\/p>\n","protected":false},"featured_media":94502,"comment_status":"open","ping_status":"closed","template":"","meta":{"_acf_changed":false,"iawp_total_views":2,"_glsr_average":0,"_glsr_ranking":0,"_glsr_reviews":0},"product_brand":[],"product_cat":[151,1298,1304,1307],"product_tag":[],"class_list":{"0":"post-94516","1":"product","2":"type-product","3":"status-publish","4":"has-post-thumbnail","6":"product_cat-accessori-popper","7":"product_cat-depositi-di-stoccaggio","8":"product_cat-booster-caps-it","9":"product_cat-supporto-per-popper","11":"first","12":"instock","13":"taxable","14":"shipping-taxable","15":"purchasable","16":"product-type-simple"},"acf":[],"_links":{"self":[{"href":"https:\/\/poppers-online.ch\/it\/wp-json\/wp\/v2\/product\/94516","targetHints":{"allow":["GET"]}}],"collection":[{"href":"https:\/\/poppers-online.ch\/it\/wp-json\/wp\/v2\/product"}],"about":[{"href":"https:\/\/poppers-online.ch\/it\/wp-json\/wp\/v2\/types\/product"}],"replies":[{"embeddable":true,"href":"https:\/\/poppers-online.ch\/it\/wp-json\/wp\/v2\/comments?post=94516"}],"wp:featuredmedia":[{"embeddable":true,"href":"https:\/\/poppers-online.ch\/it\/wp-json\/wp\/v2\/media\/94502"}],"wp:attachment":[{"href":"https:\/\/poppers-online.ch\/it\/wp-json\/wp\/v2\/media?parent=94516"}],"wp:term":[{"taxonomy":"product_brand","embeddable":true,"href":"https:\/\/poppers-online.ch\/it\/wp-json\/wp\/v2\/product_brand?post=94516"},{"taxonomy":"product_cat","embeddable":true,"href":"https:\/\/poppers-online.ch\/it\/wp-json\/wp\/v2\/product_cat?post=94516"},{"taxonomy":"product_tag","embeddable":true,"href":"https:\/\/poppers-online.ch\/it\/wp-json\/wp\/v2\/product_tag?post=94516"}],"curies":[{"name":"wp","href":"https:\/\/api.w.org\/{rel}","templated":true}]}}