{"id":93861,"date":"2024-05-18T13:12:42","date_gmt":"2024-05-18T12:22:06","guid":{"rendered":"https:\/\/poppers-online.ch\/produkt\/vampire-spit-extra-strong-poppers-30ml\/"},"modified":"2025-11-16T23:01:32","modified_gmt":"2025-11-16T22:01:32","slug":"vampire-spit-extra-strong-popper-30ml","status":"publish","type":"product","link":"https:\/\/poppers-online.ch\/it\/prodotto\/vampire-spit-extra-strong-popper-30ml\/","title":{"rendered":"Vampire Spit Extra Strong Popper 30ml"},"content":{"rendered":"","protected":false},"excerpt":{"rendered":"<p>Il <strong>VAMPIRE SPIT Extra Strong Popper 30ml<\/strong> ti trasformer\u00e0 in un brutale vampiro della notte. Con i nostri popper VAMPIRE SPIT extra forti diventerai una creatura notturna persistente e succhiante.<\/p>\n<p>Contiene il nitrito alchilico con il nome di nitrito esilico, che \u00e8 classificato come il meno dannoso per la salute. Il VAMPIRE SPIT Popper \u00e8 una delle variet\u00e0 pi\u00f9 forti sul mercato, con una potenza di 6, ed \u00e8 disponibile in un flacone da 30 ml con un tappo facile da aprire. Espandi i tuoi confini lussuriosi e senti i poteri soprannaturali del vampiro che \u00e8 in te.<\/p>\n","protected":false},"featured_media":93841,"comment_status":"open","ping_status":"closed","template":"","meta":{"_acf_changed":false,"iawp_total_views":3,"_glsr_average":0,"_glsr_ranking":0,"_glsr_reviews":0},"product_brand":[],"product_cat":[1047,109],"product_tag":[],"class_list":{"0":"post-93861","1":"product","2":"type-product","3":"status-publish","4":"has-post-thumbnail","6":"product_cat-popper","7":"product_cat-boccette-grandi","8":"pa_flaschenform-rotonda-grande","9":"pa_gewindegroesse-piccola","10":"pa_inhalt-30ml","11":"pa_inhaltsstoffe-nitrito-esile","12":"pa_marke-royal-hexagon","13":"pa_staerke-105","15":"first","16":"instock","17":"taxable","18":"shipping-taxable","19":"purchasable","20":"product-type-simple"},"acf":[],"_links":{"self":[{"href":"https:\/\/poppers-online.ch\/it\/wp-json\/wp\/v2\/product\/93861","targetHints":{"allow":["GET"]}}],"collection":[{"href":"https:\/\/poppers-online.ch\/it\/wp-json\/wp\/v2\/product"}],"about":[{"href":"https:\/\/poppers-online.ch\/it\/wp-json\/wp\/v2\/types\/product"}],"replies":[{"embeddable":true,"href":"https:\/\/poppers-online.ch\/it\/wp-json\/wp\/v2\/comments?post=93861"}],"wp:featuredmedia":[{"embeddable":true,"href":"https:\/\/poppers-online.ch\/it\/wp-json\/wp\/v2\/media\/93841"}],"wp:attachment":[{"href":"https:\/\/poppers-online.ch\/it\/wp-json\/wp\/v2\/media?parent=93861"}],"wp:term":[{"taxonomy":"product_brand","embeddable":true,"href":"https:\/\/poppers-online.ch\/it\/wp-json\/wp\/v2\/product_brand?post=93861"},{"taxonomy":"product_cat","embeddable":true,"href":"https:\/\/poppers-online.ch\/it\/wp-json\/wp\/v2\/product_cat?post=93861"},{"taxonomy":"product_tag","embeddable":true,"href":"https:\/\/poppers-online.ch\/it\/wp-json\/wp\/v2\/product_tag?post=93861"}],"curies":[{"name":"wp","href":"https:\/\/api.w.org\/{rel}","templated":true}]}}