{"id":93858,"date":"2024-05-18T14:12:50","date_gmt":"2024-05-18T12:22:03","guid":{"rendered":"https:\/\/poppers-online.ch\/produkt\/berlin-xxx-hardcore-poppers-30ml\/"},"modified":"2026-04-03T00:47:57","modified_gmt":"2026-04-02T22:47:57","slug":"berlin-xxx-hardcore-popper-30ml","status":"publish","type":"product","link":"https:\/\/poppers-online.ch\/it\/prodotto\/berlin-xxx-hardcore-popper-30ml\/","title":{"rendered":"BERLIN XXX Hardcore Popper 30ml"},"content":{"rendered":"","protected":false},"excerpt":{"rendered":"<p>Il <strong>BERLIN XXX Hardcore Popper 30ml<\/strong> dice tutto con il nome XXX. XXX sta per sesso e porno. Berlino \u00e8 la capitale europea del sesso e del divertimento esuberante nei sex party, nei nightclub o anche all&#8217;aperto. BERLIN XXX Hardcore Popper 30ml contiene il nitrito alchilico chiamato nitrito esilico, classificato come il meno dannoso per la salute. Con una gradazione di 5, \u00e8 una delle variet\u00e0 pi\u00f9 forti sul mercato ed \u00e8 disponibile in una boccetta da 30 ml con un tappo facile da aprire. Goditi le vibrazioni insolite e gli angoli pi\u00f9 segreti della capitale del sesso Berlino con il potente BERLIN XXX Hardcore Popper 30ml.<\/p>\n","protected":false},"featured_media":93855,"comment_status":"open","ping_status":"closed","template":"","meta":{"_acf_changed":false,"iawp_total_views":8,"_glsr_average":0,"_glsr_ranking":0,"_glsr_reviews":0},"product_brand":[],"product_cat":[1047,109],"product_tag":[],"class_list":{"0":"post-93858","1":"product","2":"type-product","3":"status-publish","4":"has-post-thumbnail","6":"product_cat-popper","7":"product_cat-boccette-grandi","8":"pa_flaschenform-rotonda-grande","9":"pa_gewindegroesse-piccola","10":"pa_inhalt-30ml","11":"pa_inhaltsstoffe-nitrito-esile","12":"pa_marke-royal-hexagon","13":"pa_staerke-103","15":"first","16":"instock","17":"taxable","18":"shipping-taxable","19":"purchasable","20":"product-type-simple"},"acf":[],"_links":{"self":[{"href":"https:\/\/poppers-online.ch\/it\/wp-json\/wp\/v2\/product\/93858","targetHints":{"allow":["GET"]}}],"collection":[{"href":"https:\/\/poppers-online.ch\/it\/wp-json\/wp\/v2\/product"}],"about":[{"href":"https:\/\/poppers-online.ch\/it\/wp-json\/wp\/v2\/types\/product"}],"replies":[{"embeddable":true,"href":"https:\/\/poppers-online.ch\/it\/wp-json\/wp\/v2\/comments?post=93858"}],"wp:featuredmedia":[{"embeddable":true,"href":"https:\/\/poppers-online.ch\/it\/wp-json\/wp\/v2\/media\/93855"}],"wp:attachment":[{"href":"https:\/\/poppers-online.ch\/it\/wp-json\/wp\/v2\/media?parent=93858"}],"wp:term":[{"taxonomy":"product_brand","embeddable":true,"href":"https:\/\/poppers-online.ch\/it\/wp-json\/wp\/v2\/product_brand?post=93858"},{"taxonomy":"product_cat","embeddable":true,"href":"https:\/\/poppers-online.ch\/it\/wp-json\/wp\/v2\/product_cat?post=93858"},{"taxonomy":"product_tag","embeddable":true,"href":"https:\/\/poppers-online.ch\/it\/wp-json\/wp\/v2\/product_tag?post=93858"}],"curies":[{"name":"wp","href":"https:\/\/api.w.org\/{rel}","templated":true}]}}