{"id":93777,"date":"2024-05-16T14:16:55","date_gmt":"2024-05-16T15:32:41","guid":{"rendered":"https:\/\/poppers-online.ch\/produkt\/anelli-per-supercazzi-in-silicone-colt\/"},"modified":"2024-10-25T12:26:37","modified_gmt":"2024-10-25T10:26:37","slug":"anelli-per-supercazzi-in-silicone-colt","status":"publish","type":"product","link":"https:\/\/poppers-online.ch\/it\/prodotto\/anelli-per-supercazzi-in-silicone-colt\/","title":{"rendered":"COLT Silicone Super Cock Rings"},"content":{"rendered":"","protected":false},"excerpt":{"rendered":"<p>Tuffati nell&#8217;azione come un uomo COLT, grande e duro come una roccia! I <strong>COLT Silicone Super Cock Rings<\/strong> sono stimolatori di erezione resistenti ed elastici, progettati per garantire il massimo comfort e una maggiore resistenza. Questo set di due anelli in silicone extra elastici e sovradimensionati \u00e8 morbido e confortevole e allo stesso tempo offre una resistenza superiore. Inoltre, sono realizzati in puro silicone di colore nero scuro, quindi sono tanto sicuri quanto sexy. Sono realizzati per il massimo del piacere e della sicurezza, con materiali di alta qualit\u00e0 e privi di ftalati. I COLT Silicone Super Cock Rings sostengono e mantengono il tuo piacere pi\u00f9 a lungo. Con questi comodi amplificatori, potrai accontentare il tuo partner e migliorare la tua soddisfazione. Grazie a questo supporto, potrai vivere un&#8217;esperienza pi\u00f9 emozionante in camera da letto. Design elegante e vestibilit\u00e0 comoda: i Super Anelli in Silicone COLT offrono tutto ci\u00f2 di cui hai bisogno per un&#8217;esperienza sensuale pi\u00f9 eccitante. Preparati, preparati e rimani con lui pi\u00f9 a lungo &#8211; rimani duro e forte pi\u00f9 a lungo. I nostri COLT Silicone Super Cock Rings hanno ci\u00f2 che ti serve per ottenere ci\u00f2 che vuoi. Non dimenticare di pulire i super anelli in silicone prima e dopo l&#8217;uso con acqua calda e sapone o con un detergente per giocattoli di alta qualit\u00e0.<\/p>\n<p>&nbsp;<\/p>\n<div class=\"info-block--item\">\n<div><strong>Diametro:<\/strong> M: 3,75 cm | L: 4,5 cm<\/div>\n<div><strong>Materiale:<\/strong> Silicone<\/div>\n<\/div>\n","protected":false},"featured_media":93690,"comment_status":"closed","ping_status":"closed","template":"","meta":{"_acf_changed":false,"iawp_total_views":4,"_glsr_average":0,"_glsr_ranking":0,"_glsr_reviews":0},"product_brand":[],"product_cat":[2092,172],"product_tag":[],"class_list":{"0":"post-93777","1":"product","2":"type-product","3":"status-publish","4":"has-post-thumbnail","6":"product_cat-cock-play","7":"product_cat-sex-toys","9":"first","10":"instock","11":"taxable","12":"shipping-taxable","13":"purchasable","14":"product-type-simple"},"acf":[],"_links":{"self":[{"href":"https:\/\/poppers-online.ch\/it\/wp-json\/wp\/v2\/product\/93777","targetHints":{"allow":["GET"]}}],"collection":[{"href":"https:\/\/poppers-online.ch\/it\/wp-json\/wp\/v2\/product"}],"about":[{"href":"https:\/\/poppers-online.ch\/it\/wp-json\/wp\/v2\/types\/product"}],"replies":[{"embeddable":true,"href":"https:\/\/poppers-online.ch\/it\/wp-json\/wp\/v2\/comments?post=93777"}],"wp:featuredmedia":[{"embeddable":true,"href":"https:\/\/poppers-online.ch\/it\/wp-json\/wp\/v2\/media\/93690"}],"wp:attachment":[{"href":"https:\/\/poppers-online.ch\/it\/wp-json\/wp\/v2\/media?parent=93777"}],"wp:term":[{"taxonomy":"product_brand","embeddable":true,"href":"https:\/\/poppers-online.ch\/it\/wp-json\/wp\/v2\/product_brand?post=93777"},{"taxonomy":"product_cat","embeddable":true,"href":"https:\/\/poppers-online.ch\/it\/wp-json\/wp\/v2\/product_cat?post=93777"},{"taxonomy":"product_tag","embeddable":true,"href":"https:\/\/poppers-online.ch\/it\/wp-json\/wp\/v2\/product_tag?post=93777"}],"curies":[{"name":"wp","href":"https:\/\/api.w.org\/{rel}","templated":true}]}}