{"id":93772,"date":"2024-05-16T14:38:43","date_gmt":"2024-05-16T15:32:38","guid":{"rendered":"https:\/\/poppers-online.ch\/produkt\/bathmate-hydromax-8-pompa-per-il-pene-blu\/"},"modified":"2024-10-21T16:40:47","modified_gmt":"2024-10-21T14:40:47","slug":"bathmate-hydromax-8-pompa-per-il-pene-blu","status":"publish","type":"product","link":"https:\/\/poppers-online.ch\/it\/prodotto\/bathmate-hydromax-8-pompa-per-il-pene-blu\/","title":{"rendered":"Bathmate HYDROMAX 8 pompa per il pene blu"},"content":{"rendered":"","protected":false},"excerpt":{"rendered":"<p>La <strong>pompa per il pene Bathmate HYDROMAX 8 blu<\/strong> di Bathmate \u00e8 il prodotto idro-vuoto pi\u00f9 efficace al mondo sul mercato. Utilizzando l&#8217;acqua anzich\u00e9 l&#8217;aria, la pompa brevettata Hydromax fornisce una pressione uniforme intorno al pene, consentendo un&#8217;espansione uniforme dei tessuti. Questo design rivoluzionario aumenta le dimensioni e la circonferenza del pene con risultati a lungo termine. Inoltre, migliora il flusso sanguigno nel pene, garantendo erezioni pi\u00f9 dure anche quando la pompa non \u00e8 in uso.  <\/p>\n<h2>La pompa per il pene HYDROMAX 8 \u00e8 adatta a me?<\/h2>\n<p>Quando acquisti una pompa per il pene, devi assicurarti che le dimensioni del tuo pene corrispondano a quelle della pompa. Devi scegliere la dimensione corretta della pompa in modo da ottenere un effetto ottimale dal vuoto. Quindi misura con attenzione prima di acquistare online. Per la pompa per il pene HYDROMAX 8, il tuo pene eretto deve essere lungo tra i 15 e i 20 cm e deve entrare comodamente al suo interno. Se scegli un modello di pompa per pene ad acqua Bathmate troppo grande, la pressione negativa generata sar\u00e0 minore. Il tuo pene crescer\u00e0 pi\u00f9 lentamente o non crescer\u00e0 affatto. Quindi sii onesto con te stesso quando prendi le misure! Per quanto riguarda le pompe per il pene Bathmate, puoi utilizzare il numero presente nel nome del prodotto come guida alle dimensioni. Questo indica la lunghezza massima del pene in pollici. Nel caso di HYDROMAX 8 si tratta di 8 pollici (circa 20 cm). Se la tua bacchetta \u00e8 lunga tra i 12 e i 18 cm, cio\u00e8 un massimo di 18 cm, allora dovresti scegliere Hydromax7. Se la natura ti ha fatto un grande regalo, allora il modello 9 per una lunghezza massima di 23 cm \u00e8 la scelta giusta.      <\/p>\n<h2>Come funziona esattamente la pompa per il pene BATHMATE?<\/h2>\n<p>Durante l&#8217;erezione, il sangue fluisce nel tessuto erettile del pene. Questo lo rende pi\u00f9 rigido e pi\u00f9 lungo. A seconda che tu abbia un pene sanguigno o un pene di carne, la crescita in lunghezza e circonferenza \u00e8 diversa. Pi\u00f9 il sangue pu\u00f2 fluire nei vasi sanguigni o pi\u00f9 i vasi sanguigni si dilatano, pi\u00f9 il tuo pene migliore aumenta in lunghezza e circonferenza.    <\/p>\n<h3>Quali sono i vantaggi della pompa per il pene BATHMATE rispetto ai modelli tradizionali?<\/h3>\n<p>BATHMATE \u00e8 una pompa per il pene ad acqua e utilizza l&#8217;acqua (da cui il termine &#8220;hydro&#8221; nel nome del prodotto) invece dell&#8217;aria. L&#8217;acqua garantisce una pressione uniforme intorno al pene, facendo espandere il tessuto in modo uniforme. La valvola di blocco del super-flusso assicura che l&#8217;acqua non fuoriesca pi\u00f9 dalla valvola e che la pressione rimanga ottimale.  <\/p>\n<h2>Come si usa efficacemente la pompa per il pene BATHMATE HYDROMAX 8?<\/h2>\n<p>Questa pompa per il pene \u00e8 progettata per essere utilizzata sotto la doccia o nella vasca da bagno. Sdraiati nella vasca da bagno per un&#8217;esperienza ottimale. In questo modo non dovrai preoccuparti della fuoriuscita dell&#8217;acqua. Stare seduti o camminare con il BATHMATE pieno non \u00e8 piacevole. Inoltre, il cilindro pieno d&#8217;acqua pu\u00f2 raggiungere un certo peso. Riempi d&#8217;acqua la pompa per il pene. Inserisci il tuo membro flaccido, semi-eretto o eretto. La condizione ideale dipende dalle preferenze personali. Poi inizia a pompare fuori l&#8217;acqua con il soffietto comprimibile fino a quando non esce pi\u00f9 acqua dalla valvola. La pressione o il vuoto non devono essere impostati troppo alti. La tentazione, soprattutto per i principianti, \u00e8 quella di massimizzare l&#8217;ingrandimento del pene applicando una pressione elevata. Soprattutto se sei un principiante, non devi esagerare. Il vuoto ottimale si raggiunge quando il cilindro della pompa per il pene si aspira alla base del pene e il tubo non cade.       <\/p>\n<h2>Cosa devo considerare con le pompe per il pene?<\/h2>\n<p>Se sei un principiante, non usare la pompa per il pene per pi\u00f9 di 15 minuti. Puoi anche interrompere il tuo allenamento del pene, togliere la pompa e rimetterla. L&#8217;utilizzo della pompa ogni due giorni si \u00e8 rivelato ideale. In questo modo potrai ottenere un ingrandimento permanente del pene. Interrompi il pompaggio del pene con Bathmate se provi dolore o fastidio. I diabetici, gli epilettici, i pazienti affetti da sclerosi multipla e le persone con problemi cardiologici dovrebbero sempre consultare un medico prima dell&#8217;uso.   <\/p>\n<h2>Quali miglioramenti posso ottenere con la pompa per il pene BATHMATE?<\/h2>\n<p>Puoi ottenere questi miglioramenti con un allenamento regolare del pene:<\/p>\n<ul>\n<li>Ingrandimento del pene: si pu\u00f2 prevedere un aumento della lunghezza di circa il 15% in stato di erezione. L&#8217;aumento non riguarda solo la lunghezza. \u00c8 possibile ottenere una circonferenza del pene pi\u00f9 ampia e maggiori prestazioni sessuali. L&#8217;aumento della circonferenza pu\u00f2 raggiungere i 2 cm.   <\/li>\n<li>Erezioni impressionanti: L&#8217;uso della pompa per il pene allarga i vasi sanguigni del tessuto erettile. In questo modo il tuo pezzo forte riceve pi\u00f9 sangue e di conseguenza avrai un&#8217;erezione pi\u00f9 dura. <\/li>\n<li>La pompa per il pene pu\u00f2 essere utilizzata anche per correggere una leggera curvatura del pene.<\/li>\n<li>Aumento della libido: i consumatori esperti riferiscono un aumento della libido e un miglioramento della qualit\u00e0 della vita.<\/li>\n<\/ul>\n<h2>Cosa succede al mio pene se smetto di usare la pompa?<\/h2>\n<p>L&#8217;allenamento regolare con BATHMATE d\u00e0 al tuo pezzo migliore pi\u00f9 lunghezza e volume. Se smetti di allenarti, \u00e8 un po&#8217; come l&#8217;allenamento per la costruzione dei muscoli in palestra. Probabilmente perderai i guadagni ottenuti. Ma non farti prendere dal panico, non scenderai al di sotto del punto di partenza.   <\/p>\n<h2>Come si puliscono e si conservano le pompe per il pene?<\/h2>\n<p>Dopo l&#8217;uso, la pompa per il pene deve essere pulita con acqua tiepida e un detergente delicato. Evita i detergenti aggressivi, perch\u00e9 aggrediscono il materiale. Inoltre, la pompa per il pene non deve essere messa in lavastoviglie. L&#8217;ideale \u00e8 utilizzare una spazzola cilindrica con una spugna o una spazzola con una spugna cilindrica. Le spazzole cilindriche con setole dure graffiano la superficie in plastica. Lascia asciugare bene la pompa BATHMATE dopo la pulizia. Usa un panno pulito per farlo. Quindi riponila nella confezione originale o in un sacchetto di stoffa, se possibile. Non esporre il prodotto alla luce diretta del sole. I raggi UV rendono la plastica fragile e possono causare crepe.  <\/p>\n<h2>Cosa c&#8217;\u00e8 da sapere sui prodotti BATHMATE<\/h2>\n<p>L&#8217;ingegnere meccanico John Oakes ha iniziato a sviluppare pompe per il pene nel 2004. Ben presto si rese conto che le pompe a vuoto ad aria non erano la soluzione ottimale. Pass\u00f2 alle pompe idrauliche ad acqua, che diedero risultati migliori. Nel 2006 ha lanciato sul mercato il leggendario modello Hercules di BATHMATE. Da allora, le pompe per il pene BATHMATE sono state costantemente sviluppate e migliorate. La nuova e brevettata pompa per il pene HYDROMAX 8 \u00e8 il successore del modello Hercules e colpisce per la sua esclusiva tecnologia Hydropump. Le pompe BATHMATE sono prodotti di qualit\u00e0 e sono fabbricate nel Regno Unito. Sono disponibili accessori e pezzi di ricambio. Cos\u00ec potrai goderti la tua pompa per il pene per molto tempo.  <\/p>\n<h2>Ulteriori informazioni sulla pompa per il pene Bathmate<\/h2>\n<div>\n<ul>\n<li>Miglioramenti comprovati e duraturi per il vigore sessuale.<\/li>\n<li>Migliori erezioni e resistenza sessuale.<\/li>\n<li>Si adatta alle taglie 6 &#8211; 8 pollici (15 &#8211; 20 cm).<\/li>\n<li>Certificato skin-friendly.<\/li>\n<li>Da usare nella vasca da bagno o nella doccia.<\/li>\n<li>Valvola di arresto Superflow.<\/li>\n<li>Prodotto in Gran Bretagna<\/li>\n<\/ul>\n<\/div>\n","protected":false},"featured_media":93704,"comment_status":"closed","ping_status":"closed","template":"","meta":{"_acf_changed":false,"iawp_total_views":11,"_glsr_average":0,"_glsr_ranking":0,"_glsr_reviews":0},"product_brand":[],"product_cat":[2098,172],"product_tag":[],"class_list":{"0":"post-93772","1":"product","2":"type-product","3":"status-publish","4":"has-post-thumbnail","6":"product_cat-agrandir-penis","7":"product_cat-sex-toys","9":"first","10":"instock","11":"taxable","12":"shipping-taxable","13":"purchasable","14":"product-type-simple"},"acf":[],"_links":{"self":[{"href":"https:\/\/poppers-online.ch\/it\/wp-json\/wp\/v2\/product\/93772","targetHints":{"allow":["GET"]}}],"collection":[{"href":"https:\/\/poppers-online.ch\/it\/wp-json\/wp\/v2\/product"}],"about":[{"href":"https:\/\/poppers-online.ch\/it\/wp-json\/wp\/v2\/types\/product"}],"replies":[{"embeddable":true,"href":"https:\/\/poppers-online.ch\/it\/wp-json\/wp\/v2\/comments?post=93772"}],"wp:featuredmedia":[{"embeddable":true,"href":"https:\/\/poppers-online.ch\/it\/wp-json\/wp\/v2\/media\/93704"}],"wp:attachment":[{"href":"https:\/\/poppers-online.ch\/it\/wp-json\/wp\/v2\/media?parent=93772"}],"wp:term":[{"taxonomy":"product_brand","embeddable":true,"href":"https:\/\/poppers-online.ch\/it\/wp-json\/wp\/v2\/product_brand?post=93772"},{"taxonomy":"product_cat","embeddable":true,"href":"https:\/\/poppers-online.ch\/it\/wp-json\/wp\/v2\/product_cat?post=93772"},{"taxonomy":"product_tag","embeddable":true,"href":"https:\/\/poppers-online.ch\/it\/wp-json\/wp\/v2\/product_tag?post=93772"}],"curies":[{"name":"wp","href":"https:\/\/api.w.org\/{rel}","templated":true}]}}