{"id":93771,"date":"2024-05-16T13:59:05","date_gmt":"2024-05-16T15:32:33","guid":{"rendered":"https:\/\/poppers-online.ch\/produkt\/colt-xxxl-spina-per-paraurti-con-pantaloni-staccabili\/"},"modified":"2024-05-16T17:32:33","modified_gmt":"2024-05-16T15:32:33","slug":"colt-xxxl-spina-per-paraurti-con-pantaloni-staccabili","status":"publish","type":"product","link":"https:\/\/poppers-online.ch\/it\/prodotto\/colt-xxxl-spina-per-paraurti-con-pantaloni-staccabili\/","title":{"rendered":"COLT XXXL Spina per paraurti con pantaloni staccabili"},"content":{"rendered":"","protected":false},"excerpt":{"rendered":"<p>I pionieri del piacere maschile l&#8217;hanno fatto di nuovo con il <strong>COLT XXXL Pumper Plug con pantaloni staccabili<\/strong>. Questa sonda unica nel suo genere offre un divertimento fuori misura con un corpo gonfiabile, una palla facile da spremere e rimane gonfia anche quando il tubo viene rimosso! Per gonfiare la tua estasi, basta collegare il tubo e pompare la palla facile da premere. Una volta raggiunta la misura desiderata, la sonda mantiene le sue dimensioni anche quando il tubo viene rimosso e il pulsante di rilascio rapido dell&#8217;aria consente di sgonfiarla e rimuoverla delicatamente. Per godere appieno dell&#8217;eccitante mondo del piacere anale, questa sonda rigonfia in modo uniforme per offrire una stimolazione a misura d&#8217;uomo. La sonda in silicone flessibile ha la flessibilit\u00e0 perfetta per piegarsi e muoversi naturalmente con il tuo corpo. La potente base a ventosa \u00e8 perfetta per il divertimento creativo, la sonda pu\u00f2 essere utilizzata con o senza imbracature o montata su una superficie piana per un divertimento diabolico. La sonda flessibile, il tubo e la sfera sono realizzati in silicone senza saldature con valvole di uscita in plastica ABS. Prima del gonfiaggio, il tappo in silicone ha una dimensione complessiva di 13,25 cm x 3,75 cm.<\/p>\n<p>&nbsp;<\/p>\n<div class=\"info-block--item\">\n<div>Lunghezza totale: 16 cm<\/div>\n<\/div>\n<div class=\"info-block--item\">\n<div>Diametro: 4,5 cm<\/div>\n<\/div>\n<div class=\"info-block--item\">\n<div>Materiale: Silicone (tappo, tubo, bulbo), ABS (valvole di rilascio)<\/div>\n<\/div>\n","protected":false},"featured_media":93684,"comment_status":"closed","ping_status":"closed","template":"","meta":{"_acf_changed":false,"iawp_total_views":3,"_glsr_average":0,"_glsr_ranking":0,"_glsr_reviews":0},"product_brand":[],"product_cat":[2086,172],"product_tag":[],"class_list":{"0":"post-93771","1":"product","2":"type-product","3":"status-publish","4":"has-post-thumbnail","6":"product_cat-anal-play","7":"product_cat-sex-toys","9":"first","10":"instock","11":"taxable","12":"shipping-taxable","13":"purchasable","14":"product-type-simple"},"acf":[],"_links":{"self":[{"href":"https:\/\/poppers-online.ch\/it\/wp-json\/wp\/v2\/product\/93771","targetHints":{"allow":["GET"]}}],"collection":[{"href":"https:\/\/poppers-online.ch\/it\/wp-json\/wp\/v2\/product"}],"about":[{"href":"https:\/\/poppers-online.ch\/it\/wp-json\/wp\/v2\/types\/product"}],"replies":[{"embeddable":true,"href":"https:\/\/poppers-online.ch\/it\/wp-json\/wp\/v2\/comments?post=93771"}],"wp:featuredmedia":[{"embeddable":true,"href":"https:\/\/poppers-online.ch\/it\/wp-json\/wp\/v2\/media\/93684"}],"wp:attachment":[{"href":"https:\/\/poppers-online.ch\/it\/wp-json\/wp\/v2\/media?parent=93771"}],"wp:term":[{"taxonomy":"product_brand","embeddable":true,"href":"https:\/\/poppers-online.ch\/it\/wp-json\/wp\/v2\/product_brand?post=93771"},{"taxonomy":"product_cat","embeddable":true,"href":"https:\/\/poppers-online.ch\/it\/wp-json\/wp\/v2\/product_cat?post=93771"},{"taxonomy":"product_tag","embeddable":true,"href":"https:\/\/poppers-online.ch\/it\/wp-json\/wp\/v2\/product_tag?post=93771"}],"curies":[{"name":"wp","href":"https:\/\/api.w.org\/{rel}","templated":true}]}}