{"id":93620,"date":"2024-05-16T12:03:41","date_gmt":"2024-05-16T10:03:41","guid":{"rendered":"https:\/\/poppers-online.ch\/produkt\/drecksau-popper-extra-forte-30ml\/"},"modified":"2026-04-10T09:24:28","modified_gmt":"2026-04-10T07:24:28","slug":"drecksau-popper-extra-forte-30ml","status":"publish","type":"product","link":"https:\/\/poppers-online.ch\/it\/prodotto\/drecksau-popper-extra-forte-30ml\/","title":{"rendered":"Drecksau Popper Extra Forte 30ml"},"content":{"rendered":"","protected":false},"excerpt":{"rendered":"<p>Il <strong>Drecksau Popper Extra Forte 30ml<\/strong> risveglier\u00e0 anche la scrofa che \u00e8 in te. Con i nostri Drecksau Popper extra forti, puoi darti da fare quando si tratta di sesso, sesso anale, sesso orale e posizioni sessuali insolite. Contiene il nitrito alchilico con il nome di nitrito esilico, che \u00e8 classificato come il meno dannoso per la salute. Con una gradazione di 6, Drecksau Popper \u00e8 una delle variet\u00e0 pi\u00f9 forti sul mercato ed \u00e8 disponibile in una boccetta da 30 ml con un tappo facile da aprire. Espandi i tuoi limiti e fai uscire il tuo maiale senza freni con i Drecksau Popper Extra Forte.<\/p>\n","protected":false},"featured_media":93617,"comment_status":"open","ping_status":"closed","template":"","meta":{"_acf_changed":false,"iawp_total_views":28,"_glsr_average":0,"_glsr_ranking":0,"_glsr_reviews":0},"product_brand":[],"product_cat":[1047,109],"product_tag":[],"class_list":{"0":"post-93620","1":"product","2":"type-product","3":"status-publish","4":"has-post-thumbnail","6":"product_cat-popper","7":"product_cat-boccette-grandi","8":"pa_flaschenform-rotonda-grande","9":"pa_gewindegroesse-piccola","10":"pa_inhalt-30ml","11":"pa_inhaltsstoffe-nitrito-esile","12":"pa_marke-royal-hexagon","13":"pa_staerke-105","15":"first","16":"instock","17":"taxable","18":"shipping-taxable","19":"purchasable","20":"product-type-simple"},"acf":[],"_links":{"self":[{"href":"https:\/\/poppers-online.ch\/it\/wp-json\/wp\/v2\/product\/93620","targetHints":{"allow":["GET"]}}],"collection":[{"href":"https:\/\/poppers-online.ch\/it\/wp-json\/wp\/v2\/product"}],"about":[{"href":"https:\/\/poppers-online.ch\/it\/wp-json\/wp\/v2\/types\/product"}],"replies":[{"embeddable":true,"href":"https:\/\/poppers-online.ch\/it\/wp-json\/wp\/v2\/comments?post=93620"}],"wp:featuredmedia":[{"embeddable":true,"href":"https:\/\/poppers-online.ch\/it\/wp-json\/wp\/v2\/media\/93617"}],"wp:attachment":[{"href":"https:\/\/poppers-online.ch\/it\/wp-json\/wp\/v2\/media?parent=93620"}],"wp:term":[{"taxonomy":"product_brand","embeddable":true,"href":"https:\/\/poppers-online.ch\/it\/wp-json\/wp\/v2\/product_brand?post=93620"},{"taxonomy":"product_cat","embeddable":true,"href":"https:\/\/poppers-online.ch\/it\/wp-json\/wp\/v2\/product_cat?post=93620"},{"taxonomy":"product_tag","embeddable":true,"href":"https:\/\/poppers-online.ch\/it\/wp-json\/wp\/v2\/product_tag?post=93620"}],"curies":[{"name":"wp","href":"https:\/\/api.w.org\/{rel}","templated":true}]}}