{"id":93580,"date":"2024-05-15T18:54:23","date_gmt":"2024-05-15T19:38:44","guid":{"rendered":"https:\/\/poppers-online.ch\/produkt\/s8-4-in-1-dessert-lube-125ml-fragola-ananas\/"},"modified":"2024-10-25T14:35:22","modified_gmt":"2024-10-25T12:35:22","slug":"s8-4-in-1-dessert-lube-125ml-fragola-ananas","status":"publish","type":"product","link":"https:\/\/poppers-online.ch\/it\/prodotto\/s8-4-in-1-dessert-lube-125ml-fragola-ananas\/","title":{"rendered":"S8 4-in-1 Dessert Lube 125ml Fragola Ananas"},"content":{"rendered":"","protected":false},"excerpt":{"rendered":"<p>Il lubrificante <strong>S8 4-in-1 Dessert Lube 125ml Fragola Ananas<\/strong> di S8 \u00e8 la scelta perfetta per preliminari sensuali e maliziosi. La formula di alta qualit\u00e0 \u00e8 composta da ingredienti che rispettano il corpo. Questo significa che \u00e8 anche baciabile e commestibile! Il lubrificante per dolci S8 4-in-1 pu\u00f2 essere utilizzato in diversi modi: come lubrificante, come olio per massaggi, come bocconcino o come olio riscaldante. La formula ha propriet\u00e0 riscaldanti, il che significa che quando la applichi sulle tue zone erogene, ti riscalda delicatamente con una calda eccitazione! Divertiti a giocare!<\/p>\n<p>&nbsp;<\/p>\n<p><strong>Contenuto<\/strong>: 125ml (varianti: fragola, ananas)<\/p>\n<p><strong>Ingredienti Fragola:<\/strong>GLICERINA, ACQUA, PROPYLENEGLYCOL, AROMA, SODIO SACCHARINO<\/p>\n<p><strong>Ingredienti Ananas: <\/strong>GLICERINA, ACQUA, PROPYLENEGLYCOL, AROMA, SODIO SACCHARINO<\/p>\n","protected":false},"featured_media":93541,"comment_status":"open","ping_status":"closed","template":"","meta":{"_acf_changed":false,"iawp_total_views":2,"_glsr_average":0,"_glsr_ranking":0,"_glsr_reviews":0},"product_brand":[],"product_cat":[2068,2083,168],"product_tag":[],"class_list":{"0":"post-93580","1":"product","2":"type-product","3":"status-publish","4":"has-post-thumbnail","6":"product_cat-lubrificanti","7":"product_cat-massaggio","8":"product_cat-farmacia","10":"first","11":"instock","12":"taxable","13":"shipping-taxable","14":"purchasable","15":"product-type-variable","16":"has-default-attributes"},"acf":[],"_links":{"self":[{"href":"https:\/\/poppers-online.ch\/it\/wp-json\/wp\/v2\/product\/93580","targetHints":{"allow":["GET"]}}],"collection":[{"href":"https:\/\/poppers-online.ch\/it\/wp-json\/wp\/v2\/product"}],"about":[{"href":"https:\/\/poppers-online.ch\/it\/wp-json\/wp\/v2\/types\/product"}],"replies":[{"embeddable":true,"href":"https:\/\/poppers-online.ch\/it\/wp-json\/wp\/v2\/comments?post=93580"}],"wp:featuredmedia":[{"embeddable":true,"href":"https:\/\/poppers-online.ch\/it\/wp-json\/wp\/v2\/media\/93541"}],"wp:attachment":[{"href":"https:\/\/poppers-online.ch\/it\/wp-json\/wp\/v2\/media?parent=93580"}],"wp:term":[{"taxonomy":"product_brand","embeddable":true,"href":"https:\/\/poppers-online.ch\/it\/wp-json\/wp\/v2\/product_brand?post=93580"},{"taxonomy":"product_cat","embeddable":true,"href":"https:\/\/poppers-online.ch\/it\/wp-json\/wp\/v2\/product_cat?post=93580"},{"taxonomy":"product_tag","embeddable":true,"href":"https:\/\/poppers-online.ch\/it\/wp-json\/wp\/v2\/product_tag?post=93580"}],"curies":[{"name":"wp","href":"https:\/\/api.w.org\/{rel}","templated":true}]}}