{"id":92946,"date":"2024-05-05T15:45:27","date_gmt":"2024-05-05T19:49:47","guid":{"rendered":"https:\/\/poppers-online.ch\/produkt\/s8-spray-gola-profonda-30ml\/"},"modified":"2024-05-05T21:49:47","modified_gmt":"2024-05-05T19:49:47","slug":"s8-spray-gola-profonda-30ml","status":"publish","type":"product","link":"https:\/\/poppers-online.ch\/it\/prodotto\/s8-spray-gola-profonda-30ml\/","title":{"rendered":"S8 Spray Gola Profonda 30ml"},"content":{"rendered":"","protected":false},"excerpt":{"rendered":"<p>L&#8217;<strong>S8 Deep Throat Spray 30ml<\/strong> \u00e8 un innovativo spray a base d&#8217;acqua con un rinfrescante aroma di menta. Questo spray appositamente formulato \u00e8 stato progettato per migliorare la tua esperienza orale desensibilizzando la gola per un pompino pi\u00f9 profondo e soddisfacente. L&#8217;ingrediente principale \u00e8 il Laureth-9, che anestetizza delicatamente la gola per un maggiore comfort durante la stimolazione orale. Con questo spray potrai esplorare nuove profondit\u00e0 del piacere e portare i tuoi momenti di intimit\u00e0 a nuovi livelli. Lo Spray Gola Profonda S8 \u00e8 facile da usare. Basta applicare 1-3 spruzzi direttamente in gola e lasciare che lo spray faccia effetto. Evita il contatto con gli occhi e non spruzzare vicino a ferite aperte. Goditi lo stuzzicante sapore di menta di S8 Deep Throat Spray e vivi un rapporto orale pi\u00f9 soddisfacente e piacevole.<\/p>\n<p>&nbsp;<\/p>\n<p><strong>Contenuto<\/strong>: 30ml<\/p>\n<p><strong>Ingredienti<\/strong>: AQUA, GLYCERIN, LAURETH-9, PEG-6 CAPRYLIC\/CAPRIC GLYCERIDES, METHYL LACTATE, LACTIC ACID, EUGENIA CARYOPHYLUS, SODIUM BENZOATE, PATASSIUM SORBATE, EUGENOL<\/p>\n","protected":false},"featured_media":92879,"comment_status":"closed","ping_status":"closed","template":"","meta":{"_acf_changed":false,"iawp_total_views":15,"_glsr_average":0,"_glsr_ranking":0,"_glsr_reviews":0},"product_brand":[],"product_cat":[2071,168],"product_tag":[],"class_list":{"0":"post-92946","1":"product","2":"type-product","3":"status-publish","4":"has-post-thumbnail","6":"product_cat-helpers","7":"product_cat-farmacia","9":"first","10":"instock","11":"taxable","12":"shipping-taxable","13":"purchasable","14":"product-type-simple"},"acf":[],"_links":{"self":[{"href":"https:\/\/poppers-online.ch\/it\/wp-json\/wp\/v2\/product\/92946","targetHints":{"allow":["GET"]}}],"collection":[{"href":"https:\/\/poppers-online.ch\/it\/wp-json\/wp\/v2\/product"}],"about":[{"href":"https:\/\/poppers-online.ch\/it\/wp-json\/wp\/v2\/types\/product"}],"replies":[{"embeddable":true,"href":"https:\/\/poppers-online.ch\/it\/wp-json\/wp\/v2\/comments?post=92946"}],"wp:featuredmedia":[{"embeddable":true,"href":"https:\/\/poppers-online.ch\/it\/wp-json\/wp\/v2\/media\/92879"}],"wp:attachment":[{"href":"https:\/\/poppers-online.ch\/it\/wp-json\/wp\/v2\/media?parent=92946"}],"wp:term":[{"taxonomy":"product_brand","embeddable":true,"href":"https:\/\/poppers-online.ch\/it\/wp-json\/wp\/v2\/product_brand?post=92946"},{"taxonomy":"product_cat","embeddable":true,"href":"https:\/\/poppers-online.ch\/it\/wp-json\/wp\/v2\/product_cat?post=92946"},{"taxonomy":"product_tag","embeddable":true,"href":"https:\/\/poppers-online.ch\/it\/wp-json\/wp\/v2\/product_tag?post=92946"}],"curies":[{"name":"wp","href":"https:\/\/api.w.org\/{rel}","templated":true}]}}