{"id":92765,"date":"2024-05-03T13:30:28","date_gmt":"2024-05-03T11:56:36","guid":{"rendered":"https:\/\/poppers-online.ch\/produkt\/anal-fantasy-deluxe-vibro-balls\/"},"modified":"2024-05-03T13:56:36","modified_gmt":"2024-05-03T11:56:36","slug":"anal-fantasy-deluxe-vibro-balls","status":"publish","type":"product","link":"https:\/\/poppers-online.ch\/it\/prodotto\/anal-fantasy-deluxe-vibro-balls\/","title":{"rendered":"Anal Fantasy Deluxe Vibro Balls"},"content":{"rendered":"","protected":false},"excerpt":{"rendered":"<p>Lasciati alle spalle i tab\u00f9 del sesso anale e scopri un piacere incredibile con le nostre <strong>Anal Fantasy Deluxe Vibro Balls<\/strong>. Se non hai mai provato il gioco anale, queste Vibro Balls Deluxe sono proprio l&#8217;ideale per esplorare il fantastico mondo della stimolazione anale. Le Vibro Balls Deluxe hanno un diametro di 3 cm e sono dotate di una robusta cinghia di ritorno per un utilizzo facile e sicuro. Le eleganti sfere ponderate ti offrono un piacere indipendente e continuano a vibrare con ogni movimento del tuo corpo. Anche il pi\u00f9 piccolo tremore attiva vibrazioni squisitamente silenziose che non necessitano di batterie! Pulire dopo il piacere \u00e8 un gioco da ragazzi con Refresh Toy Cleaner e acqua calda. Goditi le eccitanti sensazioni di pressione e piacere nell&#8217;ano inserendo una pallina alla volta, quante ne vuoi, prima di tirare delicatamente il robusto cavo di recupero per rilasciare ogni pallina per una stimolazione ancora maggiore. Prova a tirare le tue Deluxe Vibro Balls durante l&#8217;orgasmo per ottenere il climax pi\u00f9 esplosivo che tu abbia mai immaginato! La chiave per il gioco anale \u00e8 fare le cose con calma! Tentare la penetrazione anale prima di essere adeguatamente eccitato pu\u00f2 essere scomodo, quindi concediti di rilassarti e goditi l&#8217;esperienza. Il gioco delle dita \u00e8 un ottimo modo per rilassare l&#8217;ano. L&#8217;ano e il retto non hanno un sistema di lubrificazione automatica come la vagina, quindi usa molto lubrificante per ridurre l&#8217;attrito e aumentare il piacere. Raggiungere l&#8217;orgasmo attraverso la stimolazione anale \u00e8 incredibilmente eccitante grazie all&#8217;alta concentrazione di terminazioni nervose in quest&#8217;area e la nostra collezione Anal Fantasy comprende giocattoli che stimolano ognuno di questi nervi. Quindi permettiti di entrare in un nuovo mondo di felicit\u00e0 posteriore&#8230; le possibilit\u00e0 di piacere sono infinite!<\/p>\n<p>&nbsp;<\/p>\n<p>Lunghezza totale: 44 cm &#8211; 17,44 pollici<\/p>\n<p>Diametro: 3 cm<\/p>\n<p>Lunghezza inseribile: 44 cm<\/p>\n<p>Materiale: ABS<\/p>\n","protected":false},"featured_media":92741,"comment_status":"open","ping_status":"closed","template":"","meta":{"_acf_changed":false,"iawp_total_views":8,"_glsr_average":0,"_glsr_ranking":0,"_glsr_reviews":0},"product_brand":[],"product_cat":[2086,172],"product_tag":[],"class_list":{"0":"post-92765","1":"product","2":"type-product","3":"status-publish","4":"has-post-thumbnail","6":"product_cat-anal-play","7":"product_cat-sex-toys","9":"first","10":"instock","11":"taxable","12":"shipping-taxable","13":"purchasable","14":"product-type-simple"},"acf":[],"_links":{"self":[{"href":"https:\/\/poppers-online.ch\/it\/wp-json\/wp\/v2\/product\/92765","targetHints":{"allow":["GET"]}}],"collection":[{"href":"https:\/\/poppers-online.ch\/it\/wp-json\/wp\/v2\/product"}],"about":[{"href":"https:\/\/poppers-online.ch\/it\/wp-json\/wp\/v2\/types\/product"}],"replies":[{"embeddable":true,"href":"https:\/\/poppers-online.ch\/it\/wp-json\/wp\/v2\/comments?post=92765"}],"wp:featuredmedia":[{"embeddable":true,"href":"https:\/\/poppers-online.ch\/it\/wp-json\/wp\/v2\/media\/92741"}],"wp:attachment":[{"href":"https:\/\/poppers-online.ch\/it\/wp-json\/wp\/v2\/media?parent=92765"}],"wp:term":[{"taxonomy":"product_brand","embeddable":true,"href":"https:\/\/poppers-online.ch\/it\/wp-json\/wp\/v2\/product_brand?post=92765"},{"taxonomy":"product_cat","embeddable":true,"href":"https:\/\/poppers-online.ch\/it\/wp-json\/wp\/v2\/product_cat?post=92765"},{"taxonomy":"product_tag","embeddable":true,"href":"https:\/\/poppers-online.ch\/it\/wp-json\/wp\/v2\/product_tag?post=92765"}],"curies":[{"name":"wp","href":"https:\/\/api.w.org\/{rel}","templated":true}]}}