{"id":92764,"date":"2024-05-03T12:30:17","date_gmt":"2024-05-03T11:56:35","guid":{"rendered":"https:\/\/poppers-online.ch\/produkt\/alpha-liquid-silicone-precision-cock-ring\/"},"modified":"2024-06-23T14:14:17","modified_gmt":"2024-06-23T12:14:17","slug":"alpha-liquid-silicone-precision-cock-ring","status":"publish","type":"product","link":"https:\/\/poppers-online.ch\/it\/prodotto\/alpha-liquid-silicone-precision-cock-ring\/","title":{"rendered":"Alpha Liquid Silicone Precision Cock Ring"},"content":{"rendered":"","protected":false},"excerpt":{"rendered":"<p>Dai timidi principianti agli esperti dell&#8217;erotismo, l&#8217;<strong>anello per il cazzo di precisione in silicone Alpha Liquid<\/strong> ti avvolger\u00e0 nel piacere. Questo giocoso anello \u00e8 realizzato in silicone liquido ultra elastico con un audace design a doppio anello. Questo cock ring elastico e confortevole \u00e8 stato progettato per aumentare la resistenza, migliorare la sensibilit\u00e0 e fornire un supporto superiore all&#8217;erezione. Il robusto anello per testicoli ti permette di immergerti ancora di pi\u00f9 in una maggiore resistenza. Aspettati un piacere esplosivo quando il soffice anello si stringe ad ogni movimento. Il silicone liquido di alta qualit\u00e0 \u00e8 morbido, liscio, resistente e impermeabile.<\/p>\n<p>&nbsp;<\/p>\n<p><strong>Ulteriori informazioni:<\/strong><\/p>\n<ul>\n<li>Amplificatore in silicone liquido premium con anello per testicoli integrato<\/li>\n<li>Design elastico, confortevole, robusto e senza cuciture<\/li>\n<li>Sostegno sicuro dello scroto per una maggiore resistenza<\/li>\n<li>Silicone liquido: pi\u00f9 morbido, pi\u00f9 liscio, pi\u00f9 resistente e impermeabile<\/li>\n<\/ul>\n<p>&nbsp;<\/p>\n<p>Dimensioni del prodotto: 3,25 cm (diametro dell&#8217;anello del testicolo) | 3,75 cm (diametro dell&#8217;anello dell&#8217;albero)<\/p>\n<p>Resistenza all&#8217;acqua: Impermeabile<\/p>\n<p>Materiale: silicone<\/p>\n","protected":false},"featured_media":92708,"comment_status":"open","ping_status":"closed","template":"","meta":{"_acf_changed":false,"iawp_total_views":1,"_glsr_average":0,"_glsr_ranking":0,"_glsr_reviews":0},"product_brand":[],"product_cat":[2092,172],"product_tag":[],"class_list":{"0":"post-92764","1":"product","2":"type-product","3":"status-publish","4":"has-post-thumbnail","6":"product_cat-cock-play","7":"product_cat-sex-toys","9":"first","10":"instock","11":"taxable","12":"shipping-taxable","13":"purchasable","14":"product-type-simple"},"acf":[],"_links":{"self":[{"href":"https:\/\/poppers-online.ch\/it\/wp-json\/wp\/v2\/product\/92764","targetHints":{"allow":["GET"]}}],"collection":[{"href":"https:\/\/poppers-online.ch\/it\/wp-json\/wp\/v2\/product"}],"about":[{"href":"https:\/\/poppers-online.ch\/it\/wp-json\/wp\/v2\/types\/product"}],"replies":[{"embeddable":true,"href":"https:\/\/poppers-online.ch\/it\/wp-json\/wp\/v2\/comments?post=92764"}],"wp:featuredmedia":[{"embeddable":true,"href":"https:\/\/poppers-online.ch\/it\/wp-json\/wp\/v2\/media\/92708"}],"wp:attachment":[{"href":"https:\/\/poppers-online.ch\/it\/wp-json\/wp\/v2\/media?parent=92764"}],"wp:term":[{"taxonomy":"product_brand","embeddable":true,"href":"https:\/\/poppers-online.ch\/it\/wp-json\/wp\/v2\/product_brand?post=92764"},{"taxonomy":"product_cat","embeddable":true,"href":"https:\/\/poppers-online.ch\/it\/wp-json\/wp\/v2\/product_cat?post=92764"},{"taxonomy":"product_tag","embeddable":true,"href":"https:\/\/poppers-online.ch\/it\/wp-json\/wp\/v2\/product_tag?post=92764"}],"curies":[{"name":"wp","href":"https:\/\/api.w.org\/{rel}","templated":true}]}}