{"id":92757,"date":"2024-05-03T13:04:07","date_gmt":"2024-05-03T11:56:32","guid":{"rendered":"https:\/\/poppers-online.ch\/produkt\/alpha-liquid-silicone-anello-scroto-ballstretcher\/"},"modified":"2024-05-03T13:56:32","modified_gmt":"2024-05-03T11:56:32","slug":"alpha-liquid-silicone-anello-scroto-ballstretcher","status":"publish","type":"product","link":"https:\/\/poppers-online.ch\/it\/prodotto\/alpha-liquid-silicone-anello-scroto-ballstretcher\/","title":{"rendered":"Alpha Liquid Silicone Anello Scroto Ballstretcher"},"content":{"rendered":"","protected":false},"excerpt":{"rendered":"<p>Dai timidi principianti agli esperti di erotismo, l&#8217;<strong>anello per scroto Alpha Liquid Silicone Ballstretcher<\/strong> ti avvolger\u00e0 strettamente nel piacere grazie all&#8217;anello di rinforzo ultra-plush e ultra-stretch. L&#8217;anello giocoso \u00e8 realizzato in silicone liquido ultra elastico con un&#8217;esclusiva forma a clessidra. Questo cock ring elastico e confortevole \u00e8 stato progettato per aumentare la resistenza, migliorare la sensibilit\u00e0 e fornire un supporto superiore all&#8217;erezione. Prova un piacere esplosivo quando il soffice anello si contrae ad ogni movimento. Il silicone liquido di alta qualit\u00e0 \u00e8 pi\u00f9 morbido, liscio e resistente per un divertimento prolungato.<\/p>\n<p>&nbsp;<\/p>\n<p><strong>Ulteriori informazioni:<\/strong><\/p>\n<ul>\n<li>Amplificatore in silicone liquido premium con anello per testicoli integrato<\/li>\n<li>Design elastico, confortevole, robusto e senza cuciture<\/li>\n<li>Forma a clessidra curva per una maggiore resistenza<\/li>\n<li>Silicone liquido: pi\u00f9 morbido, pi\u00f9 liscio, pi\u00f9 resistente e impermeabile<\/li>\n<\/ul>\n<p>&nbsp;<\/p>\n<p>Dimensioni del prodotto: 3,75 cm (diametro &#8211; anello)<\/p>\n<p>Vibrante: No<\/p>\n<p>Resistenza all&#8217;acqua: Impermeabile<\/p>\n<p>Materiale: silicone<\/p>\n","protected":false},"featured_media":92731,"comment_status":"open","ping_status":"closed","template":"","meta":{"_acf_changed":false,"iawp_total_views":5,"_glsr_average":0,"_glsr_ranking":0,"_glsr_reviews":0},"product_brand":[],"product_cat":[2089,172],"product_tag":[],"class_list":{"0":"post-92757","1":"product","2":"type-product","3":"status-publish","4":"has-post-thumbnail","6":"product_cat-ball-play","7":"product_cat-sex-toys","9":"first","10":"instock","11":"taxable","12":"shipping-taxable","13":"purchasable","14":"product-type-simple"},"acf":[],"_links":{"self":[{"href":"https:\/\/poppers-online.ch\/it\/wp-json\/wp\/v2\/product\/92757","targetHints":{"allow":["GET"]}}],"collection":[{"href":"https:\/\/poppers-online.ch\/it\/wp-json\/wp\/v2\/product"}],"about":[{"href":"https:\/\/poppers-online.ch\/it\/wp-json\/wp\/v2\/types\/product"}],"replies":[{"embeddable":true,"href":"https:\/\/poppers-online.ch\/it\/wp-json\/wp\/v2\/comments?post=92757"}],"wp:featuredmedia":[{"embeddable":true,"href":"https:\/\/poppers-online.ch\/it\/wp-json\/wp\/v2\/media\/92731"}],"wp:attachment":[{"href":"https:\/\/poppers-online.ch\/it\/wp-json\/wp\/v2\/media?parent=92757"}],"wp:term":[{"taxonomy":"product_brand","embeddable":true,"href":"https:\/\/poppers-online.ch\/it\/wp-json\/wp\/v2\/product_brand?post=92757"},{"taxonomy":"product_cat","embeddable":true,"href":"https:\/\/poppers-online.ch\/it\/wp-json\/wp\/v2\/product_cat?post=92757"},{"taxonomy":"product_tag","embeddable":true,"href":"https:\/\/poppers-online.ch\/it\/wp-json\/wp\/v2\/product_tag?post=92757"}],"curies":[{"name":"wp","href":"https:\/\/api.w.org\/{rel}","templated":true}]}}