{"id":92611,"date":"2024-05-02T20:41:46","date_gmt":"2024-05-02T18:41:46","guid":{"rendered":"https:\/\/poppers-online.ch\/produkt\/calexotics-admiral-liquid-silicone-beaded-extension\/"},"modified":"2024-05-02T20:47:06","modified_gmt":"2024-05-02T18:47:06","slug":"calexotics-admiral-liquid-silicone-beaded-extension","status":"publish","type":"product","link":"https:\/\/poppers-online.ch\/it\/prodotto\/calexotics-admiral-liquid-silicone-beaded-extension\/","title":{"rendered":"CalExotics Admiral Liquid Silicone Beaded Extension"},"content":{"rendered":"","protected":false},"excerpt":{"rendered":"<p>Parti per un viaggio in un mare di piacere inesplorato con la <strong>CalExotics Admiral Liquid Silicone Beaded Extension<\/strong>. Questo amplificatore extra-large racchiude saldamente il tuo strumento di piacere per massimizzare la circonferenza, il sostegno e l&#8217;eccitazione. Mentre ecciti il tuo amante con l&#8217;aumento della circonferenza e della consistenza di BEDDED, il potente supporto all&#8217;erezione e la camera stretta dell&#8217;eccitante appagante portano a un climax esplosivo per entrambi. Realizzata in materiale ultra elastico e con una camera spaziosa, la guaina erotica \u00e8 progettata per adattarsi anche all&#8217;uomo pi\u00f9 alto. La camera strutturata e la fascia per testicoli integrata forniscono una stimolazione aggiuntiva e un sostegno potente. Avvolgi il tuo strumento di piacere in questa guaina super elastica per aumentare facilmente la resistenza, la stimolazione e il piacere dell&#8217;orgasmo. L&#8217;amplificatore flessibile \u00e8 realizzato in silicone liquido, un materiale pi\u00f9 morbido, liscio e durevole che garantisce una sensazione di morbidezza e tenuta. Questo materiale, adatto al corpo, \u00e8 inodore e privo di ftalati per mantenere le tue zone pi\u00f9 sensibili felici e sane.<\/p>\n<p>&nbsp;<\/p>\n<p><strong>Dimensioni del prodotto<\/strong>: 10,3 x 4,5 cm<\/p>\n<p>Lunghezza totale: 10,3 cm<\/p>\n<p>Diametro: 3,3 cm<\/p>\n<p>Materiale: silicone<\/p>\n","protected":false},"featured_media":92607,"comment_status":"open","ping_status":"closed","template":"","meta":{"_acf_changed":false,"iawp_total_views":1,"_glsr_average":0,"_glsr_ranking":0,"_glsr_reviews":0},"product_brand":[],"product_cat":[2098,2092,172],"product_tag":[],"class_list":{"0":"post-92611","1":"product","2":"type-product","3":"status-publish","4":"has-post-thumbnail","6":"product_cat-agrandir-penis","7":"product_cat-cock-play","8":"product_cat-sex-toys","10":"first","11":"instock","12":"taxable","13":"shipping-taxable","14":"purchasable","15":"product-type-simple"},"acf":[],"_links":{"self":[{"href":"https:\/\/poppers-online.ch\/it\/wp-json\/wp\/v2\/product\/92611","targetHints":{"allow":["GET"]}}],"collection":[{"href":"https:\/\/poppers-online.ch\/it\/wp-json\/wp\/v2\/product"}],"about":[{"href":"https:\/\/poppers-online.ch\/it\/wp-json\/wp\/v2\/types\/product"}],"replies":[{"embeddable":true,"href":"https:\/\/poppers-online.ch\/it\/wp-json\/wp\/v2\/comments?post=92611"}],"wp:featuredmedia":[{"embeddable":true,"href":"https:\/\/poppers-online.ch\/it\/wp-json\/wp\/v2\/media\/92607"}],"wp:attachment":[{"href":"https:\/\/poppers-online.ch\/it\/wp-json\/wp\/v2\/media?parent=92611"}],"wp:term":[{"taxonomy":"product_brand","embeddable":true,"href":"https:\/\/poppers-online.ch\/it\/wp-json\/wp\/v2\/product_brand?post=92611"},{"taxonomy":"product_cat","embeddable":true,"href":"https:\/\/poppers-online.ch\/it\/wp-json\/wp\/v2\/product_cat?post=92611"},{"taxonomy":"product_tag","embeddable":true,"href":"https:\/\/poppers-online.ch\/it\/wp-json\/wp\/v2\/product_tag?post=92611"}],"curies":[{"name":"wp","href":"https:\/\/api.w.org\/{rel}","templated":true}]}}