{"id":92547,"date":"2024-05-02T16:58:58","date_gmt":"2024-05-02T14:58:58","guid":{"rendered":"https:\/\/poppers-online.ch\/produkt\/calexotics-plug-a-goccia-boundless-2x\/"},"modified":"2024-05-02T17:28:16","modified_gmt":"2024-05-02T15:28:16","slug":"calexotics-plug-a-goccia-boundless-2x","status":"publish","type":"product","link":"https:\/\/poppers-online.ch\/it\/prodotto\/calexotics-plug-a-goccia-boundless-2x\/","title":{"rendered":"CalExotics Plug a goccia Boundless 2X"},"content":{"rendered":"","protected":false},"excerpt":{"rendered":"<p>Il piacere \u00e8 infinito con l&#8217;audace <strong>plug a goccia CalExotics Boundless 2X<\/strong>. Questo plug passionale \u00e8 stato sviluppato per un piacere spensierato con un design piccolo e sferico, un corpo flessibile e una base facile da impugnare. Perfetto sia per i principianti che per gli esperti di erotismo, il design a sfera aggiunge una nuova ed eccitante sensazione al gioco in giardino. Mentre ti perdi nelle sensazioni delle ginocchia, usa la base facile da impugnare per una stimolazione vaporosa, un inserimento senza sforzo e una rimozione delicata. La sonda flessibile \u00e8 realizzata in silicone delicato per il corpo, con un corpo flessibile e senza cuciture. Il materiale, adatto al corpo, \u00e8 inodore e privo di ftalati per mantenere le tue zone pi\u00f9 sensibili felici e sane.<\/p>\n<p>&nbsp;<\/p>\n<div class=\"relative flex w-full min-w-0 flex-col agent-turn\">\n<div class=\"flex-col gap-1 md:gap-3\">\n<div class=\"flex flex-grow flex-col max-w-full\">\n<div class=\"min-h-[20px] text-message flex flex-col items-start gap-3 whitespace-pre-wrap break-words [.text-message+&amp;]:mt-5 text-token-text-tertiary overflow-x-auto\" dir=\"auto\" data-message-author-role=\"assistant\" data-message-id=\"18f80aa5-3002-448c-98bb-1df869b0f589\">\n<div class=\"result-streaming text-token-text-tertiary markdown prose w-full break-words dark:prose-invert light\">\n<p><strong>Ulteriori informazioni:<\/strong><\/p>\n<ul>\n<li>Piccolo design sferico<\/li>\n<li>Flessibile, flessibile e resistente con un&#8217;impugnatura facile da impugnare<\/li>\n<li>Silicone premium liscio e senza cuciture<\/li>\n<li>Rispettoso del corpo, inodore e privo di ftalati<\/li>\n<\/ul>\n<div class=\"info-block--item\">\n<p>&nbsp;<\/p>\n<div><strong>Dimensioni del prodotto<\/strong>: 6,25 x 2 cm<\/div>\n<\/div>\n<div class=\"info-block--item\">\n<div>Vibrante: No<\/div>\n<\/div>\n<div class=\"info-block--item\">\n<div>Resistenza all&#8217;acqua: Impermeabile<\/div>\n<\/div>\n<div class=\"info-block--item\">\n<div>Materiale: Silicone<\/div>\n<\/div>\n<div class=\"info-block--item\">\n<div>Ricaricabile: No<\/div>\n<\/div>\n<div class=\"info-block--item\">\n<div>Riscaldamento: No<\/div>\n<\/div>\n<\/div>\n<\/div>\n<\/div>\n<\/div>\n<\/div>\n","protected":false},"featured_media":92528,"comment_status":"open","ping_status":"closed","template":"","meta":{"_acf_changed":false,"iawp_total_views":1,"_glsr_average":0,"_glsr_ranking":0,"_glsr_reviews":0},"product_brand":[],"product_cat":[2086,172],"product_tag":[],"class_list":{"0":"post-92547","1":"product","2":"type-product","3":"status-publish","4":"has-post-thumbnail","6":"product_cat-anal-play","7":"product_cat-sex-toys","9":"first","10":"outofstock","11":"taxable","12":"shipping-taxable","13":"purchasable","14":"product-type-simple"},"acf":[],"_links":{"self":[{"href":"https:\/\/poppers-online.ch\/it\/wp-json\/wp\/v2\/product\/92547","targetHints":{"allow":["GET"]}}],"collection":[{"href":"https:\/\/poppers-online.ch\/it\/wp-json\/wp\/v2\/product"}],"about":[{"href":"https:\/\/poppers-online.ch\/it\/wp-json\/wp\/v2\/types\/product"}],"replies":[{"embeddable":true,"href":"https:\/\/poppers-online.ch\/it\/wp-json\/wp\/v2\/comments?post=92547"}],"wp:featuredmedia":[{"embeddable":true,"href":"https:\/\/poppers-online.ch\/it\/wp-json\/wp\/v2\/media\/92528"}],"wp:attachment":[{"href":"https:\/\/poppers-online.ch\/it\/wp-json\/wp\/v2\/media?parent=92547"}],"wp:term":[{"taxonomy":"product_brand","embeddable":true,"href":"https:\/\/poppers-online.ch\/it\/wp-json\/wp\/v2\/product_brand?post=92547"},{"taxonomy":"product_cat","embeddable":true,"href":"https:\/\/poppers-online.ch\/it\/wp-json\/wp\/v2\/product_cat?post=92547"},{"taxonomy":"product_tag","embeddable":true,"href":"https:\/\/poppers-online.ch\/it\/wp-json\/wp\/v2\/product_tag?post=92547"}],"curies":[{"name":"wp","href":"https:\/\/api.w.org\/{rel}","templated":true}]}}