{"id":92535,"date":"2024-05-02T15:14:24","date_gmt":"2024-05-02T15:28:13","guid":{"rendered":"https:\/\/poppers-online.ch\/produkt\/toyjoy-get-real-foreskin-dong-in-silicone-19-cm\/"},"modified":"2024-05-02T17:28:13","modified_gmt":"2024-05-02T15:28:13","slug":"toyjoy-get-real-foreskin-dong-in-silicone-19-cm","status":"publish","type":"product","link":"https:\/\/poppers-online.ch\/it\/prodotto\/toyjoy-get-real-foreskin-dong-in-silicone-19-cm\/","title":{"rendered":"ToyJoy Get Real Foreskin Dong in silicone 19 cm"},"content":{"rendered":"","protected":false},"excerpt":{"rendered":"<div class=\"flex-shrink-0 flex flex-col relative items-end\">\n<div>\n<div class=\"pt-0.5\">\n<div class=\"gizmo-bot-avatar flex h-6 w-6 items-center justify-center overflow-hidden rounded-full\"><strong>ToyJoy Get Real Silicone Foreskin Dong 19 cm<\/strong> &#8211; Prova un realismo senza pari con la collezione ToyJoy Get Real Skin. Questo dong in silicone con prepuzio mobile offre una sensazione eccezionalmente realistica. Grazie all&#8217;innovativa tecnologia a doppia densit\u00e0, la pelle scivola senza sforzo sul fusto pi\u00f9 solido per un&#8217;esperienza naturale. Realizzato in silicone liquido di alta qualit\u00e0, questo dong lungo 19 cm ha una pelle elastica e realistica che lo rende il perfetto sostituto di un pene vero. Questo dong, adatto al corpo, ha una ventosa ed \u00e8 compatibile con l&#8217;urina per un uso versatile. Inoltre, viene fornito con una pratica borsa di tela per riporlo in modo discreto. Preparati a sperimentare la realt\u00e0 con questo Dong da 19 cm in silicone con prepuzio!<\/div>\n<\/div>\n<\/div>\n<\/div>\n<div class=\"relative flex w-full min-w-0 flex-col agent-turn\">\n<div class=\"font-semibold select-none\"><\/div>\n<div class=\"font-semibold select-none\">\n<div><strong>Informazioni aggiuntive<\/strong><\/div>\n<div>\n<ul>\n<li>Prepuzio mobile<\/li>\n<li>Silicone liquido premium che rispetta il corpo<\/li>\n<li>Tecnologia a doppia densit\u00e0 per una sensazione particolarmente realistica<\/li>\n<li>Stiramento realistico della pelle<\/li>\n<li>Ventosa<\/li>\n<li>Compatibile con l&#8217;imbracatura<\/li>\n<li>Borsa di tela inclusa<\/li>\n<\/ul>\n<\/div>\n<\/div>\n<\/div>\n","protected":false},"featured_media":92443,"comment_status":"open","ping_status":"closed","template":"","meta":{"_acf_changed":false,"iawp_total_views":6,"_glsr_average":0,"_glsr_ranking":0,"_glsr_reviews":0},"product_brand":[],"product_cat":[2086,172],"product_tag":[],"class_list":{"0":"post-92535","1":"product","2":"type-product","3":"status-publish","4":"has-post-thumbnail","6":"product_cat-anal-play","7":"product_cat-sex-toys","9":"first","10":"instock","11":"taxable","12":"shipping-taxable","13":"purchasable","14":"product-type-simple"},"acf":[],"_links":{"self":[{"href":"https:\/\/poppers-online.ch\/it\/wp-json\/wp\/v2\/product\/92535","targetHints":{"allow":["GET"]}}],"collection":[{"href":"https:\/\/poppers-online.ch\/it\/wp-json\/wp\/v2\/product"}],"about":[{"href":"https:\/\/poppers-online.ch\/it\/wp-json\/wp\/v2\/types\/product"}],"replies":[{"embeddable":true,"href":"https:\/\/poppers-online.ch\/it\/wp-json\/wp\/v2\/comments?post=92535"}],"wp:featuredmedia":[{"embeddable":true,"href":"https:\/\/poppers-online.ch\/it\/wp-json\/wp\/v2\/media\/92443"}],"wp:attachment":[{"href":"https:\/\/poppers-online.ch\/it\/wp-json\/wp\/v2\/media?parent=92535"}],"wp:term":[{"taxonomy":"product_brand","embeddable":true,"href":"https:\/\/poppers-online.ch\/it\/wp-json\/wp\/v2\/product_brand?post=92535"},{"taxonomy":"product_cat","embeddable":true,"href":"https:\/\/poppers-online.ch\/it\/wp-json\/wp\/v2\/product_cat?post=92535"},{"taxonomy":"product_tag","embeddable":true,"href":"https:\/\/poppers-online.ch\/it\/wp-json\/wp\/v2\/product_tag?post=92535"}],"curies":[{"name":"wp","href":"https:\/\/api.w.org\/{rel}","templated":true}]}}