{"id":92358,"date":"2024-05-02T13:07:54","date_gmt":"2024-05-02T11:07:54","guid":{"rendered":"https:\/\/poppers-online.ch\/produkt\/cappellino-super-sniffer-poppers-booster-taglia-m-nero\/"},"modified":"2024-05-02T13:23:31","modified_gmt":"2024-05-02T11:23:31","slug":"cappellino-super-sniffer-poppers-booster-taglia-m-nero","status":"publish","type":"product","link":"https:\/\/poppers-online.ch\/it\/prodotto\/cappellino-super-sniffer-poppers-booster-taglia-m-nero\/","title":{"rendered":"Cappellino Super Sniffer Poppers Booster taglia M nero"},"content":{"rendered":"","protected":false},"excerpt":{"rendered":"<p><span style=\"font-weight: 400\">Il <strong>Super Sniffer Poppers Booster Cap taglia M nero <\/strong>&#8211; un&#8217;ingegnosa innovazione proveniente dagli Stati Uniti &#8211; risolve un problema che tutti conosciamo grazie al collaudato meccanismo a pulsante: niente pi\u00f9 bruciori al naso quando si usano i popper e niente pi\u00f9 fuoriuscite di popper, ad esempio a letto.  <\/span><span style=\"font-weight: 400\">I popper fuoriescono dalla bottiglia solo quando si preme il pulsante. Quando rilasci il pulsante, il Super Sniffer \u00e8 sigillato, anche se la bottiglia si rovescia perch\u00e9 le cose si stanno scatenando.<\/span><span style=\"font-weight: 400\"> <strong> La misura M del Super Sniffer<\/strong> si adatta a <strong>tutte le filettature dei flaconi dei produttori Oxymoron e Shelbora<\/strong>, nonch\u00e9 ai flaconi dei <strong>produttori Royal Hexagon e Lockerroom<\/strong> (tranne che per i flaconi Lockerrrom da 25 ml la misura M non si adatta). La versione migliorata del Super Sniffer \u00e8 realizzata con stampaggio a iniezione, che rende il Super Sniffer molto pi\u00f9 resistente. Anche il filo \u00e8 in alluminio, in modo che la plastica non possa scheggiarsi. Il Super Sniffer V2 non \u00e8 sensibile al calore. Grazie alla pratica maniglia da collo, puoi portare il tuo Super Sniffer sempre con te. Prova il Super Sniffer V2 e lascia a noi e a tutti gli altri clienti una recensione del prodotto pi\u00f9 avanti in questa pagina. Divertiti!<\/span><\/p>\n","protected":false},"featured_media":93732,"comment_status":"open","ping_status":"closed","template":"","meta":{"_acf_changed":false,"iawp_total_views":2,"_glsr_average":0,"_glsr_ranking":0,"_glsr_reviews":0},"product_brand":[],"product_cat":[151,1304],"product_tag":[],"class_list":{"0":"post-92358","1":"product","2":"type-product","3":"status-publish","4":"has-post-thumbnail","6":"product_cat-accessori-popper","7":"product_cat-booster-caps-it","8":"pa_booster-cap-gewindegroesse-per-filettatura-piccola","10":"first","11":"outofstock","12":"taxable","13":"shipping-taxable","14":"purchasable","15":"product-type-simple"},"acf":[],"_links":{"self":[{"href":"https:\/\/poppers-online.ch\/it\/wp-json\/wp\/v2\/product\/92358","targetHints":{"allow":["GET"]}}],"collection":[{"href":"https:\/\/poppers-online.ch\/it\/wp-json\/wp\/v2\/product"}],"about":[{"href":"https:\/\/poppers-online.ch\/it\/wp-json\/wp\/v2\/types\/product"}],"replies":[{"embeddable":true,"href":"https:\/\/poppers-online.ch\/it\/wp-json\/wp\/v2\/comments?post=92358"}],"wp:featuredmedia":[{"embeddable":true,"href":"https:\/\/poppers-online.ch\/it\/wp-json\/wp\/v2\/media\/93732"}],"wp:attachment":[{"href":"https:\/\/poppers-online.ch\/it\/wp-json\/wp\/v2\/media?parent=92358"}],"wp:term":[{"taxonomy":"product_brand","embeddable":true,"href":"https:\/\/poppers-online.ch\/it\/wp-json\/wp\/v2\/product_brand?post=92358"},{"taxonomy":"product_cat","embeddable":true,"href":"https:\/\/poppers-online.ch\/it\/wp-json\/wp\/v2\/product_cat?post=92358"},{"taxonomy":"product_tag","embeddable":true,"href":"https:\/\/poppers-online.ch\/it\/wp-json\/wp\/v2\/product_tag?post=92358"}],"curies":[{"name":"wp","href":"https:\/\/api.w.org\/{rel}","templated":true}]}}