{"id":91718,"date":"2024-04-24T14:41:05","date_gmt":"2024-04-24T13:03:55","guid":{"rendered":"https:\/\/poppers-online.ch\/produkt\/sniff-it-combo-iron-fist-poppers-black-label-24ml-con-tappo-poppers-booster-xtrm-doppio-piccolo-nero-a-prova-di-perdita\/"},"modified":"2026-04-09T15:58:17","modified_gmt":"2026-04-09T13:58:17","slug":"sniff-it-combo-iron-fist-poppers-black-label-24ml-con-tappo-poppers-booster-xtrm-doppio-piccolo-nero-a-prova-di-perdita","status":"publish","type":"product","link":"https:\/\/poppers-online.ch\/it\/prodotto\/sniff-it-combo-iron-fist-poppers-black-label-24ml-con-tappo-poppers-booster-xtrm-doppio-piccolo-nero-a-prova-di-perdita\/","title":{"rendered":"Sniff it Combo! Iron Fist Poppers Black Label 24ml con tappo Poppers Booster XTRM doppio piccolo nero A PROVA DI PERDITA"},"content":{"rendered":"","protected":false},"excerpt":{"rendered":"<p><strong>Sniff it<\/strong> Combo ad un prezzo da pacchetto HAMMER! Sniffalo Combo! <strong>Iron Fist Poppers Black Label 24ml con Poppers Booster Cap XTRM Double Small Black LEAK PROOF<\/strong> per una svapata ancora pi\u00f9 intensa. Effetto potenziato garantito. Mega <strong>Sniff it<\/strong> Combo ad un prezzo interessante \u00e8 l&#8217;ultima offerta per il vostro popper extra kick! Iron Fist Poppers Black Label 24ml \u00e8 realizzato a base di nitrito di pentile.<\/p>\n<p>&nbsp;<\/p>\n<p><span style=\"font-weight: 400;\">Noi e i nostri amici Fist abbiamo aspettato a lungo questo momento: Il <\/span><b>Iron Fist Poppers Etichetta Nera 24ml<\/b> <span style=\"font-weight: 400;\">\u00e8 presente nella forte formula pentilica e nell&#8217;indistruttibile flacone in alluminio. Questo potente popper \u00e8 dedicato a tutti gli esperti senza paura e agli amanti dei giochi FF e delle sessioni pi\u00f9 impegnative. Una volta aperto, Iron Fist Black Label ti trasforma in un animale sfrenato che desidera cazzi grossi, pugni e giocattoli. Il pratico formato tascabile della bottiglia in alluminio, leggera e indistruttibile, si adatta a ogni tasca dei pantaloni e ti ispirer\u00e0. <\/span><\/p>\n<p>&nbsp;<\/p>\n<p>Se vi scatenate subito dopo aver sniffato il popper, potreste trovare il flacone di popper Swiss Premium Juice da 10 ml rovesciato e con perdite. Il team XTRM ha sviluppato un ingegnoso tappo a prova di perdite e facile da usare con un pulsante. Si avvita lo sniffer a prova di perdite sul flacone Swiss Premium Juice da 10 ml come di consueto. Solo quando si preme il pulsante sul lato del tappo, il popper fuoriesce dalla bottiglia attraverso il canale del calcio. Quando si rilascia il pulsante, lo sniffer \u00e8 di nuovo <strong>sigillato al 100%<\/strong> e i popper rimangono nella bottiglia, anche se la bottiglia si rovescia perch\u00e9 \u00e8 calda. Questo nuovo sistema di chiusura a pulsante \u00e8 di alta qualit\u00e0, non \u00e8 prodotto in serie e viene realizzato in Austria con grande impegno. Il <a href=\"https:\/\/poppers-online.ch\/produkt\/poppers-booster-cap-xtrm-double-small-black-leak-proof\/\"><strong>Tappo doppio piccolo nero LEAK PROOF Booster<\/strong><\/a>si adatta a tutte le bottiglie <strong>da 10 e 30 ml<\/strong> di Lockerroom e a tutte le bottiglie di Shelbora e Oxymoron. Provate il calcio e il comfort extra quando tirate i popper. Niente pi\u00f9 bottiglie di poppers rovesciate grazie al tappo a prova di perdite LEAK PROOF.<\/p>\n","protected":false},"featured_media":93764,"comment_status":"open","ping_status":"closed","template":"","meta":{"_acf_changed":false,"iawp_total_views":23,"_glsr_average":0,"_glsr_ranking":0,"_glsr_reviews":0},"product_brand":[],"product_cat":[1047,104,109,151,1304],"product_tag":[],"class_list":{"0":"post-91718","1":"product","2":"type-product","3":"status-publish","4":"has-post-thumbnail","6":"product_cat-popper","7":"product_cat-confezioni-value","8":"product_cat-boccette-grandi","9":"product_cat-accessori-popper","10":"product_cat-booster-caps-it","11":"pa_booster-cap-gewindegroesse-per-filettatura-piccola","12":"pa_gewindegroesse-piccola","13":"pa_inhalt-combo","14":"pa_inhalt-24ml","15":"pa_inhaltsstoffe-nitrito-di-alcool-isoamilico","16":"pa_marke-fist-popper","17":"pa_staerke-105","19":"first","20":"instock","21":"sale","22":"taxable","23":"shipping-taxable","24":"purchasable","25":"product-type-simple"},"acf":[],"_links":{"self":[{"href":"https:\/\/poppers-online.ch\/it\/wp-json\/wp\/v2\/product\/91718","targetHints":{"allow":["GET"]}}],"collection":[{"href":"https:\/\/poppers-online.ch\/it\/wp-json\/wp\/v2\/product"}],"about":[{"href":"https:\/\/poppers-online.ch\/it\/wp-json\/wp\/v2\/types\/product"}],"replies":[{"embeddable":true,"href":"https:\/\/poppers-online.ch\/it\/wp-json\/wp\/v2\/comments?post=91718"}],"wp:featuredmedia":[{"embeddable":true,"href":"https:\/\/poppers-online.ch\/it\/wp-json\/wp\/v2\/media\/93764"}],"wp:attachment":[{"href":"https:\/\/poppers-online.ch\/it\/wp-json\/wp\/v2\/media?parent=91718"}],"wp:term":[{"taxonomy":"product_brand","embeddable":true,"href":"https:\/\/poppers-online.ch\/it\/wp-json\/wp\/v2\/product_brand?post=91718"},{"taxonomy":"product_cat","embeddable":true,"href":"https:\/\/poppers-online.ch\/it\/wp-json\/wp\/v2\/product_cat?post=91718"},{"taxonomy":"product_tag","embeddable":true,"href":"https:\/\/poppers-online.ch\/it\/wp-json\/wp\/v2\/product_tag?post=91718"}],"curies":[{"name":"wp","href":"https:\/\/api.w.org\/{rel}","templated":true}]}}