{"id":91649,"date":"2024-04-24T12:02:35","date_gmt":"2024-04-24T10:11:30","guid":{"rendered":"https:\/\/poppers-online.ch\/produkt\/cockring-3-pack-nero-titus-serie-silicone\/"},"modified":"2025-01-22T18:52:00","modified_gmt":"2025-01-22T17:52:00","slug":"cockring-3-pack-nero-titus-serie-silicone","status":"publish","type":"product","link":"https:\/\/poppers-online.ch\/it\/prodotto\/cockring-3-pack-nero-titus-serie-silicone\/","title":{"rendered":"Cockring 3-Pack Nero Serie Titus in Silicone"},"content":{"rendered":"","protected":false},"excerpt":{"rendered":"<p><b>Cockring 3-Pack Nero Serie Titus in Silicone<\/b><span style=\"font-weight: 400;\"> \u00e8 molto facile da usare e molto discreto. Gli anelli in silicone hanno una forza di trazione relativamente elevata e possono essere ruotati fino al doppio del loro diametro. Il diametro dei 3 cock ring \u00e8 di 25 mm, 30 mm e 35 mm. Ci\u00f2 significa che il cock ring da 30 mm pu\u00f2 essere allungato fino a 60 mm. Grazie alle diverse dimensioni, puoi variare la pressione e migliorare cos\u00ec la tua erezione. Dopo l&#8217;uso, gli anelli tornano alla loro forma originale.<\/span><\/p>\n","protected":false},"featured_media":91645,"comment_status":"open","ping_status":"closed","template":"","meta":{"_acf_changed":false,"iawp_total_views":9,"_glsr_average":0,"_glsr_ranking":0,"_glsr_reviews":0},"product_brand":[],"product_cat":[2092,172],"product_tag":[],"class_list":{"0":"post-91649","1":"product","2":"type-product","3":"status-publish","4":"has-post-thumbnail","6":"product_cat-cock-play","7":"product_cat-sex-toys","9":"first","10":"instock","11":"taxable","12":"shipping-taxable","13":"purchasable","14":"product-type-simple"},"acf":[],"_links":{"self":[{"href":"https:\/\/poppers-online.ch\/it\/wp-json\/wp\/v2\/product\/91649","targetHints":{"allow":["GET"]}}],"collection":[{"href":"https:\/\/poppers-online.ch\/it\/wp-json\/wp\/v2\/product"}],"about":[{"href":"https:\/\/poppers-online.ch\/it\/wp-json\/wp\/v2\/types\/product"}],"replies":[{"embeddable":true,"href":"https:\/\/poppers-online.ch\/it\/wp-json\/wp\/v2\/comments?post=91649"}],"wp:featuredmedia":[{"embeddable":true,"href":"https:\/\/poppers-online.ch\/it\/wp-json\/wp\/v2\/media\/91645"}],"wp:attachment":[{"href":"https:\/\/poppers-online.ch\/it\/wp-json\/wp\/v2\/media?parent=91649"}],"wp:term":[{"taxonomy":"product_brand","embeddable":true,"href":"https:\/\/poppers-online.ch\/it\/wp-json\/wp\/v2\/product_brand?post=91649"},{"taxonomy":"product_cat","embeddable":true,"href":"https:\/\/poppers-online.ch\/it\/wp-json\/wp\/v2\/product_cat?post=91649"},{"taxonomy":"product_tag","embeddable":true,"href":"https:\/\/poppers-online.ch\/it\/wp-json\/wp\/v2\/product_tag?post=91649"}],"curies":[{"name":"wp","href":"https:\/\/api.w.org\/{rel}","templated":true}]}}