{"id":90088,"date":"2024-03-27T13:18:17","date_gmt":"2024-03-27T13:09:26","guid":{"rendered":"https:\/\/poppers-online.ch\/produkt\/gel-ritardante-ejact-high-octane-booster-50ml\/"},"modified":"2025-01-22T16:47:00","modified_gmt":"2025-01-22T15:47:00","slug":"gel-ritardante-ejact-high-octane-booster-50ml","status":"publish","type":"product","link":"https:\/\/poppers-online.ch\/it\/prodotto\/gel-ritardante-ejact-high-octane-booster-50ml\/","title":{"rendered":"Gel ritardante Ejact High Octane Booster 50ml"},"content":{"rendered":"","protected":false},"excerpt":{"rendered":"<p>Gli ingredienti esclusivi di <strong>High Octane Booster Ejact Delay Gel 50ml<\/strong> leniscono e raffreddano la pelle e aiutano a ritardare l&#8217;orgasmo. Cos\u00ec potrete divertirvi pi\u00f9 a lungo.<\/p>\n<p>La crema High Octane viene assorbita rapidamente dalla pelle senza lasciare residui appiccicosi o sgradevoli. L&#8217;applicazione \u00e8 semplice e discreta, ideale per un uso spontaneo. Il gel ritardante pu\u00f2 essere facilmente integrato nei preliminari e non compromette l&#8217;esperienza sensuale di nessuno dei due partner. L&#8217;applicazione \u00e8 semplice e richiede solo una piccola quantit\u00e0 di gel. \u00c8 meglio provare questo gel ritardante alla prossima occasione.<\/p>\n<p><strong>Ingredienti:<\/strong> Aqua, Glicerina, Laureth-9, Polisorbato 20, Acrilati\/C10-30 Alkyl Acrylate Crosspolymer, Alcool, Alcohol Denat, Aminomethyl Propanol, Avena Sativa Kernel Extract, Caprylyl Glycol, Eugenia Caryophyllus Leaf Oil, Hypericum Perforatum Flower Extract.<\/p>\n<p><strong>Uso consigliato:<\/strong> Da utilizzare durante il rapporto sessuale. Applicare un sottile strato di gel sul pene circa 30 minuti prima del rapporto sessuale e poi massaggiarlo. Prima dell&#8217;uso, testare la tolleranza applicando un po&#8217; di gel all&#8217;interno dell&#8217;avambraccio. In caso di reazione allergica, l&#8217;uso deve essere interrotto. Solo per uso esterno. Tenere fuori dalla portata dei bambini. Conservare in un luogo fresco e buio.<\/p>\n","protected":false},"featured_media":90077,"comment_status":"open","ping_status":"closed","template":"","meta":{"_acf_changed":false,"iawp_total_views":5,"_glsr_average":0,"_glsr_ranking":0,"_glsr_reviews":0},"product_brand":[],"product_cat":[2080,168],"product_tag":[],"class_list":{"0":"post-90088","1":"product","2":"type-product","3":"status-publish","4":"has-post-thumbnail","6":"product_cat-eiaculazione-ritardata","7":"product_cat-farmacia","9":"first","10":"instock","11":"taxable","12":"shipping-taxable","13":"purchasable","14":"product-type-simple"},"acf":[],"_links":{"self":[{"href":"https:\/\/poppers-online.ch\/it\/wp-json\/wp\/v2\/product\/90088","targetHints":{"allow":["GET"]}}],"collection":[{"href":"https:\/\/poppers-online.ch\/it\/wp-json\/wp\/v2\/product"}],"about":[{"href":"https:\/\/poppers-online.ch\/it\/wp-json\/wp\/v2\/types\/product"}],"replies":[{"embeddable":true,"href":"https:\/\/poppers-online.ch\/it\/wp-json\/wp\/v2\/comments?post=90088"}],"wp:featuredmedia":[{"embeddable":true,"href":"https:\/\/poppers-online.ch\/it\/wp-json\/wp\/v2\/media\/90077"}],"wp:attachment":[{"href":"https:\/\/poppers-online.ch\/it\/wp-json\/wp\/v2\/media?parent=90088"}],"wp:term":[{"taxonomy":"product_brand","embeddable":true,"href":"https:\/\/poppers-online.ch\/it\/wp-json\/wp\/v2\/product_brand?post=90088"},{"taxonomy":"product_cat","embeddable":true,"href":"https:\/\/poppers-online.ch\/it\/wp-json\/wp\/v2\/product_cat?post=90088"},{"taxonomy":"product_tag","embeddable":true,"href":"https:\/\/poppers-online.ch\/it\/wp-json\/wp\/v2\/product_tag?post=90088"}],"curies":[{"name":"wp","href":"https:\/\/api.w.org\/{rel}","templated":true}]}}