{"id":90085,"date":"2024-03-27T13:30:31","date_gmt":"2024-03-27T13:09:23","guid":{"rendered":"https:\/\/poppers-online.ch\/produkt\/devils-candy-ejact-gel-ritardante-50ml\/"},"modified":"2025-01-22T16:40:18","modified_gmt":"2025-01-22T15:40:18","slug":"devils-candy-ejact-gel-ritardante-50ml","status":"publish","type":"product","link":"https:\/\/poppers-online.ch\/it\/prodotto\/devils-candy-ejact-gel-ritardante-50ml\/","title":{"rendered":"Devils Candy Ejact Gel ritardante 50ml"},"content":{"rendered":"","protected":false},"excerpt":{"rendered":"<p>Fatelo pi\u00f9 a lungo! Gli ingredienti esclusivi di <strong>Devils Candy Ejact Delay Gel 50ml<\/strong> leniscono e raffreddano la pelle e aiutano a ritardare l&#8217;orgasmo. Il divertimento pu\u00f2 durare pi\u00f9 a lungo. Il gel pu\u00f2 essere utilizzato prima del rapporto sessuale. Applicare uno strato sottile di gel sul pene e poi massaggiarlo. Prima dell&#8217;uso regolare, testare il gel applicandone un po&#8217; all&#8217;interno dell&#8217;avambraccio. Interrompere l&#8217;uso in caso di reazioni allergiche. Solo per uso esterno.<\/p>\n<p><strong>Ingredienti:<\/strong> Aqua, Glicerina, Laureth-9, Polisorbato 20, Acrilati \/ C10-30 alchil acrilato crosspolymer, Alcool, Alcool denat., Aminomethylpropanol, estratto di semi di Avena Sativa, Caprylyl glycol, olio di foglie di Eugenia Caryophyllus, estratto di fiori di Hypericum Perforatum.<\/p>\n<p><strong>Conservazione:<\/strong> conservare in un luogo fresco e buio e fuori dalla portata dei bambini. Adatto a uomini di et\u00e0 superiore ai 18 anni.<\/p>\n","protected":false},"featured_media":90082,"comment_status":"open","ping_status":"closed","template":"","meta":{"_acf_changed":false,"iawp_total_views":3,"_glsr_average":0,"_glsr_ranking":0,"_glsr_reviews":0},"product_brand":[],"product_cat":[2080,168],"product_tag":[],"class_list":{"0":"post-90085","1":"product","2":"type-product","3":"status-publish","4":"has-post-thumbnail","6":"product_cat-eiaculazione-ritardata","7":"product_cat-farmacia","9":"first","10":"instock","11":"sale","12":"taxable","13":"shipping-taxable","14":"purchasable","15":"product-type-simple"},"acf":[],"_links":{"self":[{"href":"https:\/\/poppers-online.ch\/it\/wp-json\/wp\/v2\/product\/90085","targetHints":{"allow":["GET"]}}],"collection":[{"href":"https:\/\/poppers-online.ch\/it\/wp-json\/wp\/v2\/product"}],"about":[{"href":"https:\/\/poppers-online.ch\/it\/wp-json\/wp\/v2\/types\/product"}],"replies":[{"embeddable":true,"href":"https:\/\/poppers-online.ch\/it\/wp-json\/wp\/v2\/comments?post=90085"}],"wp:featuredmedia":[{"embeddable":true,"href":"https:\/\/poppers-online.ch\/it\/wp-json\/wp\/v2\/media\/90082"}],"wp:attachment":[{"href":"https:\/\/poppers-online.ch\/it\/wp-json\/wp\/v2\/media?parent=90085"}],"wp:term":[{"taxonomy":"product_brand","embeddable":true,"href":"https:\/\/poppers-online.ch\/it\/wp-json\/wp\/v2\/product_brand?post=90085"},{"taxonomy":"product_cat","embeddable":true,"href":"https:\/\/poppers-online.ch\/it\/wp-json\/wp\/v2\/product_cat?post=90085"},{"taxonomy":"product_tag","embeddable":true,"href":"https:\/\/poppers-online.ch\/it\/wp-json\/wp\/v2\/product_tag?post=90085"}],"curies":[{"name":"wp","href":"https:\/\/api.w.org\/{rel}","templated":true}]}}