{"id":90072,"date":"2024-03-27T11:12:58","date_gmt":"2024-03-27T12:11:32","guid":{"rendered":"https:\/\/poppers-online.ch\/produkt\/devils-candy-crema-erecta-50ml\/"},"modified":"2025-01-22T16:59:47","modified_gmt":"2025-01-22T15:59:47","slug":"devils-candy-crema-erecta-50ml","status":"publish","type":"product","link":"https:\/\/poppers-online.ch\/it\/prodotto\/devils-candy-crema-erecta-50ml\/","title":{"rendered":"Devils Candy Crema Erecta 50ml"},"content":{"rendered":"","protected":false},"excerpt":{"rendered":"<p><strong>Devils Candy Erecta Cream 50ml<\/strong> \u00e8 una crema per una migliore erezione negli uomini. Chi non lo vorrebbe? Favorisce l&#8217;afflusso di sangue al pene per un&#8217;erezione pi\u00f9 dura e di qualit\u00e0. \u00c8 sufficiente applicarlo e massaggiarlo bene prima del rapporto sessuale. L&#8217;uso quotidiano garantisce i migliori risultati. Devils Candy Erecta Cream \u00e8 una crema per l&#8217;erezione dedicata agli uomini che desiderano un&#8217;erezione migliore! Devils Candy Erecta Cream \u00e8 una crema per il pene che offre supporto per i problemi di erezione e pu\u00f2 essere utilizzata anche dagli uomini che vogliono semplicemente migliorare la loro erezione. Questa crema pu\u00f2 aiutare a stimolare l&#8217;afflusso di sangue al pene dall&#8217;esterno, con il risultato di un&#8217;erezione pi\u00f9 solida e di migliore qualit\u00e0.<\/p>\n<p><strong>Ingredienti:<\/strong> Aqua, gliceril stearato, etilesil stearato, olio dulcis Prunus Amygdalus, alcool cetilico, glicerina, Ceteareth-20, alcool, estratto di foglie di Aloe Barbadensis, estratto di fiori di Arnica Montana, burro Butyrospermum Parkii, Ceteareth-12, alcool cetearilico, palmitato di cetile, acido citrico, estratto di foglie di Ginkgo Biloba, olio di semi di Simmondsia Chinensis, estratto di frutta di Trigonella Foenum-Graecum, Etilesilglicerina, Fenossietanolo<\/p>\n<p><strong>Istruzioni per l&#8217;uso:<\/strong><\/p>\n<ul>\n<li>Applicare un po&#8217; di crema sul pene circa 10 minuti prima dell&#8217;inizio dell&#8217;attivit\u00e0 sessuale e massaggiare bene per 5-10 minuti. Per ottenere risultati ottimali, utilizzare la crema quotidianamente.<\/li>\n<li>Prima di utilizzare regolarmente la crema, testatela massaggiandone un po&#8217; sulla parte interna dell&#8217;avambraccio.<\/li>\n<li>Adatto solo per uso esterno.<\/li>\n<li>Interrompere l&#8217;uso in caso di reazione allergica.<\/li>\n<\/ul>\n","protected":false},"featured_media":90064,"comment_status":"open","ping_status":"closed","template":"","meta":{"_acf_changed":false,"iawp_total_views":3,"_glsr_average":0,"_glsr_ranking":0,"_glsr_reviews":0},"product_brand":[],"product_cat":[2077,168],"product_tag":[],"class_list":{"0":"post-90072","1":"product","2":"type-product","3":"status-publish","4":"has-post-thumbnail","6":"product_cat-potenza","7":"product_cat-farmacia","9":"first","10":"instock","11":"taxable","12":"shipping-taxable","13":"purchasable","14":"product-type-simple"},"acf":[],"_links":{"self":[{"href":"https:\/\/poppers-online.ch\/it\/wp-json\/wp\/v2\/product\/90072","targetHints":{"allow":["GET"]}}],"collection":[{"href":"https:\/\/poppers-online.ch\/it\/wp-json\/wp\/v2\/product"}],"about":[{"href":"https:\/\/poppers-online.ch\/it\/wp-json\/wp\/v2\/types\/product"}],"replies":[{"embeddable":true,"href":"https:\/\/poppers-online.ch\/it\/wp-json\/wp\/v2\/comments?post=90072"}],"wp:featuredmedia":[{"embeddable":true,"href":"https:\/\/poppers-online.ch\/it\/wp-json\/wp\/v2\/media\/90064"}],"wp:attachment":[{"href":"https:\/\/poppers-online.ch\/it\/wp-json\/wp\/v2\/media?parent=90072"}],"wp:term":[{"taxonomy":"product_brand","embeddable":true,"href":"https:\/\/poppers-online.ch\/it\/wp-json\/wp\/v2\/product_brand?post=90072"},{"taxonomy":"product_cat","embeddable":true,"href":"https:\/\/poppers-online.ch\/it\/wp-json\/wp\/v2\/product_cat?post=90072"},{"taxonomy":"product_tag","embeddable":true,"href":"https:\/\/poppers-online.ch\/it\/wp-json\/wp\/v2\/product_tag?post=90072"}],"curies":[{"name":"wp","href":"https:\/\/api.w.org\/{rel}","templated":true}]}}