{"id":89103,"date":"2024-03-11T22:34:27","date_gmt":"2024-03-11T21:34:27","guid":{"rendered":"https:\/\/poppers-online.ch\/?post_type=product&#038;p=89103"},"modified":"2026-04-06T09:15:47","modified_gmt":"2026-04-06T07:15:47","slug":"holder-zurich-poppers-10ml-combo-zurich-poppers-10ml-con-supporto-xtrm-blu-piatto","status":"publish","type":"product","link":"https:\/\/poppers-online.ch\/it\/prodotto\/holder-zurich-poppers-10ml-combo-zurich-poppers-10ml-con-supporto-xtrm-blu-piatto\/","title":{"rendered":"Titolare Zurich Popper 10ml Combo! Zurich Popper 10ml con supporto XTRM blu piatto"},"content":{"rendered":"","protected":false},"excerpt":{"rendered":"<p>Holder Zurich Popper 24ml Combo! Zurich Popper 10ml e <span style=\"font-weight: 400;\">XTRM Holder blu piatto<\/span> per la massima stabilit\u00e0 in ogni situazione a un prezzo conveniente. Il <a href=\"https:\/\/poppers-online.ch\/it\/prodotto\/zuerich-popper-10ml\/\"><strong>Popper Zurigo 10ml<\/strong><\/a> \u00e8 a base di nitrito di pentile e intensit\u00e0 6. Abbiamo riunito in una combo il Porta XTRM abbinato. <\/p>\n<p><span style=\"font-weight: 400;\">Con il supporto piatto XTRM non dovrai pi\u00f9 preoccuparti che le boccette di Popper si rovescino. Il supporto XTRM offre la massima stabilit\u00e0 ed \u00e8 stato appositamente sviluppato per garantire che la boccetta di Popper rimanga saldamente in piedi in qualsiasi situazione, anche senza il coperchio. Puoi anche lasciare il supporto attaccato alla boccetta mentre sniffi e non preoccuparti che la boccetta cada. Il supporto piatto XTRM non \u00e8 solo ultra-pratico, ma anche molto elegante e disponibile in 5 colori diversi per tutte e 4 le forme di bottiglia.    <\/span><\/p>\n","protected":false},"featured_media":89995,"comment_status":"open","ping_status":"closed","template":"","meta":{"_acf_changed":false,"iawp_total_views":1,"_glsr_average":0,"_glsr_ranking":0,"_glsr_reviews":0},"product_brand":[],"product_cat":[104,112,151,1307],"product_tag":[],"class_list":{"0":"post-89103","1":"product","2":"type-product","3":"status-publish","4":"has-post-thumbnail","6":"product_cat-confezioni-value","7":"product_cat-boccette-piccole","8":"product_cat-accessori-popper","9":"product_cat-supporto-per-popper","10":"pa_flaschenform-rotonda-piccola","11":"pa_gewindegroesse-piccola","12":"pa_inhalt-combo","13":"pa_inhalt-10ml","14":"pa_inhaltsstoffe-nitrito-di-pentile","15":"pa_marke-oxy-edition-it","16":"pa_staerke-105","18":"first","19":"instock","20":"sale","21":"taxable","22":"shipping-taxable","23":"purchasable","24":"product-type-simple"},"acf":[],"_links":{"self":[{"href":"https:\/\/poppers-online.ch\/it\/wp-json\/wp\/v2\/product\/89103","targetHints":{"allow":["GET"]}}],"collection":[{"href":"https:\/\/poppers-online.ch\/it\/wp-json\/wp\/v2\/product"}],"about":[{"href":"https:\/\/poppers-online.ch\/it\/wp-json\/wp\/v2\/types\/product"}],"replies":[{"embeddable":true,"href":"https:\/\/poppers-online.ch\/it\/wp-json\/wp\/v2\/comments?post=89103"}],"wp:featuredmedia":[{"embeddable":true,"href":"https:\/\/poppers-online.ch\/it\/wp-json\/wp\/v2\/media\/89995"}],"wp:attachment":[{"href":"https:\/\/poppers-online.ch\/it\/wp-json\/wp\/v2\/media?parent=89103"}],"wp:term":[{"taxonomy":"product_brand","embeddable":true,"href":"https:\/\/poppers-online.ch\/it\/wp-json\/wp\/v2\/product_brand?post=89103"},{"taxonomy":"product_cat","embeddable":true,"href":"https:\/\/poppers-online.ch\/it\/wp-json\/wp\/v2\/product_cat?post=89103"},{"taxonomy":"product_tag","embeddable":true,"href":"https:\/\/poppers-online.ch\/it\/wp-json\/wp\/v2\/product_tag?post=89103"}],"curies":[{"name":"wp","href":"https:\/\/api.w.org\/{rel}","templated":true}]}}