{"id":89089,"date":"2024-03-11T21:31:16","date_gmt":"2024-03-11T20:31:16","guid":{"rendered":"https:\/\/poppers-online.ch\/?post_type=product&#038;p=89089"},"modified":"2025-08-18T16:08:46","modified_gmt":"2025-08-18T14:08:46","slug":"holder-zurich-poppers-24ml-combo-zurich-poppers-24ml-con-supporto-xtrm-blu-piatto","status":"publish","type":"product","link":"https:\/\/poppers-online.ch\/it\/prodotto\/holder-zurich-poppers-24ml-combo-zurich-poppers-24ml-con-supporto-xtrm-blu-piatto\/","title":{"rendered":"Titolare Zurich Popper 24ml Combo! Zurich Popper 24ml con supporto XTRM blu piatto"},"content":{"rendered":"","protected":false},"excerpt":{"rendered":"<p>Holder Zurich Popper 24ml Combo! Zurich Popper 24ml e <span style=\"font-weight: 400;\">XTRM Holder blu piatto<\/span> per la massima stabilit\u00e0 in ogni situazione a un prezzo conveniente. Il <a href=\"https:\/\/poppers-online.ch\/it\/prodotto\/zuerich-popper-24ml\/\"><strong>Popper Zurigo 24ml<\/strong><\/a> \u00e8 a base di nitrito di pentile e intensit\u00e0 6. Abbiamo messo insieme il Porta XTRM abbinato in una combo per te. <\/p>\n<p><span style=\"font-weight: 400;\">Con il supporto piatto XTRM non dovrai pi\u00f9 preoccuparti che le boccette di Popper si rovescino. Il supporto XTRM offre la massima stabilit\u00e0 ed \u00e8 stato appositamente sviluppato per garantire che la boccetta di Popper rimanga saldamente in piedi in qualsiasi situazione, anche senza il coperchio. Puoi anche lasciare il supporto attaccato alla boccetta mentre sniffi e non preoccuparti che la boccetta cada. Il supporto piatto XTRM non \u00e8 solo ultra-pratico, ma anche molto elegante e disponibile in 5 colori diversi per tutte e 4 le forme di bottiglia.    <\/span><\/p>\n","protected":false},"featured_media":89991,"comment_status":"open","ping_status":"closed","template":"","meta":{"_acf_changed":false,"iawp_total_views":0,"_glsr_average":0,"_glsr_ranking":0,"_glsr_reviews":0},"product_brand":[],"product_cat":[1047,104,109,151,1307],"product_tag":[],"class_list":{"0":"post-89089","1":"product","2":"type-product","3":"status-publish","4":"has-post-thumbnail","6":"product_cat-popper","7":"product_cat-confezioni-value","8":"product_cat-boccette-grandi","9":"product_cat-accessori-popper","10":"product_cat-supporto-per-popper","11":"pa_flaschenform-ovale-it","12":"pa_gewindegroesse-piccola","13":"pa_inhalt-combo","14":"pa_inhalt-24ml","15":"pa_inhaltsstoffe-nitrito-di-pentile","16":"pa_marke-oxy-edition-it","17":"pa_staerke-105","19":"first","20":"instock","21":"sale","22":"taxable","23":"shipping-taxable","24":"purchasable","25":"product-type-simple"},"acf":[],"_links":{"self":[{"href":"https:\/\/poppers-online.ch\/it\/wp-json\/wp\/v2\/product\/89089","targetHints":{"allow":["GET"]}}],"collection":[{"href":"https:\/\/poppers-online.ch\/it\/wp-json\/wp\/v2\/product"}],"about":[{"href":"https:\/\/poppers-online.ch\/it\/wp-json\/wp\/v2\/types\/product"}],"replies":[{"embeddable":true,"href":"https:\/\/poppers-online.ch\/it\/wp-json\/wp\/v2\/comments?post=89089"}],"wp:featuredmedia":[{"embeddable":true,"href":"https:\/\/poppers-online.ch\/it\/wp-json\/wp\/v2\/media\/89991"}],"wp:attachment":[{"href":"https:\/\/poppers-online.ch\/it\/wp-json\/wp\/v2\/media?parent=89089"}],"wp:term":[{"taxonomy":"product_brand","embeddable":true,"href":"https:\/\/poppers-online.ch\/it\/wp-json\/wp\/v2\/product_brand?post=89089"},{"taxonomy":"product_cat","embeddable":true,"href":"https:\/\/poppers-online.ch\/it\/wp-json\/wp\/v2\/product_cat?post=89089"},{"taxonomy":"product_tag","embeddable":true,"href":"https:\/\/poppers-online.ch\/it\/wp-json\/wp\/v2\/product_tag?post=89089"}],"curies":[{"name":"wp","href":"https:\/\/api.w.org\/{rel}","templated":true}]}}