{"id":88168,"date":"2024-02-28T17:05:47","date_gmt":"2024-02-28T16:12:04","guid":{"rendered":"https:\/\/poppers-online.ch\/produkt\/giocattoli-hankeys-el-rey-dildo-anale\/"},"modified":"2024-02-28T17:12:04","modified_gmt":"2024-02-28T16:12:04","slug":"giocattoli-hankeys-el-rey-dildo-anale","status":"publish","type":"product","link":"https:\/\/poppers-online.ch\/it\/prodotto\/giocattoli-hankeys-el-rey-dildo-anale\/","title":{"rendered":"Giocattoli Hankey&#8217;s EL REY Dildo anale"},"content":{"rendered":"","protected":false},"excerpt":{"rendered":"<p><span style=\"font-weight: 400;\">L&#8217;El Rey \u00e8 uno dei re dei giocattoli Hankeys. I creativi hanno creato un mostro enorme e bellissimo per chi ha il coraggio di essere estremo. Il modello El Rey pi\u00f9 piccolo ha una circonferenza di 22 cm e diventa pi\u00f9 grande con ogni modello. Per creare la struttura realistica di El Rey \u00e8 stata utilizzata un&#8217;accurata quantit\u00e0 di dettagli: vene intrecciate e un prepuzio lungo e liscio che copre parzialmente la testa di questo pezzo. Anche se molto realistico, questo prepuzio non \u00e8 modellabile e non pu\u00f2 essere ritratto. Le palline Remove-O-Balls sono disponibili separatamente. <\/span><\/p>\n<p><span style=\"font-weight: 400;\">Hankey&#8217;s Toys produce dildo molto realistici con dimensioni sproporzionate per il piacere illimitato di amatori ed esperti. Molte modelle sono l&#8217;immagine di un attore porno molto ben dotato e di dimensioni straordinarie. Tutti i giocattoli Hankey sono realizzati a mano con silicone di alta qualit\u00e0 polimerizzato al platino. I dildo del marchio di culto Hankey&#8217;s Toys sono massicci, pesanti e incredibilmente grandi allo stesso tempo. Per noi, i pi\u00f9 grandi dildo anali del mondo fino ad ora!<\/span><\/p>\n<p><b>EL REY &#8211; M<br \/>\n<\/b><span style=\"font-weight: 400;\">Circonferenza alla testa: 18,4 cm<br \/>\n<\/span><span style=\"font-weight: 400;\">Circonferenza al centro: 22,2 cm<br \/>\n<\/span><span style=\"font-weight: 400;\">Circonferenza alla base: 20,3 cm<br \/>\n<\/span><span style=\"font-weight: 400;\">Lunghezza totale: 31,0 cm<br \/>\n<\/span><span style=\"font-weight: 400;\">Lunghezza inseribile: 28,0 cm<br \/>\n<\/span><span style=\"font-weight: 400;\">Misura dell&#8217;anello del cinturino: 6,3 cm<\/span><\/p>\n<p><b>EL REY &#8211; L<br \/>\n<\/b><span style=\"font-weight: 400;\">Circonferenza in testa: 19,9 cm<br \/>\n<\/span><span style=\"font-weight: 400;\">Circonferenza al centro: 24,1 cm<br \/>\n<\/span><span style=\"font-weight: 400;\">Circonferenza alla base: 22,2 cm<br \/>\n<\/span><span style=\"font-weight: 400;\">Lunghezza totale: 34,0 cm<br \/>\n<\/span><span style=\"font-weight: 400;\">Lunghezza inseribile: 31,1 cm<br \/>\n<\/span><span style=\"font-weight: 400;\">Misura dell&#8217;anello del cinturino: 6,3 cm<\/span><\/p>\n<p><b>EL REY &#8211; XL<br \/>\n<\/b><span style=\"font-weight: 400;\">Circonferenza alla testa: 22,2 cm<br \/>\n<\/span><span style=\"font-weight: 400;\">Circonferenza al centro: 26,6 cm<br \/>\n<\/span><span style=\"font-weight: 400;\">Circonferenza alla base: 24,7 cm<br \/>\n<\/span><span style=\"font-weight: 400;\">Lunghezza totale: 36,0 cm<br \/>\n<\/span><span style=\"font-weight: 400;\">Lunghezza inseribile: 33,0 cm<br \/>\n<\/span><span style=\"font-weight: 400;\">Misura dell&#8217;anello del cinturino: &#8211;<\/span><\/p>\n<p><b>EL REY &#8211; XXL<br \/>\n<\/b><span style=\"font-weight: 400;\">Circonferenza in testa: 24,1cm<br \/>\n<\/span><span style=\"font-weight: 400;\">Circonferenza al centro: 29,8 cm<br \/>\n<\/span><span style=\"font-weight: 400;\">Circonferenza alla base: 26,6 cm<br \/>\n<\/span><span style=\"font-weight: 400;\">Lunghezza totale: 38,0 cm<br \/>\n<\/span><span style=\"font-weight: 400;\">Lunghezza inseribile: 35,5 cm<br \/>\n<\/span><span style=\"font-weight: 400;\">Misura dell&#8217;anello del cinturino: &#8211;<\/span><\/p>\n","protected":false},"featured_media":88099,"comment_status":"closed","ping_status":"closed","template":"","meta":{"_acf_changed":false,"iawp_total_views":6,"_glsr_average":0,"_glsr_ranking":0,"_glsr_reviews":0},"product_brand":[],"product_cat":[2086,172],"product_tag":[1992],"class_list":{"0":"post-88168","1":"product","2":"type-product","3":"status-publish","4":"has-post-thumbnail","6":"product_cat-anal-play","7":"product_cat-sex-toys","8":"product_tag-elrey-xxl-it","10":"first","11":"instock","12":"sale","13":"taxable","14":"shipping-taxable","15":"purchasable","16":"product-type-variable","17":"has-default-attributes"},"acf":[],"_links":{"self":[{"href":"https:\/\/poppers-online.ch\/it\/wp-json\/wp\/v2\/product\/88168","targetHints":{"allow":["GET"]}}],"collection":[{"href":"https:\/\/poppers-online.ch\/it\/wp-json\/wp\/v2\/product"}],"about":[{"href":"https:\/\/poppers-online.ch\/it\/wp-json\/wp\/v2\/types\/product"}],"replies":[{"embeddable":true,"href":"https:\/\/poppers-online.ch\/it\/wp-json\/wp\/v2\/comments?post=88168"}],"wp:featuredmedia":[{"embeddable":true,"href":"https:\/\/poppers-online.ch\/it\/wp-json\/wp\/v2\/media\/88099"}],"wp:attachment":[{"href":"https:\/\/poppers-online.ch\/it\/wp-json\/wp\/v2\/media?parent=88168"}],"wp:term":[{"taxonomy":"product_brand","embeddable":true,"href":"https:\/\/poppers-online.ch\/it\/wp-json\/wp\/v2\/product_brand?post=88168"},{"taxonomy":"product_cat","embeddable":true,"href":"https:\/\/poppers-online.ch\/it\/wp-json\/wp\/v2\/product_cat?post=88168"},{"taxonomy":"product_tag","embeddable":true,"href":"https:\/\/poppers-online.ch\/it\/wp-json\/wp\/v2\/product_tag?post=88168"}],"curies":[{"name":"wp","href":"https:\/\/api.w.org\/{rel}","templated":true}]}}