{"id":87120,"date":"2024-02-15T20:32:55","date_gmt":"2024-02-15T19:32:55","guid":{"rendered":"https:\/\/poppers-online.ch\/produkt\/sniff-it-combo-brutus-xtra-strong-24ml-poppers-con-tappo-booster-poppers-xtrm-doppio-piccolo-nero-a-prova-di-perdita\/"},"modified":"2025-04-11T18:43:28","modified_gmt":"2025-04-11T16:43:28","slug":"sniff-it-combo-brutus-xtra-strong-24ml-poppers-con-tappo-booster-poppers-xtrm-doppio-piccolo-nero-a-prova-di-perdita","status":"publish","type":"product","link":"https:\/\/poppers-online.ch\/it\/prodotto\/sniff-it-combo-brutus-xtra-strong-24ml-poppers-con-tappo-booster-poppers-xtrm-doppio-piccolo-nero-a-prova-di-perdita\/","title":{"rendered":"Sniff it Combo! Brutus XTRA Strong 24ml Popper con Tappo Booster Popper XTRM Doppio Piccolo Nero LEAK PROOF"},"content":{"rendered":"","protected":false},"excerpt":{"rendered":"<p><strong>Sniff it<\/strong> Combo ad un prezzo da pacchetto HAMMER! Sniff it Combo! Brutus XTRA Strong 24ml Popper con Popper Booster Cap XTRM Double Small Black LEAK PROOF per un&#8217;azione ancora pi\u00f9 intensa. Effetto potenziato garantito. Mega <strong>Sniff it<\/strong> Combo ad un prezzo interessante \u00e8 l&#8217;ultima offerta per il vostro popper extra kick! Brutus XTRA Strong 24ml Popper \u00e8 prodotto a base di nitrito di pentile.<\/p>\n<p>&nbsp;<\/p>\n<p><a href=\"https:\/\/poppers-online.ch\/it\/prodotto\/popper-brutus-24ml\/\"><strong>Brutus Popper 24ml<\/strong><\/a> di Amsterdam \u00e8 noto per i suoi eccitanti cock ring e ball stretchers. Ora il produttore Brutus lancia i popper per gladiatori e batori. Se volete vivere momenti come una bestia disinibita, allora annusate il Brutus Popper. Il Brutus Popper contiene puro nitrito di pentile di alta qualit\u00e0 di gradazione 6. La versione da 24 ml \u00e8 contenuta in un indistruttibile flacone tascabile in alluminio da 24 ml.<\/p>\n<p>&nbsp;<\/p>\n<p>Se vi scatenate subito dopo aver sniffato il popper, potreste trovare il flacone di popper Swiss Premium Juice da 10 ml rovesciato e con perdite. Il team XTRM ha sviluppato un ingegnoso tappo a prova di perdite e facile da usare con un pulsante. Si avvita lo sniffer a prova di perdite sul flacone Swiss Premium Juice da 10 ml come di consueto. Solo quando si preme il pulsante sul lato del tappo, il popper fuoriesce dalla bottiglia attraverso il canale del calcio. Quando si rilascia il pulsante, lo sniffer \u00e8 di nuovo <strong>sigillato al 100%<\/strong> e i popper rimangono nella bottiglia, anche se la bottiglia si rovescia perch\u00e9 \u00e8 calda. Questo nuovo sistema di chiusura a pulsante \u00e8 di alta qualit\u00e0, non \u00e8 prodotto in serie e viene realizzato in Austria con grande impegno. Il <a href=\"https:\/\/poppers-online.ch\/it\/prodotto\/poppers-booster-cap-xtrm-double-small-black-leak-proof\/\"><strong>Tappo doppio piccolo nero LEAK PROOF Booster<\/strong><\/a>si adatta a tutte le bottiglie <strong>da 10 e 30 ml<\/strong> di Lockerroom e a tutte le bottiglie di Shelbora e Oxymoron. Provate il calcio e il comfort extra quando tirate i popper. Niente pi\u00f9 bottiglie di popper rovesciate grazie al tappo a prova di perdite LEAK PROOF.<\/p>\n","protected":false},"featured_media":89614,"comment_status":"open","ping_status":"closed","template":"","meta":{"_acf_changed":false,"iawp_total_views":30,"_glsr_average":0,"_glsr_ranking":0,"_glsr_reviews":0},"product_brand":[],"product_cat":[1047,104,109,151,1304],"product_tag":[],"class_list":{"0":"post-87120","1":"product","2":"type-product","3":"status-publish","4":"has-post-thumbnail","6":"product_cat-popper","7":"product_cat-confezioni-value","8":"product_cat-boccette-grandi","9":"product_cat-accessori-popper","10":"product_cat-booster-caps-it","11":"pa_booster-cap-gewindegroesse-per-filettatura-piccola","12":"pa_gewindegroesse-piccola","13":"pa_inhalt-combo","14":"pa_inhalt-24ml","15":"pa_inhaltsstoffe-nitrito-di-pentile","16":"pa_staerke-105","18":"first","19":"instock","20":"sale","21":"taxable","22":"shipping-taxable","23":"purchasable","24":"product-type-simple"},"acf":[],"_links":{"self":[{"href":"https:\/\/poppers-online.ch\/it\/wp-json\/wp\/v2\/product\/87120","targetHints":{"allow":["GET"]}}],"collection":[{"href":"https:\/\/poppers-online.ch\/it\/wp-json\/wp\/v2\/product"}],"about":[{"href":"https:\/\/poppers-online.ch\/it\/wp-json\/wp\/v2\/types\/product"}],"replies":[{"embeddable":true,"href":"https:\/\/poppers-online.ch\/it\/wp-json\/wp\/v2\/comments?post=87120"}],"wp:featuredmedia":[{"embeddable":true,"href":"https:\/\/poppers-online.ch\/it\/wp-json\/wp\/v2\/media\/89614"}],"wp:attachment":[{"href":"https:\/\/poppers-online.ch\/it\/wp-json\/wp\/v2\/media?parent=87120"}],"wp:term":[{"taxonomy":"product_brand","embeddable":true,"href":"https:\/\/poppers-online.ch\/it\/wp-json\/wp\/v2\/product_brand?post=87120"},{"taxonomy":"product_cat","embeddable":true,"href":"https:\/\/poppers-online.ch\/it\/wp-json\/wp\/v2\/product_cat?post=87120"},{"taxonomy":"product_tag","embeddable":true,"href":"https:\/\/poppers-online.ch\/it\/wp-json\/wp\/v2\/product_tag?post=87120"}],"curies":[{"name":"wp","href":"https:\/\/api.w.org\/{rel}","templated":true}]}}