{"id":86596,"date":"2024-02-07T13:17:09","date_gmt":"2024-02-07T12:17:09","guid":{"rendered":"https:\/\/poppers-online.ch\/produkt\/giocattoli-hankeys-topher-michels-dildo-anale\/"},"modified":"2024-02-07T13:18:44","modified_gmt":"2024-02-07T12:18:44","slug":"giocattoli-hankeys-topher-michels-dildo-anale","status":"publish","type":"product","link":"https:\/\/poppers-online.ch\/it\/prodotto\/giocattoli-hankeys-topher-michels-dildo-anale\/","title":{"rendered":"Giocattoli Hankey&#8217;s TOPHER MICHELS Dildo anale"},"content":{"rendered":"","protected":false},"excerpt":{"rendered":"<p><span style=\"font-weight: 400;\">Questa forma ultra-realistica della pornostar Topher Michels \u00e8 quanto di pi\u00f9 vicino alla realt\u00e0! Questo stampo realistico \u00e8 impeccabile e replica ogni dettaglio del cazzo di Topher Michels fin nei minimi particolari, liscio e con le vene! Portate la pornostar Topher Michels a casa vostra stasera!<\/span><\/p>\n<p><span style=\"font-weight: 400;\">Hankey&#8217;s Toys produce dildo molto realistici con dimensioni sproporzionate per il piacere illimitato di amatori ed esperti. Molte modelle sono l&#8217;immagine di un attore porno molto ben dotato e di dimensioni straordinarie. Tutti i giocattoli Hankey sono realizzati a mano con silicone di alta qualit\u00e0 polimerizzato al platino. I dildo del marchio di culto Hankey&#8217;s Toys sono massicci, pesanti e incredibilmente grandi allo stesso tempo. Per noi, i pi\u00f9 grandi dildo anali del mondo fino ad ora!<\/span><\/p>\n<p><b>TOPHER MICHELS &#8211; ORIGINALE<br \/>\n<\/b><span style=\"font-weight: 400;\">Circonferenza in testa: 12,7cm<br \/>\n<\/span><span style=\"font-weight: 400;\">Circonferenza al centro: 14,2 cm<br \/>\n<\/span><span style=\"font-weight: 400;\">Circonferenza alla base: 15,2 cm<br \/>\n<\/span><span style=\"font-weight: 400;\">Lunghezza totale: 16,0 cm<br \/>\n<\/span><span style=\"font-weight: 400;\">Lunghezza inseribile: 12,4 cm<br \/>\n<\/span><span style=\"font-weight: 400;\">Misura dell&#8217;anello del cinturino: &#8211;<\/span><\/p>\n<p><b>TOPHER MICHELS &#8211; M<br \/>\n<\/b><span style=\"font-weight: 400;\">Circonferenza della testa: 17,1 cm<br \/>\n<\/span><span style=\"font-weight: 400;\">Circonferenza al centro: 19,6 cm<br \/>\n<\/span><span style=\"font-weight: 400;\">Circonferenza alla base: 21,5 cm<br \/>\n<\/span><span style=\"font-weight: 400;\">Lunghezza totale: 21,0 cm<br \/>\n<\/span><span style=\"font-weight: 400;\">Lunghezza inseribile: 17,1 cm<br \/>\n<\/span><span style=\"font-weight: 400;\">Misura dell&#8217;anello del cinturino: 6,3 cm<\/span><\/p>\n<p><b>TOPHER MICHELS &#8211; L\/XL<br \/>\n<\/b><span style=\"font-weight: 400;\">Circonferenza in testa: 21,5 cm<br \/>\n<\/span><span style=\"font-weight: 400;\">Circonferenza al centro: 24,7 cm<br \/>\n<\/span><span style=\"font-weight: 400;\">circonferenza alla base: 28,5 cm<br \/>\n<\/span><span style=\"font-weight: 400;\">Lunghezza totale: 27,0 cm<br \/>\n<\/span><span style=\"font-weight: 400;\">Lunghezza inseribile: 21,8 cm<br \/>\n<\/span><span style=\"font-weight: 400;\">Misura dell&#8217;anello del cinturino: 7,6 cm<\/span><\/p>\n<p><b>TOPHER MICHELS &#8211; XXXL<br \/>\n<\/b><span style=\"font-weight: 400;\">Circonferenza in testa: 26,6cm<br \/>\n<\/span><span style=\"font-weight: 400;\">Circonferenza al centro: 30,4cm<br \/>\n<\/span><span style=\"font-weight: 400;\">circonferenza alla base: 33,6cm<br \/>\n<\/span><span style=\"font-weight: 400;\">Lunghezza totale: 33,0cm<br \/>\n<\/span><span style=\"font-weight: 400;\">Lunghezza inseribile: 26,0cm<br \/>\n<\/span><span style=\"font-weight: 400;\">Misura dell&#8217;anello del cinturino: &#8211;<\/span><\/p>\n","protected":false},"featured_media":86569,"comment_status":"closed","ping_status":"closed","template":"","meta":{"_acf_changed":false,"iawp_total_views":4,"_glsr_average":0,"_glsr_ranking":0,"_glsr_reviews":0},"product_brand":[],"product_cat":[2086,172],"product_tag":[1980],"class_list":{"0":"post-86596","1":"product","2":"type-product","3":"status-publish","4":"has-post-thumbnail","6":"product_cat-anal-play","7":"product_cat-sex-toys","8":"product_tag-giocattoli-hankeys-topher-michels-dildo-anale","10":"first","11":"instock","12":"sale","13":"taxable","14":"shipping-taxable","15":"purchasable","16":"product-type-variable","17":"has-default-attributes"},"acf":[],"_links":{"self":[{"href":"https:\/\/poppers-online.ch\/it\/wp-json\/wp\/v2\/product\/86596","targetHints":{"allow":["GET"]}}],"collection":[{"href":"https:\/\/poppers-online.ch\/it\/wp-json\/wp\/v2\/product"}],"about":[{"href":"https:\/\/poppers-online.ch\/it\/wp-json\/wp\/v2\/types\/product"}],"replies":[{"embeddable":true,"href":"https:\/\/poppers-online.ch\/it\/wp-json\/wp\/v2\/comments?post=86596"}],"wp:featuredmedia":[{"embeddable":true,"href":"https:\/\/poppers-online.ch\/it\/wp-json\/wp\/v2\/media\/86569"}],"wp:attachment":[{"href":"https:\/\/poppers-online.ch\/it\/wp-json\/wp\/v2\/media?parent=86596"}],"wp:term":[{"taxonomy":"product_brand","embeddable":true,"href":"https:\/\/poppers-online.ch\/it\/wp-json\/wp\/v2\/product_brand?post=86596"},{"taxonomy":"product_cat","embeddable":true,"href":"https:\/\/poppers-online.ch\/it\/wp-json\/wp\/v2\/product_cat?post=86596"},{"taxonomy":"product_tag","embeddable":true,"href":"https:\/\/poppers-online.ch\/it\/wp-json\/wp\/v2\/product_tag?post=86596"}],"curies":[{"name":"wp","href":"https:\/\/api.w.org\/{rel}","templated":true}]}}