{"id":85679,"date":"2024-01-31T16:43:35","date_gmt":"2024-01-31T15:43:35","guid":{"rendered":"https:\/\/poppers-online.ch\/?post_type=product&#038;p=85679"},"modified":"2024-10-15T23:25:24","modified_gmt":"2024-10-15T21:25:24","slug":"sport-fucker-poppers-10ml","status":"publish","type":"product","link":"https:\/\/poppers-online.ch\/it\/prodotto\/sport-fucker-poppers-10ml\/","title":{"rendered":"Sport Fucker Poppers 10ml"},"content":{"rendered":"<p>&nbsp;<\/p>\n<div id=\"a36bb854c610d44-autofill-overlay-host\" class=\"a36bb854c610d44-autofill-overlay-host\" style=\"width: 0\">\n<div><\/div>\n<\/div>\n","protected":false},"excerpt":{"rendered":"<p>Sport Fucker \u00e8 il marchio di tendenza dagli Stati Uniti per gli anelli per il cazzo e i ball stretcher in silicone di alta qualit\u00e0: se il sesso \u00e8 il vostro sport, abbiamo il vostro equipaggiamento. Lo<strong> Sport Fucker Poppers 10ml<\/strong> a base di nitrito di pentile \u00e8 per tutti coloro che amano il sudore, la sporcizia e il sudiciume. Una sola sniffata di Sport Fucker Poppers vi trasformer\u00e0 in uno sportivo voglioso e sporcaccione.<\/p>\n<div id=\"a36bb854c610d44-autofill-overlay-host\" class=\"a36bb854c610d44-autofill-overlay-host\" style=\"width: 0\">\n<div><\/div>\n<\/div>\n","protected":false},"featured_media":86257,"comment_status":"open","ping_status":"closed","template":"","meta":{"_acf_changed":false,"iawp_total_views":2,"_glsr_average":0,"_glsr_ranking":0,"_glsr_reviews":0},"product_brand":[],"product_cat":[112],"product_tag":[],"class_list":{"0":"post-85679","1":"product","2":"type-product","3":"status-publish","4":"has-post-thumbnail","6":"product_cat-boccette-piccole","7":"pa_flaschenform-rotonda-piccola","8":"pa_gewindegroesse-piccola","9":"pa_inhalt-10ml","10":"pa_inhaltsstoffe-nitrito-di-alcool-isoamilico","11":"pa_staerke-105","13":"first","14":"instock","15":"taxable","16":"shipping-taxable","17":"purchasable","18":"product-type-simple"},"acf":[],"_links":{"self":[{"href":"https:\/\/poppers-online.ch\/it\/wp-json\/wp\/v2\/product\/85679","targetHints":{"allow":["GET"]}}],"collection":[{"href":"https:\/\/poppers-online.ch\/it\/wp-json\/wp\/v2\/product"}],"about":[{"href":"https:\/\/poppers-online.ch\/it\/wp-json\/wp\/v2\/types\/product"}],"replies":[{"embeddable":true,"href":"https:\/\/poppers-online.ch\/it\/wp-json\/wp\/v2\/comments?post=85679"}],"wp:featuredmedia":[{"embeddable":true,"href":"https:\/\/poppers-online.ch\/it\/wp-json\/wp\/v2\/media\/86257"}],"wp:attachment":[{"href":"https:\/\/poppers-online.ch\/it\/wp-json\/wp\/v2\/media?parent=85679"}],"wp:term":[{"taxonomy":"product_brand","embeddable":true,"href":"https:\/\/poppers-online.ch\/it\/wp-json\/wp\/v2\/product_brand?post=85679"},{"taxonomy":"product_cat","embeddable":true,"href":"https:\/\/poppers-online.ch\/it\/wp-json\/wp\/v2\/product_cat?post=85679"},{"taxonomy":"product_tag","embeddable":true,"href":"https:\/\/poppers-online.ch\/it\/wp-json\/wp\/v2\/product_tag?post=85679"}],"curies":[{"name":"wp","href":"https:\/\/api.w.org\/{rel}","templated":true}]}}