{"id":85538,"date":"2024-01-29T21:12:50","date_gmt":"2024-01-29T20:12:50","guid":{"rendered":"https:\/\/poppers-online.ch\/produkt\/mister-b-load-lubrificante-100-ml\/"},"modified":"2024-01-29T21:16:01","modified_gmt":"2024-01-29T20:16:01","slug":"mister-b-load-lubrificante-100-ml","status":"publish","type":"product","link":"https:\/\/poppers-online.ch\/it\/prodotto\/mister-b-load-lubrificante-100-ml\/","title":{"rendered":"Mister B LOAD Lubrificante 100 ml"},"content":{"rendered":"","protected":false},"excerpt":{"rendered":"<p><strong>Mister B LOAD Lubrificante 100 ml<\/strong> \u00e8 un fantastico lubrificante bianco e cremoso che sembra il vostro sperma! Mister B LOAD \u00e8 un lubrificante ibrido, un mix perfetto di gel ad assorbimento di acqua e silicone. L&#8217;olio di silicone contenuto in Mister B Load garantisce una morbidezza setosa e una lunga durata, mentre la componente a base di lavande lo rende pi\u00f9 facile da lavare. Il gel \u00e8 sicuro al 100% per i preservativi e pu\u00f2 essere utilizzato con tutti i giocattoli, compresi quelli in silicone, lattice, vetro, metallo, gomma, neoprene, tessuto e altri ancora. Non macchia e lascia la pelle meravigliosamente morbida. Ecco perch\u00e9 Mister B Load \u00e8 un gel per tutto, che si tratti di divertirsi con il partner, di giocare con i giocattoli o di divertirsi con se stessi. L&#8217;uso di un buon lubrificante come Mister B LOAD \u00e8 quasi obbligatorio per il gioco anale. Riduce il dolore durante l&#8217;inserimento e previene la lacerazione dei preservativi. Il look dello sperma, in particolare, vi fa sentire come se steste portando il vostro sesso a un livello completamente nuovo.<\/p>\n<p>Mister B LOAD non \u00e8 stato testato sugli animali, ma molti maiali lo hanno provato ampiamente. Nel complesso, Mister LOAD \u00e8 un lubrificante 1A.<br \/>\nDisponibile in flaconi da 100 ml e 250 ml con pratico coperchio flip-top.<\/p>\n<p><strong>Ingredienti:<\/strong> Aqua (acqua), glicerina, glicole propilenico, ciclometicone, acrilato di sodio\/acrilildimetil taurato, dimeticonolo, isoesadecano, polisorbato 80, idrossietilcellulosa, fenossietanolo, etilesilglicerina, CI77897, CI19140<\/p>\n","protected":false},"featured_media":85534,"comment_status":"closed","ping_status":"closed","template":"","meta":{"_acf_changed":false,"iawp_total_views":2,"_glsr_average":0,"_glsr_ranking":0,"_glsr_reviews":0},"product_brand":[],"product_cat":[2068,168],"product_tag":[1954],"class_list":{"0":"post-85538","1":"product","2":"type-product","3":"status-publish","4":"has-post-thumbnail","6":"product_cat-lubrificanti","7":"product_cat-farmacia","8":"product_tag-mister-b-load-lubrificante-100-ml","10":"first","11":"instock","12":"taxable","13":"shipping-taxable","14":"purchasable","15":"product-type-simple"},"acf":[],"_links":{"self":[{"href":"https:\/\/poppers-online.ch\/it\/wp-json\/wp\/v2\/product\/85538","targetHints":{"allow":["GET"]}}],"collection":[{"href":"https:\/\/poppers-online.ch\/it\/wp-json\/wp\/v2\/product"}],"about":[{"href":"https:\/\/poppers-online.ch\/it\/wp-json\/wp\/v2\/types\/product"}],"replies":[{"embeddable":true,"href":"https:\/\/poppers-online.ch\/it\/wp-json\/wp\/v2\/comments?post=85538"}],"wp:featuredmedia":[{"embeddable":true,"href":"https:\/\/poppers-online.ch\/it\/wp-json\/wp\/v2\/media\/85534"}],"wp:attachment":[{"href":"https:\/\/poppers-online.ch\/it\/wp-json\/wp\/v2\/media?parent=85538"}],"wp:term":[{"taxonomy":"product_brand","embeddable":true,"href":"https:\/\/poppers-online.ch\/it\/wp-json\/wp\/v2\/product_brand?post=85538"},{"taxonomy":"product_cat","embeddable":true,"href":"https:\/\/poppers-online.ch\/it\/wp-json\/wp\/v2\/product_cat?post=85538"},{"taxonomy":"product_tag","embeddable":true,"href":"https:\/\/poppers-online.ch\/it\/wp-json\/wp\/v2\/product_tag?post=85538"}],"curies":[{"name":"wp","href":"https:\/\/api.w.org\/{rel}","templated":true}]}}