{"id":85505,"date":"2024-01-29T20:31:27","date_gmt":"2024-01-29T19:33:16","guid":{"rendered":"https:\/\/poppers-online.ch\/produkt\/mister-b-lube-extreme-lubrificante-a-base-dacqua-30-ml\/"},"modified":"2024-01-29T20:33:16","modified_gmt":"2024-01-29T19:33:16","slug":"mister-b-lube-extreme-lubrificante-a-base-dacqua-30-ml","status":"publish","type":"product","link":"https:\/\/poppers-online.ch\/it\/prodotto\/mister-b-lube-extreme-lubrificante-a-base-dacqua-30-ml\/","title":{"rendered":"Mister B LUBE Extreme lubrificante a base d&#8217;acqua 30 ml"},"content":{"rendered":"","protected":false},"excerpt":{"rendered":"<p><span class=\"sc-47ab95e0-1\">A grande richiesta, Mister B ha aggiornato il suo popolare lubrificante a base d&#8217;acqua Mister B LUBE Extreme 30 ml con un effetto rilassante e desensibilizzante.<\/span><span id=\":rn:\" class=\"sc-47ab95e0-2\" aria-hidden=\"false\">  per consentire una penetrazione indolore. Mister B LUBE Extreme \u00e8 stato creato aggiungendo il Laureth-9 (l&#8217;equivalente chimico dell&#8217;estratto di chiodi di garofano) alla formula LUBE.<\/p>\n<p>Grazie alle sue propriet\u00e0 rilassanti e desensibilizzanti, l&#8217;uso del <strong>lubrificante a base d&#8217;acqua Mister B LUBE Extreme 30 ml<\/strong> fa s\u00ec che soprattutto il primo momento della penetrazione iniziale (ad esempio con giocattoli di grandi dimensioni) sia pi\u00f9 facile da gestire e meno intenso. L&#8217;alloro-9 ha un effetto desensibilizzante, ma non \u00e8 un anestetico aggressivo, il che \u00e8 positivo perch\u00e9 consente comunque di provare sensazioni sufficienti per capire cosa sta succedendo e godere della meravigliosa sensazione di essere riempiti. Grazie alle sue propriet\u00e0, Mister B LUBE Extreme \u00e8 anche un ottimo lubrificante multiuso se siete inclini all&#8217;eiaculazione precoce o se vi piace scopare a lungo prima di venire, perch\u00e9 agisce anche come fattore di ritardo.<\/p>\n<p>Mister B LUBE Extreme \u00e8 un lubrificante medico a base d&#8217;acqua. \u00c8 compatibile con i preservativi, di lunga durata, senza oli e grassi e naturale: morbido come la seta e di lunga durata. Non \u00e8 stato testato sugli animali e non contiene derivati animali. E infine: dermatologicamente testato.<\/p>\n<p>L&#8217;agente desensibilizzante di Mister B LUBE Extreme non si miscela bene con il LUBE. Non volendo aggiungere uno stabilizzatore: AGITARE BENE PRIMA DELL&#8217;USO PER MASSIMIZZARE L&#8217;EFFETTO.<\/p>\n<p>Mister B LUBE Extreme \u00e8 disponibile in flaconi da 30 ml, 100 ml e 250 ml con tappo flip-top.<\/p>\n<p><strong>Ingredienti:<\/strong> acqua, glicerina, glicole propilenico, alloro 9, acetato di tocoferile, copolimero acrilato di sodio\/acrilildimetil taurato di sodio, isoesadecano, idrossietilcellulosa, polisorbato 80, fenossietanolo, etilesilglicerina.<\/span><\/p>\n","protected":false},"featured_media":85494,"comment_status":"closed","ping_status":"closed","template":"","meta":{"_acf_changed":false,"iawp_total_views":0,"_glsr_average":0,"_glsr_ranking":0,"_glsr_reviews":0},"product_brand":[],"product_cat":[2068,168],"product_tag":[1946],"class_list":{"0":"post-85505","1":"product","2":"type-product","3":"status-publish","4":"has-post-thumbnail","6":"product_cat-lubrificanti","7":"product_cat-farmacia","8":"product_tag-mister-b-lube-extreme-lubrificante-a-base-dacqua-30-ml","10":"first","11":"instock","12":"sale","13":"taxable","14":"shipping-taxable","15":"purchasable","16":"product-type-simple"},"acf":[],"_links":{"self":[{"href":"https:\/\/poppers-online.ch\/it\/wp-json\/wp\/v2\/product\/85505","targetHints":{"allow":["GET"]}}],"collection":[{"href":"https:\/\/poppers-online.ch\/it\/wp-json\/wp\/v2\/product"}],"about":[{"href":"https:\/\/poppers-online.ch\/it\/wp-json\/wp\/v2\/types\/product"}],"replies":[{"embeddable":true,"href":"https:\/\/poppers-online.ch\/it\/wp-json\/wp\/v2\/comments?post=85505"}],"wp:featuredmedia":[{"embeddable":true,"href":"https:\/\/poppers-online.ch\/it\/wp-json\/wp\/v2\/media\/85494"}],"wp:attachment":[{"href":"https:\/\/poppers-online.ch\/it\/wp-json\/wp\/v2\/media?parent=85505"}],"wp:term":[{"taxonomy":"product_brand","embeddable":true,"href":"https:\/\/poppers-online.ch\/it\/wp-json\/wp\/v2\/product_brand?post=85505"},{"taxonomy":"product_cat","embeddable":true,"href":"https:\/\/poppers-online.ch\/it\/wp-json\/wp\/v2\/product_cat?post=85505"},{"taxonomy":"product_tag","embeddable":true,"href":"https:\/\/poppers-online.ch\/it\/wp-json\/wp\/v2\/product_tag?post=85505"}],"curies":[{"name":"wp","href":"https:\/\/api.w.org\/{rel}","templated":true}]}}