{"id":85489,"date":"2024-01-29T20:14:57","date_gmt":"2024-01-29T19:14:57","guid":{"rendered":"https:\/\/poppers-online.ch\/produkt\/mister-b-lube-lubrificante-a-base-dacqua-250-ml\/"},"modified":"2024-01-29T20:18:09","modified_gmt":"2024-01-29T19:18:09","slug":"mister-b-lube-lubrificante-a-base-dacqua-250-ml","status":"publish","type":"product","link":"https:\/\/poppers-online.ch\/it\/prodotto\/mister-b-lube-lubrificante-a-base-dacqua-250-ml\/","title":{"rendered":"Mister B LUBE lubrificante a base d&#8217;acqua 250 ml"},"content":{"rendered":"","protected":false},"excerpt":{"rendered":"<p><strong>Con Mister B LUBE, lubrificante a base d&#8217;acqua da 250 ml<\/strong>, avrete il vostro denaro. Questo lubrificante a base d&#8217;acqua ha una sensazione vellutata, non \u00e8 appiccicoso e ora \u00e8 ancora pi\u00f9 duraturo perch\u00e9 abbiamo recentemente migliorato la nostra formula. LUBE \u00e8 prodotto in Germania in condizioni talmente buone da non necessitare di conservanti e il gel pu\u00f2 essere utilizzato fino a 4 anni dopo la produzione. \u00c8 un dato di fatto e crediamo che LUBE abbia il miglior rapporto qualit\u00e0-prezzo tra tutti i lubrificanti a base d&#8217;acqua.<\/p>\n<p>\u00c8 possibile combinare Mister B LUBE con tutto ci\u00f2 che si desidera. \u00c8 stato sottoposto a vari test dermatologici secondo gli standard tedeschi ed \u00e8 quindi ideale per le scopate. I lubrificanti a base d&#8217;acqua sono generalmente gli unici che non aggrediscono i giocattoli, soprattutto se sono in silicone.<br \/>\nMister B LUBE \u00e8 atossico e insapore. \u00c8 sicuro per i preservativi in quanto privo di oli e grassi. Il nostro LUBE \u00e8 cos\u00ec buono che potrebbe facilmente ottenere la certificazione CE come lubrificante medico in Germania.<\/p>\n<p>Un altro vantaggio pratico \u00e8 che LUBE pu\u00f2 essere lavato rapidamente e facilmente senza lasciare macchie sulle lenzuola. Non \u00e8 necessario risciacquare dieci volte con il sapone come si fa con i prodotti a base di silicone. L&#8217;acqua calda \u00e8 sufficiente. Anche se si rovescia il lubrificante sul pavimento, non \u00e8 un disastro.<\/p>\n<p>Mister B LUBE si presenta come un flacone con coperchio a cerniera che si pu\u00f2 aprire anche con le mani scivolose, nei formati da 30 ml, 100 ml e 250 ml.<br \/>\nL&#8217;unica cosa che posso dire sul suo utilizzo \u00e8: usatelo! Se fa male, probabilmente il giocattolo o il cazzo sono troppo grandi. Se fa molto male, vi consigliamo di smettere.<\/p>\n<p><strong>Ingredienti:<\/strong> Aqua (acqua), glicerina, glicole propilenico, acetato di tocoferile, copolimero acrilato di sodio \/ acrilildimetil taurato di sodio, isoesadecano, idrossietilcellulosa, polisorbato 80, fenossietanolo, etilesilglicerina.<\/p>\n","protected":false},"featured_media":85482,"comment_status":"closed","ping_status":"closed","template":"","meta":{"_acf_changed":false,"iawp_total_views":3,"_glsr_average":0,"_glsr_ranking":0,"_glsr_reviews":0},"product_brand":[],"product_cat":[2068,168],"product_tag":[],"class_list":{"0":"post-85489","1":"product","2":"type-product","3":"status-publish","4":"has-post-thumbnail","6":"product_cat-lubrificanti","7":"product_cat-farmacia","9":"first","10":"instock","11":"taxable","12":"shipping-taxable","13":"purchasable","14":"product-type-simple"},"acf":[],"_links":{"self":[{"href":"https:\/\/poppers-online.ch\/it\/wp-json\/wp\/v2\/product\/85489","targetHints":{"allow":["GET"]}}],"collection":[{"href":"https:\/\/poppers-online.ch\/it\/wp-json\/wp\/v2\/product"}],"about":[{"href":"https:\/\/poppers-online.ch\/it\/wp-json\/wp\/v2\/types\/product"}],"replies":[{"embeddable":true,"href":"https:\/\/poppers-online.ch\/it\/wp-json\/wp\/v2\/comments?post=85489"}],"wp:featuredmedia":[{"embeddable":true,"href":"https:\/\/poppers-online.ch\/it\/wp-json\/wp\/v2\/media\/85482"}],"wp:attachment":[{"href":"https:\/\/poppers-online.ch\/it\/wp-json\/wp\/v2\/media?parent=85489"}],"wp:term":[{"taxonomy":"product_brand","embeddable":true,"href":"https:\/\/poppers-online.ch\/it\/wp-json\/wp\/v2\/product_brand?post=85489"},{"taxonomy":"product_cat","embeddable":true,"href":"https:\/\/poppers-online.ch\/it\/wp-json\/wp\/v2\/product_cat?post=85489"},{"taxonomy":"product_tag","embeddable":true,"href":"https:\/\/poppers-online.ch\/it\/wp-json\/wp\/v2\/product_tag?post=85489"}],"curies":[{"name":"wp","href":"https:\/\/api.w.org\/{rel}","templated":true}]}}