{"id":85439,"date":"2024-01-29T17:37:20","date_gmt":"2024-01-29T16:37:20","guid":{"rendered":"https:\/\/poppers-online.ch\/produkt\/mister-b-glide-extreme-lubrificante-100-ml\/"},"modified":"2024-01-29T17:39:04","modified_gmt":"2024-01-29T16:39:04","slug":"mister-b-glide-extreme-lubrificante-100-ml","status":"publish","type":"product","link":"https:\/\/poppers-online.ch\/it\/prodotto\/mister-b-glide-extreme-lubrificante-100-ml\/","title":{"rendered":"Mister B GLIDE Extreme Lubrificante 100 ml"},"content":{"rendered":"","protected":false},"excerpt":{"rendered":"<p><strong>Estremamente lubrificante, estremamente intenso.<\/p>\n<p><\/strong>Mister B GLIDE Extreme Lubricant 100 ml \u00e8 un lubrificante a base di silicone di Mister B che ha un effetto rilassante e desensibilizzante. Rispetto alle versioni classiche di Mr B, \u00e8 stato miscelato con laureth-9, un estratto di chiodi di garofano. Glide Extreme offre una sensazione di scorrimento molto migliore e pu\u00f2 anche ritardare l&#8217;eiaculazione grazie alle sue propriet\u00e0 di riduzione della sensibilit\u00e0.<\/p>\n<ul>\n<li>A base di silicone<\/li>\n<li>Pu\u00f2 essere utilizzato con i preservativi<\/li>\n<li>Non deve essere utilizzato con giocattoli in silicone<\/li>\n<li>Liscio come la seta, mai appiccicoso<\/li>\n<li>Extra resistente, ma non si secca<\/li>\n<li>Senza olio e grasso<\/li>\n<li>Non \u00e8 testato sugli animali e non contiene derivati animali<\/li>\n<li>Agitare bene prima dell&#8217;uso!<\/li>\n<li>Contenuto: 100 ml<\/li>\n<\/ul>\n","protected":false},"featured_media":85435,"comment_status":"closed","ping_status":"closed","template":"","meta":{"_acf_changed":false,"iawp_total_views":0,"_glsr_average":0,"_glsr_ranking":0,"_glsr_reviews":0},"product_brand":[],"product_cat":[2068,168],"product_tag":[],"class_list":{"0":"post-85439","1":"product","2":"type-product","3":"status-publish","4":"has-post-thumbnail","6":"product_cat-lubrificanti","7":"product_cat-farmacia","9":"first","10":"instock","11":"taxable","12":"shipping-taxable","13":"purchasable","14":"product-type-simple"},"acf":[],"_links":{"self":[{"href":"https:\/\/poppers-online.ch\/it\/wp-json\/wp\/v2\/product\/85439","targetHints":{"allow":["GET"]}}],"collection":[{"href":"https:\/\/poppers-online.ch\/it\/wp-json\/wp\/v2\/product"}],"about":[{"href":"https:\/\/poppers-online.ch\/it\/wp-json\/wp\/v2\/types\/product"}],"replies":[{"embeddable":true,"href":"https:\/\/poppers-online.ch\/it\/wp-json\/wp\/v2\/comments?post=85439"}],"wp:featuredmedia":[{"embeddable":true,"href":"https:\/\/poppers-online.ch\/it\/wp-json\/wp\/v2\/media\/85435"}],"wp:attachment":[{"href":"https:\/\/poppers-online.ch\/it\/wp-json\/wp\/v2\/media?parent=85439"}],"wp:term":[{"taxonomy":"product_brand","embeddable":true,"href":"https:\/\/poppers-online.ch\/it\/wp-json\/wp\/v2\/product_brand?post=85439"},{"taxonomy":"product_cat","embeddable":true,"href":"https:\/\/poppers-online.ch\/it\/wp-json\/wp\/v2\/product_cat?post=85439"},{"taxonomy":"product_tag","embeddable":true,"href":"https:\/\/poppers-online.ch\/it\/wp-json\/wp\/v2\/product_tag?post=85439"}],"curies":[{"name":"wp","href":"https:\/\/api.w.org\/{rel}","templated":true}]}}