{"id":85404,"date":"2024-01-29T16:33:09","date_gmt":"2024-01-29T15:33:09","guid":{"rendered":"https:\/\/poppers-online.ch\/produkt\/mister-b-fist-extreme-lube-lubrificante-flacone-a-pompa-200-ml\/"},"modified":"2024-01-29T16:56:22","modified_gmt":"2024-01-29T15:56:22","slug":"mister-b-fist-extreme-lube-lubrificante-flacone-a-pompa-200-ml","status":"publish","type":"product","link":"https:\/\/poppers-online.ch\/it\/prodotto\/mister-b-fist-extreme-lube-lubrificante-flacone-a-pompa-200-ml\/","title":{"rendered":"Mister B FIST Extreme Lube lubrificante flacone a pompa 200 ml"},"content":{"rendered":"","protected":false},"excerpt":{"rendered":"<p><strong>A lunga durata per un fisting arrapante!<\/strong><\/p>\n<p>Mister B FIST Extreme Lube, lubrificante a pompa da 200 ml, rilassa, ritarda e riduce la sensibilit\u00e0. Questo rende possibile una penetrazione anale dura ma indolore. \u00c8 prodotto come un ibrido ed \u00e8 estremamente resistente e morbido come la seta.<\/p>\n<ul>\n<li>Ibrido (silicone e acqua)<\/li>\n<li>Senza test sugli animali<\/li>\n<li>Non appiccicoso<\/li>\n<li>Compatibile con i preservativi<\/li>\n<li>Morbido come la seta<\/li>\n<li>Senza olio e grasso<\/li>\n<li>Contenuto: 200ml<\/li>\n<\/ul>\n","protected":false},"featured_media":85395,"comment_status":"closed","ping_status":"closed","template":"","meta":{"_acf_changed":false,"iawp_total_views":2,"_glsr_average":0,"_glsr_ranking":0,"_glsr_reviews":0},"product_brand":[],"product_cat":[2068,168],"product_tag":[],"class_list":{"0":"post-85404","1":"product","2":"type-product","3":"status-publish","4":"has-post-thumbnail","6":"product_cat-lubrificanti","7":"product_cat-farmacia","9":"first","10":"instock","11":"taxable","12":"shipping-taxable","13":"purchasable","14":"product-type-simple"},"acf":[],"_links":{"self":[{"href":"https:\/\/poppers-online.ch\/it\/wp-json\/wp\/v2\/product\/85404","targetHints":{"allow":["GET"]}}],"collection":[{"href":"https:\/\/poppers-online.ch\/it\/wp-json\/wp\/v2\/product"}],"about":[{"href":"https:\/\/poppers-online.ch\/it\/wp-json\/wp\/v2\/types\/product"}],"replies":[{"embeddable":true,"href":"https:\/\/poppers-online.ch\/it\/wp-json\/wp\/v2\/comments?post=85404"}],"wp:featuredmedia":[{"embeddable":true,"href":"https:\/\/poppers-online.ch\/it\/wp-json\/wp\/v2\/media\/85395"}],"wp:attachment":[{"href":"https:\/\/poppers-online.ch\/it\/wp-json\/wp\/v2\/media?parent=85404"}],"wp:term":[{"taxonomy":"product_brand","embeddable":true,"href":"https:\/\/poppers-online.ch\/it\/wp-json\/wp\/v2\/product_brand?post=85404"},{"taxonomy":"product_cat","embeddable":true,"href":"https:\/\/poppers-online.ch\/it\/wp-json\/wp\/v2\/product_cat?post=85404"},{"taxonomy":"product_tag","embeddable":true,"href":"https:\/\/poppers-online.ch\/it\/wp-json\/wp\/v2\/product_tag?post=85404"}],"curies":[{"name":"wp","href":"https:\/\/api.w.org\/{rel}","templated":true}]}}