{"id":85386,"date":"2024-01-29T16:21:26","date_gmt":"2024-01-29T15:25:29","guid":{"rendered":"https:\/\/poppers-online.ch\/produkt\/giocattoli-hankeys-hungerff-dildo-anale\/"},"modified":"2024-01-29T16:25:29","modified_gmt":"2024-01-29T15:25:29","slug":"giocattoli-hankeys-hungerff-dildo-anale","status":"publish","type":"product","link":"https:\/\/poppers-online.ch\/it\/prodotto\/giocattoli-hankeys-hungerff-dildo-anale\/","title":{"rendered":"Giocattoli Hankey&#8217;s HUNGERFF Dildo anale"},"content":{"rendered":"","protected":false},"excerpt":{"rendered":"<p><span style=\"font-weight: 400;\">Il dildo HungerFF \u00e8 la creazione pi\u00f9 estrema e la prima del suo genere al mondo e l&#8217;HungerFF \u00e8 un oggetto da collezione garantito. \u00c8 la replica assolutamente realistica dell&#8217;incredibile prolasso di HungerFF, con tutto il pensiero e il design per cui Hankey&#8217;s Toys \u00e8 nota. Sappiamo che ci sono molti maiali affamati che vorrebbero essere farciti con il famoso prolasso di HungerFF. Rugoso con dettagli pronunciati delle venature.<\/span><\/p>\n<p><span style=\"font-weight: 400;\">Hankey&#8217;s Toys produce dildo molto realistici con dimensioni sproporzionate per il piacere illimitato di amatori ed esperti. Molte modelle sono l&#8217;immagine di un attore porno molto ben dotato e di dimensioni straordinarie. Tutti i giocattoli Hankey sono realizzati a mano con silicone di alta qualit\u00e0 polimerizzato al platino. I dildo del marchio di culto Hankey&#8217;s Toys sono massicci, pesanti e incredibilmente grandi allo stesso tempo. Per noi, i pi\u00f9 grandi dildo anali del mondo fino ad ora!<\/span><\/p>\n<p><b>FELPA &#8211; S<br \/>\n<\/b><span style=\"font-weight: 400;\">Circonferenza alla testa: 18,0 cm<br \/>\n<\/span><span style=\"font-weight: 400;\">Circonferenza al centro: 17,7 cm<br \/>\n<\/span><span style=\"font-weight: 400;\">Circonferenza alla base: 19,3 cm<br \/>\n<\/span><span style=\"font-weight: 400;\">Lunghezza totale: 20 cm<br \/>\n<\/span><span style=\"font-weight: 400;\">Lunghezza inseribile: 15,4 cm<br \/>\n<\/span><span style=\"font-weight: 400;\">Misura dell&#8217;anello del cinturino: 6,3 cm<\/span><\/p>\n<p><b>FELPA &#8211; M<br \/>\n<\/b><span style=\"font-weight: 400;\">Circonferenza in testa: 21,3 cm<br \/>\n<\/span><span style=\"font-weight: 400;\">Circonferenza al centro: 20,5 cm<br \/>\n<\/span><span style=\"font-weight: 400;\">Circonferenza alla base: 25,1cm<br \/>\n<\/span><span style=\"font-weight: 400;\">Lunghezza totale: 23 cm<br \/>\n<\/span><span style=\"font-weight: 400;\">Lunghezza inseribile: 18,2 cm<br \/>\n<\/span><span style=\"font-weight: 400;\">Misura dell&#8217;anello del cinturino: 7,6 cm<\/span><\/p>\n<p><b>FUGGIRE &#8211; L<br \/>\n<\/b><span style=\"font-weight: 400;\">Circonferenza della testa: 23,8 cm<br \/>\n<\/span><span style=\"font-weight: 400;\">Circonferenza al centro: 23,5 cm<br \/>\n<\/span><span style=\"font-weight: 400;\">Circonferenza alla base: 25,4 cm<br \/>\n<\/span><span style=\"font-weight: 400;\">Lunghezza totale: 26,0 cm<br \/>\n<\/span><span style=\"font-weight: 400;\">Lunghezza inseribile: 18,7 cm<br \/>\n<\/span><span style=\"font-weight: 400;\">Misura dell&#8217;anello del cinturino: &#8211;<br \/>\n<\/span><\/p>\n<p><b>FELPA &#8211; XXL<br \/>\n<\/b><span style=\"font-weight: 400;\">Circonferenza alla testa: 27,3 cm<br \/>\n<\/span><span style=\"font-weight: 400;\">Circonferenza al centro: 26,6 cm<br \/>\n<\/span><span style=\"font-weight: 400;\">Circonferenza alla base: 28,5 cm<br \/>\n<\/span><span style=\"font-weight: 400;\">Lunghezza totale: 28 cm<br \/>\n<\/span><span style=\"font-weight: 400;\">Lunghezza inseribile: 23,5 cm<br \/>\n<\/span><span style=\"font-weight: 400;\">Misura dell&#8217;anello del cinturino: &#8211;<\/span><\/p>\n<p>&nbsp;<\/p>\n","protected":false},"featured_media":85355,"comment_status":"closed","ping_status":"closed","template":"","meta":{"_acf_changed":false,"iawp_total_views":3,"_glsr_average":0,"_glsr_ranking":0,"_glsr_reviews":0},"product_brand":[],"product_cat":[2086,172],"product_tag":[1942],"class_list":{"0":"post-85386","1":"product","2":"type-product","3":"status-publish","4":"has-post-thumbnail","6":"product_cat-anal-play","7":"product_cat-sex-toys","8":"product_tag-giocattoli-hankeys-hungerff-dildo-anale","10":"first","11":"instock","12":"sale","13":"taxable","14":"shipping-taxable","15":"purchasable","16":"product-type-variable","17":"has-default-attributes"},"acf":[],"_links":{"self":[{"href":"https:\/\/poppers-online.ch\/it\/wp-json\/wp\/v2\/product\/85386","targetHints":{"allow":["GET"]}}],"collection":[{"href":"https:\/\/poppers-online.ch\/it\/wp-json\/wp\/v2\/product"}],"about":[{"href":"https:\/\/poppers-online.ch\/it\/wp-json\/wp\/v2\/types\/product"}],"replies":[{"embeddable":true,"href":"https:\/\/poppers-online.ch\/it\/wp-json\/wp\/v2\/comments?post=85386"}],"wp:featuredmedia":[{"embeddable":true,"href":"https:\/\/poppers-online.ch\/it\/wp-json\/wp\/v2\/media\/85355"}],"wp:attachment":[{"href":"https:\/\/poppers-online.ch\/it\/wp-json\/wp\/v2\/media?parent=85386"}],"wp:term":[{"taxonomy":"product_brand","embeddable":true,"href":"https:\/\/poppers-online.ch\/it\/wp-json\/wp\/v2\/product_brand?post=85386"},{"taxonomy":"product_cat","embeddable":true,"href":"https:\/\/poppers-online.ch\/it\/wp-json\/wp\/v2\/product_cat?post=85386"},{"taxonomy":"product_tag","embeddable":true,"href":"https:\/\/poppers-online.ch\/it\/wp-json\/wp\/v2\/product_tag?post=85386"}],"curies":[{"name":"wp","href":"https:\/\/api.w.org\/{rel}","templated":true}]}}