{"id":85297,"date":"2024-01-29T13:58:56","date_gmt":"2024-01-29T13:41:46","guid":{"rendered":"https:\/\/poppers-online.ch\/produkt\/mister-b-fist-lube-lubrificante-bottiglia-a-pompa-200-ml\/"},"modified":"2024-01-29T15:01:07","modified_gmt":"2024-01-29T14:01:07","slug":"mister-b-fist-lube-lubrificante-bottiglia-a-pompa-200-ml","status":"publish","type":"product","link":"https:\/\/poppers-online.ch\/it\/prodotto\/mister-b-fist-lube-lubrificante-bottiglia-a-pompa-200-ml\/","title":{"rendered":"Mister B FIST Lube lubrificante bottiglia a pompa 200 ml"},"content":{"rendered":"","protected":false},"excerpt":{"rendered":"<p>Mister B FIST Lube pump bottle 200 ml \u00e8 un lubrificante ibrido ideale per le sessioni pi\u00f9 lunghe e per i toys pi\u00f9 grandi. \u00c8 sicuro per i preservativi, morbido come la seta, non appiccicoso, di lunga durata, non tossico, insapore, senza profumo, ipoallergenico e senza olio. Non \u00e8 stato testato sugli animali e non contiene prodotti di origine animale.<\/p>\n<p><strong>Ingredienti:<\/strong> Aqua (acqua), glicerina, glicole propilenico, acrilato di sodio\/acrilildimetil taurato, dimeticonolo, isoesadecano, polisorbato 80, idrossietilcellulosa, fenossietanolo, etilesilglicerina.<\/p>\n","protected":false},"featured_media":85280,"comment_status":"closed","ping_status":"closed","template":"","meta":{"_acf_changed":false,"iawp_total_views":1,"_glsr_average":0,"_glsr_ranking":0,"_glsr_reviews":0},"product_brand":[],"product_cat":[2068,168],"product_tag":[1938],"class_list":{"0":"post-85297","1":"product","2":"type-product","3":"status-publish","4":"has-post-thumbnail","6":"product_cat-lubrificanti","7":"product_cat-farmacia","8":"product_tag-mister-b-fist-lube-lubrificante-bottiglia-a-pompa-200-ml","10":"first","11":"instock","12":"taxable","13":"shipping-taxable","14":"purchasable","15":"product-type-simple"},"acf":[],"_links":{"self":[{"href":"https:\/\/poppers-online.ch\/it\/wp-json\/wp\/v2\/product\/85297","targetHints":{"allow":["GET"]}}],"collection":[{"href":"https:\/\/poppers-online.ch\/it\/wp-json\/wp\/v2\/product"}],"about":[{"href":"https:\/\/poppers-online.ch\/it\/wp-json\/wp\/v2\/types\/product"}],"replies":[{"embeddable":true,"href":"https:\/\/poppers-online.ch\/it\/wp-json\/wp\/v2\/comments?post=85297"}],"wp:featuredmedia":[{"embeddable":true,"href":"https:\/\/poppers-online.ch\/it\/wp-json\/wp\/v2\/media\/85280"}],"wp:attachment":[{"href":"https:\/\/poppers-online.ch\/it\/wp-json\/wp\/v2\/media?parent=85297"}],"wp:term":[{"taxonomy":"product_brand","embeddable":true,"href":"https:\/\/poppers-online.ch\/it\/wp-json\/wp\/v2\/product_brand?post=85297"},{"taxonomy":"product_cat","embeddable":true,"href":"https:\/\/poppers-online.ch\/it\/wp-json\/wp\/v2\/product_cat?post=85297"},{"taxonomy":"product_tag","embeddable":true,"href":"https:\/\/poppers-online.ch\/it\/wp-json\/wp\/v2\/product_tag?post=85297"}],"curies":[{"name":"wp","href":"https:\/\/api.w.org\/{rel}","templated":true}]}}