{"id":8373,"date":"2021-12-27T16:53:29","date_gmt":"2021-12-27T15:53:29","guid":{"rendered":"https:\/\/poppers-online.ch\/?post_type=product&#038;p=8373"},"modified":"2024-10-16T00:50:28","modified_gmt":"2024-10-15T22:50:28","slug":"preservativi-day-night-xl-confezione-da-100","status":"publish","type":"product","link":"https:\/\/poppers-online.ch\/it\/prodotto\/preservativi-day-night-xl-confezione-da-100\/","title":{"rendered":"Preservativi Day &#038; Night XL confezione da 100"},"content":{"rendered":"<p>I preservativi Day &amp; Night sono preservativi professionali di altissima qualit\u00e0. I preservativi Day &amp; Night sono leggermente pi\u00f9 grandi dei preservativi normali e non hanno un odore sgradevole di lattice. Il serbatoio \u00e8 lubrificato con un lubrificante siliconico non spermicida. I preservativi Day &amp; Night sono forniti in unit\u00e0 di 100. In questo modo compri meno imballaggi possibili e quello che ti serve. preservativi.<\/p>\n","protected":false},"excerpt":{"rendered":"<p>Preservativi Day &amp; Night XL confezione da 100 sono preservativi professionali di altissima qualit\u00e0. I preservativi Day &amp; Night sono leggermente pi\u00f9 grandi dei preservativi normali e non hanno un odore sgradevole di lattice. Il serbatoio \u00e8 lubrificato con un lubrificante siliconico non spermicida. preservativi Day &amp; Night sono forniti in unit\u00e0 di 100. In questo modo compri meno imballaggi possibili e quello che ti serve. preservativi.<\/p>\n","protected":false},"featured_media":9387,"comment_status":"open","ping_status":"closed","template":"","meta":{"_acf_changed":false,"iawp_total_views":1,"_glsr_average":0,"_glsr_ranking":0,"_glsr_reviews":0},"product_brand":[],"product_cat":[2074,168],"product_tag":[],"class_list":{"0":"post-8373","1":"product","2":"type-product","3":"status-publish","4":"has-post-thumbnail","6":"product_cat-preservativi","7":"product_cat-farmacia","9":"first","10":"instock","11":"sale","12":"taxable","13":"shipping-taxable","14":"purchasable","15":"product-type-simple"},"acf":[],"_links":{"self":[{"href":"https:\/\/poppers-online.ch\/it\/wp-json\/wp\/v2\/product\/8373","targetHints":{"allow":["GET"]}}],"collection":[{"href":"https:\/\/poppers-online.ch\/it\/wp-json\/wp\/v2\/product"}],"about":[{"href":"https:\/\/poppers-online.ch\/it\/wp-json\/wp\/v2\/types\/product"}],"replies":[{"embeddable":true,"href":"https:\/\/poppers-online.ch\/it\/wp-json\/wp\/v2\/comments?post=8373"}],"wp:featuredmedia":[{"embeddable":true,"href":"https:\/\/poppers-online.ch\/it\/wp-json\/wp\/v2\/media\/9387"}],"wp:attachment":[{"href":"https:\/\/poppers-online.ch\/it\/wp-json\/wp\/v2\/media?parent=8373"}],"wp:term":[{"taxonomy":"product_brand","embeddable":true,"href":"https:\/\/poppers-online.ch\/it\/wp-json\/wp\/v2\/product_brand?post=8373"},{"taxonomy":"product_cat","embeddable":true,"href":"https:\/\/poppers-online.ch\/it\/wp-json\/wp\/v2\/product_cat?post=8373"},{"taxonomy":"product_tag","embeddable":true,"href":"https:\/\/poppers-online.ch\/it\/wp-json\/wp\/v2\/product_tag?post=8373"}],"curies":[{"name":"wp","href":"https:\/\/api.w.org\/{rel}","templated":true}]}}