{"id":8370,"date":"2021-12-27T16:45:36","date_gmt":"2022-01-12T08:26:50","guid":{"rendered":"https:\/\/poppers-online.ch\/?post_type=product&#038;p=8370"},"modified":"2024-10-16T00:50:29","modified_gmt":"2024-10-15T22:50:29","slug":"olio-da-massaggio-body-in-balance-neutral-500ml","status":"publish","type":"product","link":"https:\/\/poppers-online.ch\/it\/prodotto\/olio-da-massaggio-body-in-balance-neutral-500ml\/","title":{"rendered":"Olio da massaggio Body in Balance Neutral 500ml"},"content":{"rendered":"<p>L&#8217;olio da massaggio Body in Balance 500ml di Asha International \u00e8 un classico olio da massaggio senza profumo e fragranza. Body in Balance \u00e8 adatto a tutti i tipi di pelle ed \u00e8 particolarmente buono per i massaggi professionali e sportivi. Body in Balance \u00e8 a pH neutro ed \u00e8 disponibile in bottiglie da 200ml e 500ml.<\/p>\n","protected":false},"excerpt":{"rendered":"<p>L&#8217;olio da massaggio Body in Balance Neutral 500ml di Asha International \u00e8 un classico olio da massaggio senza profumo e fragranza. Body in Balance \u00e8 adatto a tutti i tipi di pelle ed \u00e8 particolarmente buono per i massaggi professionali e sportivi. Body in Balance \u00e8 a pH neutro ed \u00e8 disponibile in bottiglie da 200ml e 500ml.<\/p>\n","protected":false},"featured_media":9378,"comment_status":"open","ping_status":"closed","template":"","meta":{"_acf_changed":false,"iawp_total_views":0,"_glsr_average":0,"_glsr_ranking":0,"_glsr_reviews":0},"product_brand":[],"product_cat":[2083,168],"product_tag":[],"class_list":{"0":"post-8370","1":"product","2":"type-product","3":"status-publish","4":"has-post-thumbnail","6":"product_cat-massaggio","7":"product_cat-farmacia","9":"first","10":"instock","11":"taxable","12":"shipping-taxable","13":"purchasable","14":"product-type-simple"},"acf":[],"_links":{"self":[{"href":"https:\/\/poppers-online.ch\/it\/wp-json\/wp\/v2\/product\/8370","targetHints":{"allow":["GET"]}}],"collection":[{"href":"https:\/\/poppers-online.ch\/it\/wp-json\/wp\/v2\/product"}],"about":[{"href":"https:\/\/poppers-online.ch\/it\/wp-json\/wp\/v2\/types\/product"}],"replies":[{"embeddable":true,"href":"https:\/\/poppers-online.ch\/it\/wp-json\/wp\/v2\/comments?post=8370"}],"wp:featuredmedia":[{"embeddable":true,"href":"https:\/\/poppers-online.ch\/it\/wp-json\/wp\/v2\/media\/9378"}],"wp:attachment":[{"href":"https:\/\/poppers-online.ch\/it\/wp-json\/wp\/v2\/media?parent=8370"}],"wp:term":[{"taxonomy":"product_brand","embeddable":true,"href":"https:\/\/poppers-online.ch\/it\/wp-json\/wp\/v2\/product_brand?post=8370"},{"taxonomy":"product_cat","embeddable":true,"href":"https:\/\/poppers-online.ch\/it\/wp-json\/wp\/v2\/product_cat?post=8370"},{"taxonomy":"product_tag","embeddable":true,"href":"https:\/\/poppers-online.ch\/it\/wp-json\/wp\/v2\/product_tag?post=8370"}],"curies":[{"name":"wp","href":"https:\/\/api.w.org\/{rel}","templated":true}]}}